{"id":2554,"date":"2021-02-22T12:25:50","date_gmt":"2021-02-22T10:25:50","guid":{"rendered":"http:\/\/apsaugos.lt\/?product=import-placeholder-for-4345"},"modified":"2021-02-22T12:25:54","modified_gmt":"2021-02-22T10:25:54","slug":"ttd-03-2g","status":"publish","type":"product","link":"https:\/\/apsaugos.lt\/?product=ttd-03-2g","title":{"rendered":"TTD-03.2G"},"content":{"rendered":"<p>Padidinto atsparumo ir patikimumo, gra\u017eaus dizaino, elektromechaniniai, praleidimo greitis iki 30 \u017em.\/min. (galima naudoti, kur reikalinga suskirstyti \u017emoni\u0173 srautus ir atlikti tiksli\u0105 praeinan\u010di\u0173 apskait\u0105, t.y. oro uostai, traukini\u0173 stotys ir peronai, stadionai, pramog\u0173 centrai, koncert\u0173 sal\u0117s, spec. paskirties objektai ir t.t.), tiksli praeinan\u010di\u0173 \u017emoni\u0173 apskaita, nes vienu u\u017etvaro pasukimu gali praeiti tik vienas \u017emogus, pra\u0117jimo u\u017etvaras automati\u0161kai sustoja ir fiksuojamas reikiamoje pozicijoje, u\u017etvaro strypai pagaminti i\u0161 ner\u016bdijan\u010dio plieno ir pasi\u017eymi padidintu tvirtumu, du \u0161viesos diod\u0173 pra\u0117jimo krypties indikatoriai, galimas mechaninis\/elektroninis greitas avarinis i\u0161jungimas, numatyta pajungti pavojaus signalizacij\u0105, kuri fiksuot\u0173 perlipimus per turniket\u0105 (komplektuojama papildomai), galima rinktis \u012fvairius turniketo valdymo b\u016bdus \u2013 rankin\u012f, valdyti i\u0161 pra\u0117jimo kontrol\u0117s sistemos. Komplekt\u0105 sudaro: spintel\u0117 su u\u017etvaros pasukimo mechanizmu, integruotas elektroninis valdymo modulis, rankinis valdymo pultas, spintel\u0117s dangtelis su indikatoriais ir &#8222;rankos&#8221; (trij\u0173 stryp\u0173).<\/p>\n","protected":false},"excerpt":{"rendered":"<p>Padidinto atsparumo ir patikimumo, gra\u017eaus dizaino, elektromechaniniai, praleidimo greitis iki 30 \u017em.\/min. (galima naudoti, kur reikalinga suskirstyti \u017emoni\u0173 srautus ir atlikti tiksli\u0105 praeinan\u010di\u0173 apskait\u0105, t.y. oro uostai, traukini\u0173 stotys ir peronai, stadionai, pramog\u0173 centrai, koncert\u0173 sal\u0117s, spec. paskirties objektai ir t.t.), tiksli praeinan\u010di\u0173 \u017emoni\u0173 apskaita, nes vienu u\u017etvaro pasukimu gali praeiti tik vienas \u017emogus, pra\u0117jimo [&hellip;]<\/p>\n","protected":false},"featured_media":723,"comment_status":"closed","ping_status":"closed","template":"","meta":[],"product_brand":[],"product_cat":[177],"product_tag":[178],"class_list":{"0":"post-2554","1":"product","2":"type-product","3":"status-publish","4":"has-post-thumbnail","6":"product_cat-turniketai","7":"product_tag-perco","9":"first","10":"instock","11":"shipping-taxable","12":"purchasable","13":"product-type-simple"},"jetpack_sharing_enabled":true,"_links":{"self":[{"href":"https:\/\/apsaugos.lt\/index.php?rest_route=\/wp\/v2\/product\/2554","targetHints":{"allow":["GET"]}}],"collection":[{"href":"https:\/\/apsaugos.lt\/index.php?rest_route=\/wp\/v2\/product"}],"about":[{"href":"https:\/\/apsaugos.lt\/index.php?rest_route=\/wp\/v2\/types\/product"}],"replies":[{"embeddable":true,"href":"https:\/\/apsaugos.lt\/index.php?rest_route=%2Fwp%2Fv2%2Fcomments&post=2554"}],"wp:featuredmedia":[{"embeddable":true,"href":"https:\/\/apsaugos.lt\/index.php?rest_route=\/wp\/v2\/media\/723"}],"wp:attachment":[{"href":"https:\/\/apsaugos.lt\/index.php?rest_route=%2Fwp%2Fv2%2Fmedia&parent=2554"}],"wp:term":[{"taxonomy":"product_brand","embeddable":true,"href":"https:\/\/apsaugos.lt\/index.php?rest_route=%2Fwp%2Fv2%2Fproduct_brand&post=2554"},{"taxonomy":"product_cat","embeddable":true,"href":"https:\/\/apsaugos.lt\/index.php?rest_route=%2Fwp%2Fv2%2Fproduct_cat&post=2554"},{"taxonomy":"product_tag","embeddable":true,"href":"https:\/\/apsaugos.lt\/index.php?rest_route=%2Fwp%2Fv2%2Fproduct_tag&post=2554"}],"curies":[{"name":"wp","href":"https:\/\/api.w.org\/{rel}","templated":true}]}}