{"id":2555,"date":"2021-02-22T12:25:55","date_gmt":"2021-02-22T10:25:55","guid":{"rendered":"http:\/\/apsaugos.lt\/?product=import-placeholder-for-4348"},"modified":"2021-02-22T12:25:58","modified_gmt":"2021-02-22T10:25:58","slug":"roger-pr311se-g","status":"publish","type":"product","link":"https:\/\/apsaugos.lt\/?product=roger-pr311se-g","title":{"rendered":"ROGER PR311SE-G"},"content":{"rendered":"<p>Kontroleris atstumini\u0173 korteli\u0173 skaitytuvas su PIN klaviat\u016bra, dirba autonomi\u0161kai ir sistemos tinkle, PR-311SE valdomas autonomi\u0161kai ir kompiuteriu. Trys programuojami NO\/NC \u012f\u0117jimai; Vienas relinis i\u0161\u0117jimas ir du tranzistoriniai i\u0161\u0117jimai. 1000 vartotoj\u0173, lauko s\u0105lygomis IP65, 46x150x23 mm. Kortel\u0117s nuskaitymas &#8211; maks. 12 cm<\/p>\n","protected":false},"excerpt":{"rendered":"<p>Kontroleris atstumini\u0173 korteli\u0173 skaitytuvas su PIN klaviat\u016bra, dirba autonomi\u0161kai ir sistemos tinkle, PR-311SE valdomas autonomi\u0161kai ir kompiuteriu. Trys programuojami NO\/NC \u012f\u0117jimai; Vienas relinis i\u0161\u0117jimas ir du tranzistoriniai i\u0161\u0117jimai. 1000 vartotoj\u0173, lauko s\u0105lygomis IP65, 46x150x23 mm. Kortel\u0117s nuskaitymas &#8211; maks. 12 cm<\/p>\n","protected":false},"featured_media":724,"comment_status":"closed","ping_status":"closed","template":"","meta":[],"product_brand":[],"product_cat":[179],"product_tag":[141],"class_list":{"0":"post-2555","1":"product","2":"type-product","3":"status-publish","4":"has-post-thumbnail","6":"product_cat-roger","7":"product_tag-roger","9":"first","10":"instock","11":"shipping-taxable","12":"purchasable","13":"product-type-simple"},"jetpack_sharing_enabled":true,"_links":{"self":[{"href":"https:\/\/apsaugos.lt\/index.php?rest_route=\/wp\/v2\/product\/2555","targetHints":{"allow":["GET"]}}],"collection":[{"href":"https:\/\/apsaugos.lt\/index.php?rest_route=\/wp\/v2\/product"}],"about":[{"href":"https:\/\/apsaugos.lt\/index.php?rest_route=\/wp\/v2\/types\/product"}],"replies":[{"embeddable":true,"href":"https:\/\/apsaugos.lt\/index.php?rest_route=%2Fwp%2Fv2%2Fcomments&post=2555"}],"wp:featuredmedia":[{"embeddable":true,"href":"https:\/\/apsaugos.lt\/index.php?rest_route=\/wp\/v2\/media\/724"}],"wp:attachment":[{"href":"https:\/\/apsaugos.lt\/index.php?rest_route=%2Fwp%2Fv2%2Fmedia&parent=2555"}],"wp:term":[{"taxonomy":"product_brand","embeddable":true,"href":"https:\/\/apsaugos.lt\/index.php?rest_route=%2Fwp%2Fv2%2Fproduct_brand&post=2555"},{"taxonomy":"product_cat","embeddable":true,"href":"https:\/\/apsaugos.lt\/index.php?rest_route=%2Fwp%2Fv2%2Fproduct_cat&post=2555"},{"taxonomy":"product_tag","embeddable":true,"href":"https:\/\/apsaugos.lt\/index.php?rest_route=%2Fwp%2Fv2%2Fproduct_tag&post=2555"}],"curies":[{"name":"wp","href":"https:\/\/api.w.org\/{rel}","templated":true}]}}