{"id":2560,"date":"2021-02-22T12:25:56","date_gmt":"2021-02-22T10:25:56","guid":{"rendered":"http:\/\/apsaugos.lt\/?product=import-placeholder-for-4359"},"modified":"2021-02-22T12:25:59","modified_gmt":"2021-02-22T10:25:59","slug":"roger-cpr32-se","status":"publish","type":"product","link":"https:\/\/apsaugos.lt\/?product=roger-cpr32-se","title":{"rendered":"ROGER CPR32-SE"},"content":{"rendered":"<ul>\n<li>Vienam pra\u0117jimo kontrol\u0117s tinklui (iki 32 kontroleri\u0173) naudojamas vienas CPR32-SE atminties kontroleris<\/li>\n<li>Realaus laiko laikrodis su akumuliatoriumi<\/li>\n<li>\u012evyki\u0173 buferis (250.000)<\/li>\n<li>Programuojami \u012f\u0117jimai\/i\u0161\u0117jimai<\/li>\n<li>Du 1.5A\/30V reliniai i\u0161\u0117jimai<\/li>\n<li>Du 1.5A\/15V tranzistoriniai i\u0161\u0117jimai<\/li>\n<li>Keturi NO\/NC \u012f\u0117jimai<\/li>\n<li>RS485 s\u0105saja (laisva topologija)<\/li>\n<li>Relinis i\u0161\u0117jimas apsaugos b\u016bsenos signalizavimui<\/li>\n<li>Firmware atnaujinimas<\/li>\n<li>1.5A maitinimo \u0161altinis<\/li>\n<li>18-22 VAC maitinimas<\/li>\n<li>CE \u017eym\u0117<\/li>\n<\/ul>\n","protected":false},"excerpt":{"rendered":"<p>\u012evyki\u0173 atminties kontroleris (plok\u0161t\u0117), 256 000 \u012fvyki\u0173 atmintis, leid\u017eia pajungti iki 32 PR serijos kontroleri\u0173, kabelio atstumas iki kontrolerio max. 1200m., RTC, RS485 s\u0105saja, aliarmo i\u0161\u0117jimas, tamperio \u012f\u0117jimas, apsauga nuo baterijos i\u0161sikrovimo. 0..55 \u00baC<\/p>\n","protected":false},"featured_media":729,"comment_status":"closed","ping_status":"closed","template":"","meta":[],"product_brand":[],"product_cat":[179],"product_tag":[141],"class_list":{"0":"post-2560","1":"product","2":"type-product","3":"status-publish","4":"has-post-thumbnail","6":"product_cat-roger","7":"product_tag-roger","9":"first","10":"instock","11":"shipping-taxable","12":"purchasable","13":"product-type-simple"},"jetpack_sharing_enabled":true,"_links":{"self":[{"href":"https:\/\/apsaugos.lt\/index.php?rest_route=\/wp\/v2\/product\/2560","targetHints":{"allow":["GET"]}}],"collection":[{"href":"https:\/\/apsaugos.lt\/index.php?rest_route=\/wp\/v2\/product"}],"about":[{"href":"https:\/\/apsaugos.lt\/index.php?rest_route=\/wp\/v2\/types\/product"}],"replies":[{"embeddable":true,"href":"https:\/\/apsaugos.lt\/index.php?rest_route=%2Fwp%2Fv2%2Fcomments&post=2560"}],"wp:featuredmedia":[{"embeddable":true,"href":"https:\/\/apsaugos.lt\/index.php?rest_route=\/wp\/v2\/media\/729"}],"wp:attachment":[{"href":"https:\/\/apsaugos.lt\/index.php?rest_route=%2Fwp%2Fv2%2Fmedia&parent=2560"}],"wp:term":[{"taxonomy":"product_brand","embeddable":true,"href":"https:\/\/apsaugos.lt\/index.php?rest_route=%2Fwp%2Fv2%2Fproduct_brand&post=2560"},{"taxonomy":"product_cat","embeddable":true,"href":"https:\/\/apsaugos.lt\/index.php?rest_route=%2Fwp%2Fv2%2Fproduct_cat&post=2560"},{"taxonomy":"product_tag","embeddable":true,"href":"https:\/\/apsaugos.lt\/index.php?rest_route=%2Fwp%2Fv2%2Fproduct_tag&post=2560"}],"curies":[{"name":"wp","href":"https:\/\/api.w.org\/{rel}","templated":true}]}}