{"id":2561,"date":"2021-02-22T12:25:56","date_gmt":"2021-02-22T10:25:56","guid":{"rendered":"http:\/\/apsaugos.lt\/?product=import-placeholder-for-4361"},"modified":"2021-02-22T12:25:59","modified_gmt":"2021-02-22T10:25:59","slug":"roger-prt12lt","status":"publish","type":"product","link":"https:\/\/apsaugos.lt\/?product=roger-prt12lt","title":{"rendered":"ROGER PRT12LT"},"content":{"rendered":"<ul>\n<li>12 VDC maitinimas<\/li>\n<li>EM 125 kortel\u0117s<\/li>\n<li>Programuojamas duomen\u0173 i\u0161\u0117jimo formatas<\/li>\n<li>Formatai: Wiegand 26-66 bits, Magstripe (Clock and data), RACS (Roger) ir kiti<\/li>\n<li>\u012evair\u016bs PIN ir klaviat\u016bros kod\u0173 perdavimo b\u016bdai<\/li>\n<li>LED&#8217;\u0173 ir buzerio kontrol\u0117 skirtingais \u012f\u0117jimais<\/li>\n<li>Skirtas lauko s\u0105lygoms<\/li>\n<li>Tamperis<\/li>\n<li>Rankinis nustatymas<\/li>\n<li>CE \u017eym\u0117<\/li>\n<\/ul>\n","protected":false},"excerpt":{"rendered":"<p>12 VDC maitinimas EM 125 kortel\u0117s Programuojamas duomen\u0173 i\u0161\u0117jimo formatas Formatai: Wiegand 26-66 bits, Magstripe (Clock and data), RACS (Roger) ir kiti \u012evair\u016bs PIN ir klaviat\u016bros kod\u0173 perdavimo b\u016bdai LED&#8217;\u0173 ir buzerio kontrol\u0117 skirtingais \u012f\u0117jimais Skirtas lauko s\u0105lygoms Tamperis Rankinis nustatymas CE \u017eym\u0117<\/p>\n","protected":false},"featured_media":730,"comment_status":"closed","ping_status":"closed","template":"","meta":[],"product_brand":[],"product_cat":[179],"product_tag":[141],"class_list":{"0":"post-2561","1":"product","2":"type-product","3":"status-publish","4":"has-post-thumbnail","6":"product_cat-roger","7":"product_tag-roger","9":"first","10":"instock","11":"shipping-taxable","12":"purchasable","13":"product-type-simple"},"jetpack_sharing_enabled":true,"_links":{"self":[{"href":"https:\/\/apsaugos.lt\/index.php?rest_route=\/wp\/v2\/product\/2561","targetHints":{"allow":["GET"]}}],"collection":[{"href":"https:\/\/apsaugos.lt\/index.php?rest_route=\/wp\/v2\/product"}],"about":[{"href":"https:\/\/apsaugos.lt\/index.php?rest_route=\/wp\/v2\/types\/product"}],"replies":[{"embeddable":true,"href":"https:\/\/apsaugos.lt\/index.php?rest_route=%2Fwp%2Fv2%2Fcomments&post=2561"}],"wp:featuredmedia":[{"embeddable":true,"href":"https:\/\/apsaugos.lt\/index.php?rest_route=\/wp\/v2\/media\/730"}],"wp:attachment":[{"href":"https:\/\/apsaugos.lt\/index.php?rest_route=%2Fwp%2Fv2%2Fmedia&parent=2561"}],"wp:term":[{"taxonomy":"product_brand","embeddable":true,"href":"https:\/\/apsaugos.lt\/index.php?rest_route=%2Fwp%2Fv2%2Fproduct_brand&post=2561"},{"taxonomy":"product_cat","embeddable":true,"href":"https:\/\/apsaugos.lt\/index.php?rest_route=%2Fwp%2Fv2%2Fproduct_cat&post=2561"},{"taxonomy":"product_tag","embeddable":true,"href":"https:\/\/apsaugos.lt\/index.php?rest_route=%2Fwp%2Fv2%2Fproduct_tag&post=2561"}],"curies":[{"name":"wp","href":"https:\/\/api.w.org\/{rel}","templated":true}]}}