{"id":2563,"date":"2021-02-22T12:25:56","date_gmt":"2021-02-22T10:25:56","guid":{"rendered":"http:\/\/apsaugos.lt\/?product=import-placeholder-for-4655"},"modified":"2021-02-22T12:25:59","modified_gmt":"2021-02-22T10:25:59","slug":"gv-as2120-2-duru-valdymo-modulis-poe","status":"publish","type":"product","link":"https:\/\/apsaugos.lt\/?product=gv-as2120-2-duru-valdymo-modulis-poe","title":{"rendered":"GV AS2120, 2 dur\u0173 valdymo modulis (POE+)"},"content":{"rendered":"<table class=\"spec\">\n<tbody>\n<tr>\n<td>CPU<\/td>\n<td>32-bit ARM7TDMI<\/td>\n<\/tr>\n<tr>\n<td>Vartotoj\u0173 korteli\u0173 skai\u010dius<\/td>\n<td>40,000<\/td>\n<\/tr>\n<tr>\n<td>\u012evykiu registras<\/td>\n<td>1,000,000<\/td>\n<\/tr>\n<tr>\n<td>Maitinimas<\/td>\n<td>AC 100~250 V , 50~60Hz<\/td>\n<\/tr>\n<tr>\n<td>Skaitytuv\u0173 s\u0105sajos<\/td>\n<td>4xWiegand + 1xRS-485(skirtas GV-Readers ir GV-GF Fingerprint Readers (max. 8xGV-Readers))<\/td>\n<\/tr>\n<tr>\n<td>Wiegand formatas<\/td>\n<td>26~64 Bit (12V DC power supply, 200mA)<\/td>\n<\/tr>\n<tr>\n<td>Ry\u0161ys<\/td>\n<td>TCP\/IP<\/td>\n<\/tr>\n<tr>\n<td>\u012e\u0117jimai<\/td>\n<td>8<\/td>\n<\/tr>\n<tr>\n<td>I\u0161\u0117jimai<\/td>\n<td>8 (30VDC, 3A; 110V AC ~ 250V AC, 3A)<\/td>\n<\/tr>\n<tr>\n<td>Maitinimas<\/td>\n<td>DC12V, 3A \/ PoE+ (IEEE 802.3at)<\/td>\n<\/tr>\n<tr>\n<td>Darbin\u0117 temperat\u016bra<\/td>\n<td>0 ~ 65 \u00b0C \/ 32 ~ 149 \u00b0F<\/td>\n<\/tr>\n<tr>\n<td>Matmenys<\/td>\n<td>210 x 204 x 46.6 mm<\/td>\n<\/tr>\n<tr>\n<td>Svoris<\/td>\n<td>700 g<\/td>\n<\/tr>\n<\/tbody>\n<\/table>\n","protected":false},"excerpt":{"rendered":"<p>CPU 32-bit ARM7TDMI Vartotoj\u0173 korteli\u0173 skai\u010dius 40,000 \u012evykiu registras 1,000,000 Maitinimas AC 100~250 V , 50~60Hz Skaitytuv\u0173 s\u0105sajos 4xWiegand + 1xRS-485(skirtas GV-Readers ir GV-GF Fingerprint Readers (max. 8xGV-Readers)) Wiegand formatas 26~64 Bit (12V DC power supply, 200mA) Ry\u0161ys TCP\/IP \u012e\u0117jimai 8 I\u0161\u0117jimai 8 (30VDC, 3A; 110V AC ~ 250V AC, 3A) Maitinimas DC12V, 3A \/ [&hellip;]<\/p>\n","protected":false},"featured_media":732,"comment_status":"closed","ping_status":"closed","template":"","meta":[],"product_brand":[],"product_cat":[24],"product_tag":[180],"class_list":{"0":"post-2563","1":"product","2":"type-product","3":"status-publish","4":"has-post-thumbnail","6":"product_cat-kontroleriai","7":"product_tag-geovision","9":"first","10":"instock","11":"shipping-taxable","12":"purchasable","13":"product-type-simple"},"jetpack_sharing_enabled":true,"_links":{"self":[{"href":"https:\/\/apsaugos.lt\/index.php?rest_route=\/wp\/v2\/product\/2563","targetHints":{"allow":["GET"]}}],"collection":[{"href":"https:\/\/apsaugos.lt\/index.php?rest_route=\/wp\/v2\/product"}],"about":[{"href":"https:\/\/apsaugos.lt\/index.php?rest_route=\/wp\/v2\/types\/product"}],"replies":[{"embeddable":true,"href":"https:\/\/apsaugos.lt\/index.php?rest_route=%2Fwp%2Fv2%2Fcomments&post=2563"}],"wp:featuredmedia":[{"embeddable":true,"href":"https:\/\/apsaugos.lt\/index.php?rest_route=\/wp\/v2\/media\/732"}],"wp:attachment":[{"href":"https:\/\/apsaugos.lt\/index.php?rest_route=%2Fwp%2Fv2%2Fmedia&parent=2563"}],"wp:term":[{"taxonomy":"product_brand","embeddable":true,"href":"https:\/\/apsaugos.lt\/index.php?rest_route=%2Fwp%2Fv2%2Fproduct_brand&post=2563"},{"taxonomy":"product_cat","embeddable":true,"href":"https:\/\/apsaugos.lt\/index.php?rest_route=%2Fwp%2Fv2%2Fproduct_cat&post=2563"},{"taxonomy":"product_tag","embeddable":true,"href":"https:\/\/apsaugos.lt\/index.php?rest_route=%2Fwp%2Fv2%2Fproduct_tag&post=2563"}],"curies":[{"name":"wp","href":"https:\/\/api.w.org\/{rel}","templated":true}]}}