{"id":2564,"date":"2021-02-22T12:25:56","date_gmt":"2021-02-22T10:25:56","guid":{"rendered":"http:\/\/apsaugos.lt\/?product=import-placeholder-for-4657"},"modified":"2021-02-22T12:25:59","modified_gmt":"2021-02-22T10:25:59","slug":"v-gf1912-pirstu-antspaudu-skaitytuvas-optinis","status":"publish","type":"product","link":"https:\/\/apsaugos.lt\/?product=v-gf1912-pirstu-antspaudu-skaitytuvas-optinis","title":{"rendered":"V GF1912, Pir\u0161t\u0173 antspaud\u0173 skaitytuvas (optinis)"},"content":{"rendered":"<table class=\"spec\">\n<tbody>\n<tr>\n<td>Ry\u0161io s\u0105saja<\/td>\n<td>Wiegand 26, RS-485, TCP\/IP (LAN)<\/td>\n<\/tr>\n<tr>\n<td>Sensorius<\/td>\n<td>optinis<\/td>\n<\/tr>\n<tr>\n<td>Nuskaitymo plotas<\/td>\n<td>20 x 17 mm<\/td>\n<\/tr>\n<tr>\n<td>Veikimo re\u017eimai<\/td>\n<td>tik pir\u0161to antspaud\u0173 nuskaitymas, kortel\u0117 + pir\u0161to antspaud\u0173 nuskaitymas, tik kortel\u0117<\/td>\n<\/tr>\n<tr>\n<td>Pir\u0161to antspaud\u0173 atmintis<\/td>\n<td>1,900<\/td>\n<\/tr>\n<tr>\n<td>Korteli\u0173 palaikymas<\/td>\n<td>ISO14443A MIFARE DESFire, MIFARE Plus and MIFARE Classic, 13.56 MHz<\/td>\n<\/tr>\n<tr>\n<td>I\u0161\u0117jimas<\/td>\n<td>DC 24V, 2.5A<\/td>\n<\/tr>\n<tr>\n<td>Maitinimas<\/td>\n<td>DC 7.5V~12V, Max 250mA<\/td>\n<\/tr>\n<tr>\n<td>Darbin\u0117 temperat\u016bra<\/td>\n<td>0~50\u00b0 C<\/td>\n<\/tr>\n<tr>\n<td>Matmenys<\/td>\n<td>130 x 54 x 38 mm<\/td>\n<\/tr>\n<\/tbody>\n<\/table>\n","protected":false},"excerpt":{"rendered":"<p>Ry\u0161io s\u0105saja Wiegand 26, RS-485, TCP\/IP (LAN) Sensorius optinis Nuskaitymo plotas 20 x 17 mm Veikimo re\u017eimai tik pir\u0161to antspaud\u0173 nuskaitymas, kortel\u0117 + pir\u0161to antspaud\u0173 nuskaitymas, tik kortel\u0117 Pir\u0161to antspaud\u0173 atmintis 1,900 Korteli\u0173 palaikymas ISO14443A MIFARE DESFire, MIFARE Plus and MIFARE Classic, 13.56 MHz I\u0161\u0117jimas DC 24V, 2.5A Maitinimas DC 7.5V~12V, Max 250mA Darbin\u0117 temperat\u016bra [&hellip;]<\/p>\n","protected":false},"featured_media":733,"comment_status":"closed","ping_status":"closed","template":"","meta":[],"product_brand":[],"product_cat":[21],"product_tag":[180],"class_list":{"0":"post-2564","1":"product","2":"type-product","3":"status-publish","4":"has-post-thumbnail","6":"product_cat-pirstu-antspaudu-veido-skaitytuvai","7":"product_tag-geovision","9":"first","10":"instock","11":"shipping-taxable","12":"purchasable","13":"product-type-simple"},"jetpack_sharing_enabled":true,"_links":{"self":[{"href":"https:\/\/apsaugos.lt\/index.php?rest_route=\/wp\/v2\/product\/2564","targetHints":{"allow":["GET"]}}],"collection":[{"href":"https:\/\/apsaugos.lt\/index.php?rest_route=\/wp\/v2\/product"}],"about":[{"href":"https:\/\/apsaugos.lt\/index.php?rest_route=\/wp\/v2\/types\/product"}],"replies":[{"embeddable":true,"href":"https:\/\/apsaugos.lt\/index.php?rest_route=%2Fwp%2Fv2%2Fcomments&post=2564"}],"wp:featuredmedia":[{"embeddable":true,"href":"https:\/\/apsaugos.lt\/index.php?rest_route=\/wp\/v2\/media\/733"}],"wp:attachment":[{"href":"https:\/\/apsaugos.lt\/index.php?rest_route=%2Fwp%2Fv2%2Fmedia&parent=2564"}],"wp:term":[{"taxonomy":"product_brand","embeddable":true,"href":"https:\/\/apsaugos.lt\/index.php?rest_route=%2Fwp%2Fv2%2Fproduct_brand&post=2564"},{"taxonomy":"product_cat","embeddable":true,"href":"https:\/\/apsaugos.lt\/index.php?rest_route=%2Fwp%2Fv2%2Fproduct_cat&post=2564"},{"taxonomy":"product_tag","embeddable":true,"href":"https:\/\/apsaugos.lt\/index.php?rest_route=%2Fwp%2Fv2%2Fproduct_tag&post=2564"}],"curies":[{"name":"wp","href":"https:\/\/api.w.org\/{rel}","templated":true}]}}