{"id":2565,"date":"2021-02-22T12:25:56","date_gmt":"2021-02-22T10:25:56","guid":{"rendered":"http:\/\/apsaugos.lt\/?product=import-placeholder-for-4659"},"modified":"2021-02-22T12:26:00","modified_gmt":"2021-02-22T10:26:00","slug":"gv-fr2020-veido-atpazinimo-skaitytuvas","status":"publish","type":"product","link":"https:\/\/apsaugos.lt\/?product=gv-fr2020-veido-atpazinimo-skaitytuvas","title":{"rendered":"GV FR2020, Veido atpa\u017einimo skaitytuvas"},"content":{"rendered":"<table class=\"spec\">\n<tbody>\n<tr>\n<td>LCD Ekranas<\/td>\n<td>2.4&#8243; TFT spalvotas, 320 x 240 px<\/td>\n<\/tr>\n<tr>\n<td>Ap\u0161vietimas<\/td>\n<td>0?50000 lux<\/td>\n<\/tr>\n<tr>\n<td>Atpa\u017einimo Atstumas<\/td>\n<td>Iki 80 cm<\/td>\n<\/tr>\n<tr>\n<td>S\u0105saja<\/td>\n<td>TCP\/IP<\/td>\n<\/tr>\n<tr>\n<td>Darbo Re\u017eimai<\/td>\n<td>Veido atpa\u017einimas, Kortel\u0117 + kodas (kodas tik autonominiame re\u017eime)<\/td>\n<\/tr>\n<tr>\n<td>Balso Prane\u0161imai<\/td>\n<td>16?bit Hi?Fi<\/td>\n<\/tr>\n<tr>\n<td>RFID Skaitytuvas<\/td>\n<td>13.56 MHz, 26?bit Wiegand<\/td>\n<\/tr>\n<tr>\n<td>Veid\u0173 Atmintis<\/td>\n<td>2,000 (veido atpa\u017einimo re\u017eimas)<\/td>\n<\/tr>\n<tr>\n<td>Autonominis Re\u017eimas<\/td>\n<td>Taip (veido atpa\u017einimas, kortel\u0117, kodas)<\/td>\n<\/tr>\n<tr>\n<td>Darbin\u0117 Temperat\u016bra<\/td>\n<td>0 ~ 40C<\/td>\n<\/tr>\n<tr>\n<td>Maitinimas<\/td>\n<td>12V DC, 2A (autonominis re\u017eimas) \/ PoE+ (IEEE 802.3at)<\/td>\n<\/tr>\n<tr>\n<td>Skaitmeninis I\/O<\/td>\n<td>1 relin\u0117 i\u0161vestis (30V DC, 3A) (autonominis re\u017eimas)<\/td>\n<\/tr>\n<\/tbody>\n<\/table>\n","protected":false},"excerpt":{"rendered":"<p>LCD Ekranas 2.4&#8243; TFT spalvotas, 320 x 240 px Ap\u0161vietimas 0?50000 lux Atpa\u017einimo Atstumas Iki 80 cm S\u0105saja TCP\/IP Darbo Re\u017eimai Veido atpa\u017einimas, Kortel\u0117 + kodas (kodas tik autonominiame re\u017eime) Balso Prane\u0161imai 16?bit Hi?Fi RFID Skaitytuvas 13.56 MHz, 26?bit Wiegand Veid\u0173 Atmintis 2,000 (veido atpa\u017einimo re\u017eimas) Autonominis Re\u017eimas Taip (veido atpa\u017einimas, kortel\u0117, kodas) Darbin\u0117 Temperat\u016bra [&hellip;]<\/p>\n","protected":false},"featured_media":0,"comment_status":"closed","ping_status":"closed","template":"","meta":[],"product_brand":[],"product_cat":[21],"product_tag":[180],"class_list":{"0":"post-2565","1":"product","2":"type-product","3":"status-publish","5":"product_cat-pirstu-antspaudu-veido-skaitytuvai","6":"product_tag-geovision","8":"first","9":"instock","10":"shipping-taxable","11":"purchasable","12":"product-type-simple"},"jetpack_sharing_enabled":true,"_links":{"self":[{"href":"https:\/\/apsaugos.lt\/index.php?rest_route=\/wp\/v2\/product\/2565","targetHints":{"allow":["GET"]}}],"collection":[{"href":"https:\/\/apsaugos.lt\/index.php?rest_route=\/wp\/v2\/product"}],"about":[{"href":"https:\/\/apsaugos.lt\/index.php?rest_route=\/wp\/v2\/types\/product"}],"replies":[{"embeddable":true,"href":"https:\/\/apsaugos.lt\/index.php?rest_route=%2Fwp%2Fv2%2Fcomments&post=2565"}],"wp:attachment":[{"href":"https:\/\/apsaugos.lt\/index.php?rest_route=%2Fwp%2Fv2%2Fmedia&parent=2565"}],"wp:term":[{"taxonomy":"product_brand","embeddable":true,"href":"https:\/\/apsaugos.lt\/index.php?rest_route=%2Fwp%2Fv2%2Fproduct_brand&post=2565"},{"taxonomy":"product_cat","embeddable":true,"href":"https:\/\/apsaugos.lt\/index.php?rest_route=%2Fwp%2Fv2%2Fproduct_cat&post=2565"},{"taxonomy":"product_tag","embeddable":true,"href":"https:\/\/apsaugos.lt\/index.php?rest_route=%2Fwp%2Fv2%2Fproduct_tag&post=2565"}],"curies":[{"name":"wp","href":"https:\/\/api.w.org\/{rel}","templated":true}]}}