{"id":2569,"date":"2021-02-22T12:25:57","date_gmt":"2021-02-22T10:25:57","guid":{"rendered":"http:\/\/apsaugos.lt\/?product=import-placeholder-for-4666"},"modified":"2021-02-22T12:26:00","modified_gmt":"2021-02-22T10:26:00","slug":"gv-r1352-skaitytuvas-1356mhz","status":"publish","type":"product","link":"https:\/\/apsaugos.lt\/?product=gv-r1352-skaitytuvas-1356mhz","title":{"rendered":"GV R1352, Skaitytuvas 13,56MHz"},"content":{"rendered":"<table class=\"spec\">\n<tbody>\n<tr>\n<td>CPU<\/td>\n<td>8 bit microprocessor<\/td>\n<\/tr>\n<tr>\n<td>Da\u017enis<\/td>\n<td>13,56MHz<\/td>\n<\/tr>\n<tr>\n<td>Wiegand s\u0105saja<\/td>\n<td>Wiegand 26 &#8211; 40 bit<\/td>\n<\/tr>\n<tr>\n<td>Maitinimas<\/td>\n<td>DC 7.5~12V<\/td>\n<\/tr>\n<tr>\n<td>RS 485<\/td>\n<td>9,600 bps, galima pajungti iki 8 GV-skaitytuv\u0173<\/td>\n<\/tr>\n<tr>\n<td>Darbin\u0117 temperat\u016bra<\/td>\n<td>-20\u00b0C ~ + 65\u00b0C<\/td>\n<\/tr>\n<\/tbody>\n<\/table>\n","protected":false},"excerpt":{"rendered":"<p>CPU 8 bit microprocessor Da\u017enis 13,56MHz Wiegand s\u0105saja Wiegand 26 &#8211; 40 bit Maitinimas DC 7.5~12V RS 485 9,600 bps, galima pajungti iki 8 GV-skaitytuv\u0173 Darbin\u0117 temperat\u016bra -20\u00b0C ~ + 65\u00b0C<\/p>\n","protected":false},"featured_media":737,"comment_status":"closed","ping_status":"closed","template":"","meta":[],"product_brand":[],"product_cat":[25],"product_tag":[180],"class_list":{"0":"post-2569","1":"product","2":"type-product","3":"status-publish","4":"has-post-thumbnail","6":"product_cat-korteliu-skaitytuvai","7":"product_tag-geovision","9":"first","10":"instock","11":"shipping-taxable","12":"product-type-simple"},"jetpack_sharing_enabled":true,"_links":{"self":[{"href":"https:\/\/apsaugos.lt\/index.php?rest_route=\/wp\/v2\/product\/2569","targetHints":{"allow":["GET"]}}],"collection":[{"href":"https:\/\/apsaugos.lt\/index.php?rest_route=\/wp\/v2\/product"}],"about":[{"href":"https:\/\/apsaugos.lt\/index.php?rest_route=\/wp\/v2\/types\/product"}],"replies":[{"embeddable":true,"href":"https:\/\/apsaugos.lt\/index.php?rest_route=%2Fwp%2Fv2%2Fcomments&post=2569"}],"wp:featuredmedia":[{"embeddable":true,"href":"https:\/\/apsaugos.lt\/index.php?rest_route=\/wp\/v2\/media\/737"}],"wp:attachment":[{"href":"https:\/\/apsaugos.lt\/index.php?rest_route=%2Fwp%2Fv2%2Fmedia&parent=2569"}],"wp:term":[{"taxonomy":"product_brand","embeddable":true,"href":"https:\/\/apsaugos.lt\/index.php?rest_route=%2Fwp%2Fv2%2Fproduct_brand&post=2569"},{"taxonomy":"product_cat","embeddable":true,"href":"https:\/\/apsaugos.lt\/index.php?rest_route=%2Fwp%2Fv2%2Fproduct_cat&post=2569"},{"taxonomy":"product_tag","embeddable":true,"href":"https:\/\/apsaugos.lt\/index.php?rest_route=%2Fwp%2Fv2%2Fproduct_tag&post=2569"}],"curies":[{"name":"wp","href":"https:\/\/api.w.org\/{rel}","templated":true}]}}