{"id":2576,"date":"2021-02-22T12:25:57","date_gmt":"2021-02-22T10:25:57","guid":{"rendered":"http:\/\/apsaugos.lt\/?product=import-placeholder-for-4677"},"modified":"2021-02-22T12:26:01","modified_gmt":"2021-02-22T10:26:01","slug":"gekko-3l-adresinis-3-kilpu-gaisro-aliarmo-pultas","status":"publish","type":"product","link":"https:\/\/apsaugos.lt\/?product=gekko-3l-adresinis-3-kilpu-gaisro-aliarmo-pultas","title":{"rendered":"GEKKO 3L, Adresinis 3 kilp\u0173 gaisro aliarmo pultas"},"content":{"rendered":"<table class=\"spec\">\n<tbody>\n<tr>\n<td>Kilp\u0173 skai\u010dius<\/td>\n<td>3 kilpos &#8211; Max 150 mA kiekvienai kilpai<\/td>\n<\/tr>\n<tr>\n<td>Kartotuv\u0173 prijungimas<\/td>\n<td>RS422, Fibre-Optic arba TCP\/IP<\/td>\n<\/tr>\n<tr>\n<td>\u012erengini\u0173 skai\u010dius kilpoje<\/td>\n<td>250<\/td>\n<\/tr>\n<tr>\n<td>Siren\u0173 skai\u010dius kilpoje<\/td>\n<td>32<\/td>\n<\/tr>\n<tr>\n<td>Maitinimo \u012frtampa<\/td>\n<td>90V AC iki 220V AC @ 65 W<\/td>\n<\/tr>\n<tr>\n<td>Maitinimo \u0161altinis<\/td>\n<td>28.5V DC @ 2.3 A (Max.)<\/td>\n<\/tr>\n<tr>\n<td>Akumuliatoriai<\/td>\n<td>2 x 12 V 7 AH<\/td>\n<\/tr>\n<tr>\n<td>Suvartojama srov\u0117 (be \u012frengini\u0173)<\/td>\n<td>65 mA (4 kilpos)<\/td>\n<\/tr>\n<tr>\n<td>I\u0161ves\u010di\u0173 maksimali srov\u0117<\/td>\n<td>28V DC 300 mA<\/td>\n<\/tr>\n<tr>\n<td>Konvencini\u0173 siren\u0173 skai\u010dius<\/td>\n<td>2 &#8211; 500 mA Max.<\/td>\n<\/tr>\n<tr>\n<td>Relin\u0117s gaisro i\u0161vestys<\/td>\n<td>2, 2A @ 30V DC \/ 0.5A @ 120V AC \/ 0.25A @ 240V AC<\/td>\n<\/tr>\n<tr>\n<td>Relin\u0117 gedimo i\u0161vestis<\/td>\n<td>1, 2A @ 30V DC \/ 0.5A @ 120V AC \/ 0.25A @ 240V AC<\/td>\n<\/tr>\n<tr>\n<td>Darbin\u0117 temperat\u016bra<\/td>\n<td>-10C to 50C<\/td>\n<\/tr>\n<tr>\n<td>Santykin\u0117 dr\u0117gm\u0117<\/td>\n<td>Max. 85% RH<\/td>\n<\/tr>\n<tr>\n<td>Atsparumas<\/td>\n<td>Pavir\u0161ius IP30, Korpusas IP65<\/td>\n<\/tr>\n<tr>\n<td>Matmenys<\/td>\n<td>273 (W) x 404 (H) x 107 (D) mm<\/td>\n<\/tr>\n<tr>\n<td>Svoris<\/td>\n<td>1.6 Kg &#8211; 7 Kg<\/td>\n<\/tr>\n<tr>\n<td>Spalva<\/td>\n<td>Balta<\/td>\n<\/tr>\n<\/tbody>\n<\/table>\n","protected":false},"excerpt":{"rendered":"<p>Kilp\u0173 skai\u010dius 3 kilpos &#8211; Max 150 mA kiekvienai kilpai Kartotuv\u0173 prijungimas RS422, Fibre-Optic arba TCP\/IP \u012erengini\u0173 skai\u010dius kilpoje 250 Siren\u0173 skai\u010dius kilpoje 32 Maitinimo \u012frtampa 90V AC iki 220V AC @ 65 W Maitinimo \u0161altinis 28.5V DC @ 2.3 A (Max.) Akumuliatoriai 2 x 12 V 7 AH Suvartojama srov\u0117 (be \u012frengini\u0173) 65 mA [&hellip;]<\/p>\n","protected":false},"featured_media":769,"comment_status":"closed","ping_status":"closed","template":"","meta":[],"product_brand":[],"product_cat":[182],"product_tag":[183],"class_list":{"0":"post-2576","1":"product","2":"type-product","3":"status-publish","4":"has-post-thumbnail","6":"product_cat-adresines-priesgaisrines-centrales","7":"product_tag-juno-net","9":"first","10":"instock","11":"shipping-taxable","12":"purchasable","13":"product-type-simple"},"jetpack_sharing_enabled":true,"_links":{"self":[{"href":"https:\/\/apsaugos.lt\/index.php?rest_route=\/wp\/v2\/product\/2576","targetHints":{"allow":["GET"]}}],"collection":[{"href":"https:\/\/apsaugos.lt\/index.php?rest_route=\/wp\/v2\/product"}],"about":[{"href":"https:\/\/apsaugos.lt\/index.php?rest_route=\/wp\/v2\/types\/product"}],"replies":[{"embeddable":true,"href":"https:\/\/apsaugos.lt\/index.php?rest_route=%2Fwp%2Fv2%2Fcomments&post=2576"}],"wp:featuredmedia":[{"embeddable":true,"href":"https:\/\/apsaugos.lt\/index.php?rest_route=\/wp\/v2\/media\/769"}],"wp:attachment":[{"href":"https:\/\/apsaugos.lt\/index.php?rest_route=%2Fwp%2Fv2%2Fmedia&parent=2576"}],"wp:term":[{"taxonomy":"product_brand","embeddable":true,"href":"https:\/\/apsaugos.lt\/index.php?rest_route=%2Fwp%2Fv2%2Fproduct_brand&post=2576"},{"taxonomy":"product_cat","embeddable":true,"href":"https:\/\/apsaugos.lt\/index.php?rest_route=%2Fwp%2Fv2%2Fproduct_cat&post=2576"},{"taxonomy":"product_tag","embeddable":true,"href":"https:\/\/apsaugos.lt\/index.php?rest_route=%2Fwp%2Fv2%2Fproduct_tag&post=2576"}],"curies":[{"name":"wp","href":"https:\/\/api.w.org\/{rel}","templated":true}]}}