{"id":2578,"date":"2021-02-22T12:25:57","date_gmt":"2021-02-22T10:25:57","guid":{"rendered":"http:\/\/apsaugos.lt\/?product=import-placeholder-for-4679"},"modified":"2021-02-22T12:26:02","modified_gmt":"2021-02-22T10:26:02","slug":"j-net-rep-kartotuvas-j-net-centralems","status":"publish","type":"product","link":"https:\/\/apsaugos.lt\/?product=j-net-rep-kartotuvas-j-net-centralems","title":{"rendered":"J NET REP, Kartotuvas J NET central\u0117ms"},"content":{"rendered":"<table class=\"spec\">\n<tbody>\n<tr>\n<td>Paskirtis<\/td>\n<td>Kartojimo modulis J NET central\u0117ms su galimyb\u0117 integruoti maitinimo \u0161altini ir akumuliatorius<\/td>\n<\/tr>\n<tr>\n<td>Komplektacija<\/td>\n<td>Be maitinimo \u0161altinio ir ry\u0161io s\u0105sajos &#8211; u\u017esakomos atskirai<\/td>\n<\/tr>\n<tr>\n<td>Kilpos<\/td>\n<td>gali b\u016bti prijungta iki 3 kilp\u0173<\/td>\n<\/tr>\n<tr>\n<td>Siren\u0173 grandin\u0117s<\/td>\n<td>2<\/td>\n<\/tr>\n<tr>\n<td>Pajungimas<\/td>\n<td>reikalinga INT RS485 arba INT TCP\/IP, arba INT FO s\u0105saja sujungimui su J-NET central\u0117<\/td>\n<\/tr>\n<\/tbody>\n<\/table>\n","protected":false},"excerpt":{"rendered":"<p>Paskirtis Kartojimo modulis J NET central\u0117ms su galimyb\u0117 integruoti maitinimo \u0161altini ir akumuliatorius Komplektacija Be maitinimo \u0161altinio ir ry\u0161io s\u0105sajos &#8211; u\u017esakomos atskirai Kilpos gali b\u016bti prijungta iki 3 kilp\u0173 Siren\u0173 grandin\u0117s 2 Pajungimas reikalinga INT RS485 arba INT TCP\/IP, arba INT FO s\u0105saja sujungimui su J-NET central\u0117<\/p>\n","protected":false},"featured_media":738,"comment_status":"closed","ping_status":"closed","template":"","meta":[],"product_brand":[],"product_cat":[182],"product_tag":[183],"class_list":{"0":"post-2578","1":"product","2":"type-product","3":"status-publish","4":"has-post-thumbnail","6":"product_cat-adresines-priesgaisrines-centrales","7":"product_tag-juno-net","9":"first","10":"instock","11":"shipping-taxable","12":"purchasable","13":"product-type-simple"},"jetpack_sharing_enabled":true,"_links":{"self":[{"href":"https:\/\/apsaugos.lt\/index.php?rest_route=\/wp\/v2\/product\/2578","targetHints":{"allow":["GET"]}}],"collection":[{"href":"https:\/\/apsaugos.lt\/index.php?rest_route=\/wp\/v2\/product"}],"about":[{"href":"https:\/\/apsaugos.lt\/index.php?rest_route=\/wp\/v2\/types\/product"}],"replies":[{"embeddable":true,"href":"https:\/\/apsaugos.lt\/index.php?rest_route=%2Fwp%2Fv2%2Fcomments&post=2578"}],"wp:featuredmedia":[{"embeddable":true,"href":"https:\/\/apsaugos.lt\/index.php?rest_route=\/wp\/v2\/media\/738"}],"wp:attachment":[{"href":"https:\/\/apsaugos.lt\/index.php?rest_route=%2Fwp%2Fv2%2Fmedia&parent=2578"}],"wp:term":[{"taxonomy":"product_brand","embeddable":true,"href":"https:\/\/apsaugos.lt\/index.php?rest_route=%2Fwp%2Fv2%2Fproduct_brand&post=2578"},{"taxonomy":"product_cat","embeddable":true,"href":"https:\/\/apsaugos.lt\/index.php?rest_route=%2Fwp%2Fv2%2Fproduct_cat&post=2578"},{"taxonomy":"product_tag","embeddable":true,"href":"https:\/\/apsaugos.lt\/index.php?rest_route=%2Fwp%2Fv2%2Fproduct_tag&post=2578"}],"curies":[{"name":"wp","href":"https:\/\/api.w.org\/{rel}","templated":true}]}}