{"id":2579,"date":"2021-02-22T12:25:57","date_gmt":"2021-02-22T10:25:57","guid":{"rendered":"http:\/\/apsaugos.lt\/?product=import-placeholder-for-4680"},"modified":"2021-02-22T12:26:02","modified_gmt":"2021-02-22T10:26:02","slug":"gfe-zeos-ad-h-analoginis-adresuojamas-temperaturinis-detektorius-baze","status":"publish","type":"product","link":"https:\/\/apsaugos.lt\/?product=gfe-zeos-ad-h-analoginis-adresuojamas-temperaturinis-detektorius-baze","title":{"rendered":"GFE ZEOS AD H, analoginis adresuojamas temperat\u016brinis detektorius, baz\u0117"},"content":{"rendered":"<table class=\"spec\">\n<tbody>\n<tr>\n<td>Tipas<\/td>\n<td>adresuojamas temperat\u016bros jutiklis<\/td>\n<\/tr>\n<tr>\n<td>Maitinimas<\/td>\n<td>i\u0161 kilpos 17-30V DC<\/td>\n<\/tr>\n<tr>\n<td>Jungimas<\/td>\n<td>\u012f kilp\u0105, 2 laid\u0173 ir gnybtas nuotoliniam LED indikatoriui. Baz\u0117 turi gnybt\u0105 ekranavimo laido pajungimui.<\/td>\n<\/tr>\n<tr>\n<td>\u0160viesos indikacija<\/td>\n<td>2 LED<\/td>\n<\/tr>\n<tr>\n<td>Adresacija<\/td>\n<td>mikrojungikliais<\/td>\n<\/tr>\n<tr>\n<td>Darbin\u0117 srov\u0117<\/td>\n<td>bud\u0117jimo metu (stand by) 450\u00b5A, maksimali (alairmo metu) 4mA<\/td>\n<\/tr>\n<tr>\n<td>Darbin\u0117s aplinkos temperat\u016bra<\/td>\n<td>-10\u00b0C &#8211; +50\u00b0C<\/td>\n<\/tr>\n<tr>\n<td>Korpuso apsauga<\/td>\n<td>IP43<\/td>\n<\/tr>\n<\/tbody>\n<\/table>\n","protected":false},"excerpt":{"rendered":"<p>Tipas adresuojamas temperat\u016bros jutiklis Maitinimas i\u0161 kilpos 17-30V DC Jungimas \u012f kilp\u0105, 2 laid\u0173 ir gnybtas nuotoliniam LED indikatoriui. Baz\u0117 turi gnybt\u0105 ekranavimo laido pajungimui. \u0160viesos indikacija 2 LED Adresacija mikrojungikliais Darbin\u0117 srov\u0117 bud\u0117jimo metu (stand by) 450\u00b5A, maksimali (alairmo metu) 4mA Darbin\u0117s aplinkos temperat\u016bra -10\u00b0C &#8211; +50\u00b0C Korpuso apsauga IP43<\/p>\n","protected":false},"featured_media":770,"comment_status":"closed","ping_status":"closed","template":"","meta":[],"product_brand":[],"product_cat":[184],"product_tag":[],"class_list":{"0":"post-2579","1":"product","2":"type-product","3":"status-publish","4":"has-post-thumbnail","6":"product_cat-adresiniai-jutikliai","8":"first","9":"instock","10":"shipping-taxable","11":"purchasable","12":"product-type-simple"},"jetpack_sharing_enabled":true,"_links":{"self":[{"href":"https:\/\/apsaugos.lt\/index.php?rest_route=\/wp\/v2\/product\/2579","targetHints":{"allow":["GET"]}}],"collection":[{"href":"https:\/\/apsaugos.lt\/index.php?rest_route=\/wp\/v2\/product"}],"about":[{"href":"https:\/\/apsaugos.lt\/index.php?rest_route=\/wp\/v2\/types\/product"}],"replies":[{"embeddable":true,"href":"https:\/\/apsaugos.lt\/index.php?rest_route=%2Fwp%2Fv2%2Fcomments&post=2579"}],"wp:featuredmedia":[{"embeddable":true,"href":"https:\/\/apsaugos.lt\/index.php?rest_route=\/wp\/v2\/media\/770"}],"wp:attachment":[{"href":"https:\/\/apsaugos.lt\/index.php?rest_route=%2Fwp%2Fv2%2Fmedia&parent=2579"}],"wp:term":[{"taxonomy":"product_brand","embeddable":true,"href":"https:\/\/apsaugos.lt\/index.php?rest_route=%2Fwp%2Fv2%2Fproduct_brand&post=2579"},{"taxonomy":"product_cat","embeddable":true,"href":"https:\/\/apsaugos.lt\/index.php?rest_route=%2Fwp%2Fv2%2Fproduct_cat&post=2579"},{"taxonomy":"product_tag","embeddable":true,"href":"https:\/\/apsaugos.lt\/index.php?rest_route=%2Fwp%2Fv2%2Fproduct_tag&post=2579"}],"curies":[{"name":"wp","href":"https:\/\/api.w.org\/{rel}","templated":true}]}}