{"id":2581,"date":"2021-02-22T12:25:58","date_gmt":"2021-02-22T10:25:58","guid":{"rendered":"http:\/\/apsaugos.lt\/?product=import-placeholder-for-4683"},"modified":"2021-02-22T12:26:02","modified_gmt":"2021-02-22T10:26:02","slug":"nb-358d-s-analoginis-adresinis-dumu-detektorius-baze","status":"publish","type":"product","link":"https:\/\/apsaugos.lt\/?product=nb-358d-s-analoginis-adresinis-dumu-detektorius-baze","title":{"rendered":"NB 358D S, Analoginis adresinis d\u016bm\u0173 detektorius, baz\u0117"},"content":{"rendered":"<table class=\"spec\">\n<tbody>\n<tr>\n<td>Tipas<\/td>\n<td>adresinis d\u016bminis<\/td>\n<\/tr>\n<tr>\n<td>I\u0161orinis LED<\/td>\n<td>NE<\/td>\n<\/tr>\n<tr>\n<td>Jungimas<\/td>\n<td>2 laid\u0173<\/td>\n<\/tr>\n<tr>\n<td>Maitinimas<\/td>\n<td>17-28V DC<\/td>\n<\/tr>\n<tr>\n<td>Adresacija<\/td>\n<td>mikrojungikliais<\/td>\n<\/tr>\n<tr>\n<td>Darbin\u0117 srov\u0117<\/td>\n<td>370\u00b5A<\/td>\n<\/tr>\n<tr>\n<td>Darbin\u0117 temperat\u016bra<\/td>\n<td>-10\u00b0C &#8211; +50\u00b0C<\/td>\n<\/tr>\n<tr>\n<td>Korpuso apsauga<\/td>\n<td>IP43<\/td>\n<\/tr>\n<\/tbody>\n<\/table>\n","protected":false},"excerpt":{"rendered":"<p>Tipas adresinis d\u016bminis I\u0161orinis LED NE Jungimas 2 laid\u0173 Maitinimas 17-28V DC Adresacija mikrojungikliais Darbin\u0117 srov\u0117 370\u00b5A Darbin\u0117 temperat\u016bra -10\u00b0C &#8211; +50\u00b0C Korpuso apsauga IP43<\/p>\n","protected":false},"featured_media":772,"comment_status":"closed","ping_status":"closed","template":"","meta":[],"product_brand":[],"product_cat":[184],"product_tag":[],"class_list":{"0":"post-2581","1":"product","2":"type-product","3":"status-publish","4":"has-post-thumbnail","6":"product_cat-adresiniai-jutikliai","8":"first","9":"instock","10":"shipping-taxable","11":"purchasable","12":"product-type-simple"},"jetpack_sharing_enabled":true,"_links":{"self":[{"href":"https:\/\/apsaugos.lt\/index.php?rest_route=\/wp\/v2\/product\/2581","targetHints":{"allow":["GET"]}}],"collection":[{"href":"https:\/\/apsaugos.lt\/index.php?rest_route=\/wp\/v2\/product"}],"about":[{"href":"https:\/\/apsaugos.lt\/index.php?rest_route=\/wp\/v2\/types\/product"}],"replies":[{"embeddable":true,"href":"https:\/\/apsaugos.lt\/index.php?rest_route=%2Fwp%2Fv2%2Fcomments&post=2581"}],"wp:featuredmedia":[{"embeddable":true,"href":"https:\/\/apsaugos.lt\/index.php?rest_route=\/wp\/v2\/media\/772"}],"wp:attachment":[{"href":"https:\/\/apsaugos.lt\/index.php?rest_route=%2Fwp%2Fv2%2Fmedia&parent=2581"}],"wp:term":[{"taxonomy":"product_brand","embeddable":true,"href":"https:\/\/apsaugos.lt\/index.php?rest_route=%2Fwp%2Fv2%2Fproduct_brand&post=2581"},{"taxonomy":"product_cat","embeddable":true,"href":"https:\/\/apsaugos.lt\/index.php?rest_route=%2Fwp%2Fv2%2Fproduct_cat&post=2581"},{"taxonomy":"product_tag","embeddable":true,"href":"https:\/\/apsaugos.lt\/index.php?rest_route=%2Fwp%2Fv2%2Fproduct_tag&post=2581"}],"curies":[{"name":"wp","href":"https:\/\/api.w.org\/{rel}","templated":true}]}}