{"id":2583,"date":"2021-02-22T12:25:58","date_gmt":"2021-02-22T10:25:58","guid":{"rendered":"http:\/\/apsaugos.lt\/?product=import-placeholder-for-4686"},"modified":"2021-02-22T12:26:02","modified_gmt":"2021-02-22T10:26:02","slug":"nb-358d-h-led-analoginis-adresuojamas-silumos-detektorius-led","status":"publish","type":"product","link":"https:\/\/apsaugos.lt\/?product=nb-358d-h-led-analoginis-adresuojamas-silumos-detektorius-led","title":{"rendered":"NB 358D H LED, Analoginis adresuojamas \u0161ilumos detektorius, LED"},"content":{"rendered":"<table class=\"spec\">\n<tbody>\n<tr>\n<td>Tipas<\/td>\n<td>analoginis adresuojamas<\/td>\n<\/tr>\n<tr>\n<td>I\u0161orinis LED<\/td>\n<td>turi pajungimo kontaktus<\/td>\n<\/tr>\n<tr>\n<td>Jungimas<\/td>\n<td>\u012f kilp\u0105 2 kontaktai ir 2 kontaktai LED nuotoliniam indikatoriui<\/td>\n<\/tr>\n<tr>\n<td>Maitinimas<\/td>\n<td>17-28V DC<\/td>\n<\/tr>\n<tr>\n<td>Adresacija<\/td>\n<td>mikrojungikliais<\/td>\n<\/tr>\n<tr>\n<td>Srov\u0117 suveikus<\/td>\n<td>maks. 5mA<\/td>\n<\/tr>\n<tr>\n<td>Darbin\u0117 temperat\u016bra<\/td>\n<td>-10\u00b0C &#8211; +50\u00b0C<\/td>\n<\/tr>\n<tr>\n<td>Korpuso apsauga<\/td>\n<td>IP43<\/td>\n<\/tr>\n<\/tbody>\n<\/table>\n","protected":false},"excerpt":{"rendered":"<p>Tipas analoginis adresuojamas I\u0161orinis LED turi pajungimo kontaktus Jungimas \u012f kilp\u0105 2 kontaktai ir 2 kontaktai LED nuotoliniam indikatoriui Maitinimas 17-28V DC Adresacija mikrojungikliais Srov\u0117 suveikus maks. 5mA Darbin\u0117 temperat\u016bra -10\u00b0C &#8211; +50\u00b0C Korpuso apsauga IP43<\/p>\n","protected":false},"featured_media":772,"comment_status":"closed","ping_status":"closed","template":"","meta":[],"product_brand":[],"product_cat":[184],"product_tag":[],"class_list":{"0":"post-2583","1":"product","2":"type-product","3":"status-publish","4":"has-post-thumbnail","6":"product_cat-adresiniai-jutikliai","8":"first","9":"instock","10":"shipping-taxable","11":"purchasable","12":"product-type-simple"},"jetpack_sharing_enabled":true,"_links":{"self":[{"href":"https:\/\/apsaugos.lt\/index.php?rest_route=\/wp\/v2\/product\/2583","targetHints":{"allow":["GET"]}}],"collection":[{"href":"https:\/\/apsaugos.lt\/index.php?rest_route=\/wp\/v2\/product"}],"about":[{"href":"https:\/\/apsaugos.lt\/index.php?rest_route=\/wp\/v2\/types\/product"}],"replies":[{"embeddable":true,"href":"https:\/\/apsaugos.lt\/index.php?rest_route=%2Fwp%2Fv2%2Fcomments&post=2583"}],"wp:featuredmedia":[{"embeddable":true,"href":"https:\/\/apsaugos.lt\/index.php?rest_route=\/wp\/v2\/media\/772"}],"wp:attachment":[{"href":"https:\/\/apsaugos.lt\/index.php?rest_route=%2Fwp%2Fv2%2Fmedia&parent=2583"}],"wp:term":[{"taxonomy":"product_brand","embeddable":true,"href":"https:\/\/apsaugos.lt\/index.php?rest_route=%2Fwp%2Fv2%2Fproduct_brand&post=2583"},{"taxonomy":"product_cat","embeddable":true,"href":"https:\/\/apsaugos.lt\/index.php?rest_route=%2Fwp%2Fv2%2Fproduct_cat&post=2583"},{"taxonomy":"product_tag","embeddable":true,"href":"https:\/\/apsaugos.lt\/index.php?rest_route=%2Fwp%2Fv2%2Fproduct_tag&post=2583"}],"curies":[{"name":"wp","href":"https:\/\/api.w.org\/{rel}","templated":true}]}}