{"id":2584,"date":"2021-02-22T12:25:58","date_gmt":"2021-02-22T10:25:58","guid":{"rendered":"http:\/\/apsaugos.lt\/?product=import-placeholder-for-4687"},"modified":"2021-02-22T12:26:03","modified_gmt":"2021-02-22T10:26:03","slug":"nb-760-2-baze-su-izoliatoriumi","status":"publish","type":"product","link":"https:\/\/apsaugos.lt\/?product=nb-760-2-baze-su-izoliatoriumi","title":{"rendered":"NB 760 2, Baze su izoliatoriumi"},"content":{"rendered":"<table class=\"spec\">\n<tbody>\n<tr>\n<td>Paskirtis<\/td>\n<td>Skirta pakeisti adresini\u0173 detektori\u0173 NB 358D S ir NB 358D H bazes, kai reikia steb\u0117ti ir izolioti trump\u0105 sujungim\u0105 J-NET ir JUNIOR kilpose. Pakei\u010dia \u012fprastus kilpos izoliatorius AD-ISO, kurie privalo b\u016bti kas 32 \u012frenginius kilpoje ir tarp auk\u0161t\u0173. Naudojant baz\u0119 su izoliatoriumi vietoj atskiro izoliatoriaus, palengv\u0117ja instaliatoriaus darbas ir suma\u017e\u0117ja sujungim\u0173 kiekis kilpoje, tai padidina sistemos stabilum\u0105.<\/td>\n<\/tr>\n<tr>\n<td>Maitinimo \u012ftampa<\/td>\n<td>17V \u2013 28V DC, pikas 37V DC<\/td>\n<\/tr>\n<tr>\n<td>Srov\u0117 bud\u0117jimo re\u017eime<\/td>\n<td>30\u00b5A<\/td>\n<\/tr>\n<tr>\n<td>Nutek\u0117jimo srov\u0117 (izoliavimo metu)<\/td>\n<td>2.0 mA<\/td>\n<\/tr>\n<tr>\n<td>Maksimali srov\u0117 (kilpoje) IS<\/td>\n<td>1A, pikas 3A<\/td>\n<\/tr>\n<tr>\n<td>Ribojama \u012ftampa VCO<\/td>\n<td>12V ~ 14V<\/td>\n<\/tr>\n<tr>\n<td>Maksimali var\u017ea normalioje b\u016bs\u0117nuoje ZC<\/td>\n<td>0,2 ohm<\/td>\n<\/tr>\n<tr>\n<td>Atstatoma \u012ftampa VOC<\/td>\n<td>14V ~ 16V<\/td>\n<\/tr>\n<\/tbody>\n<\/table>\n","protected":false},"excerpt":{"rendered":"<p>Paskirtis Skirta pakeisti adresini\u0173 detektori\u0173 NB 358D S ir NB 358D H bazes, kai reikia steb\u0117ti ir izolioti trump\u0105 sujungim\u0105 J-NET ir JUNIOR kilpose. Pakei\u010dia \u012fprastus kilpos izoliatorius AD-ISO, kurie privalo b\u016bti kas 32 \u012frenginius kilpoje ir tarp auk\u0161t\u0173. Naudojant baz\u0119 su izoliatoriumi vietoj atskiro izoliatoriaus, palengv\u0117ja instaliatoriaus darbas ir suma\u017e\u0117ja sujungim\u0173 kiekis kilpoje, tai [&hellip;]<\/p>\n","protected":false},"featured_media":773,"comment_status":"closed","ping_status":"closed","template":"","meta":[],"product_brand":[],"product_cat":[184],"product_tag":[],"class_list":{"0":"post-2584","1":"product","2":"type-product","3":"status-publish","4":"has-post-thumbnail","6":"product_cat-adresiniai-jutikliai","8":"first","9":"instock","10":"shipping-taxable","11":"purchasable","12":"product-type-simple"},"jetpack_sharing_enabled":true,"_links":{"self":[{"href":"https:\/\/apsaugos.lt\/index.php?rest_route=\/wp\/v2\/product\/2584","targetHints":{"allow":["GET"]}}],"collection":[{"href":"https:\/\/apsaugos.lt\/index.php?rest_route=\/wp\/v2\/product"}],"about":[{"href":"https:\/\/apsaugos.lt\/index.php?rest_route=\/wp\/v2\/types\/product"}],"replies":[{"embeddable":true,"href":"https:\/\/apsaugos.lt\/index.php?rest_route=%2Fwp%2Fv2%2Fcomments&post=2584"}],"wp:featuredmedia":[{"embeddable":true,"href":"https:\/\/apsaugos.lt\/index.php?rest_route=\/wp\/v2\/media\/773"}],"wp:attachment":[{"href":"https:\/\/apsaugos.lt\/index.php?rest_route=%2Fwp%2Fv2%2Fmedia&parent=2584"}],"wp:term":[{"taxonomy":"product_brand","embeddable":true,"href":"https:\/\/apsaugos.lt\/index.php?rest_route=%2Fwp%2Fv2%2Fproduct_brand&post=2584"},{"taxonomy":"product_cat","embeddable":true,"href":"https:\/\/apsaugos.lt\/index.php?rest_route=%2Fwp%2Fv2%2Fproduct_cat&post=2584"},{"taxonomy":"product_tag","embeddable":true,"href":"https:\/\/apsaugos.lt\/index.php?rest_route=%2Fwp%2Fv2%2Fproduct_tag&post=2584"}],"curies":[{"name":"wp","href":"https:\/\/api.w.org\/{rel}","templated":true}]}}