{"id":2586,"date":"2021-02-22T12:26:04","date_gmt":"2021-02-22T10:26:04","guid":{"rendered":"http:\/\/apsaugos.lt\/?product=import-placeholder-for-4692"},"modified":"2021-02-22T12:26:06","modified_gmt":"2021-02-22T10:26:06","slug":"mcpe-a-adresuojamas-pavojaus-mygtukasnb-765","status":"publish","type":"product","link":"https:\/\/apsaugos.lt\/?product=mcpe-a-adresuojamas-pavojaus-mygtukasnb-765","title":{"rendered":"MCPE A, Adresuojamas pavojaus mygtukas(NB 765)"},"content":{"rendered":"<table class=\"spec\">\n<tbody>\n<tr>\n<td>Apra\u0161imas<\/td>\n<td>Analoginis adresuojamas gaisro pavojaus mygtukas, suprojektuotas ir pagamintas kad atitikti EN54-11, tinka J-NET ir JUNIOR adresin\u0117m central\u0117m. Dviej\u0173 spalv\u0173 LED mirksi \u017ealia, kai \u012frenginys yra apklausiamas valdymo skyd\u0173 ir \u0161vie\u010dia raudonai kai<\/td>\n<\/tr>\n<tr>\n<td>paspaustas. \u012erenginys tiekiamas su atlenkiamu atvartu.<\/td>\n<\/tr>\n<tr>\n<td>Maitinimas<\/td>\n<td>i\u0161 kilpos<\/td>\n<\/tr>\n<tr>\n<td>Srov\u0117 ramyb\u0117s b\u016bsenoje<\/td>\n<td>50mA<\/td>\n<\/tr>\n<tr>\n<td>Srov\u0117 aliarmo metu<\/td>\n<td>3.1mA<\/td>\n<\/tr>\n<tr>\n<td>Atstatymas<\/td>\n<td>rakteliu<\/td>\n<\/tr>\n<tr>\n<td>Indikacija<\/td>\n<td>Dviej\u0173 spalv\u0173 LED (\u017ealia, raudona)<\/td>\n<\/tr>\n<tr>\n<td>Adresacija<\/td>\n<td>mikrojungikliais<\/td>\n<\/tr>\n<tr>\n<td>Maks. rekomenduojama vienoje kilpoje<\/td>\n<td>30 vnt.<\/td>\n<\/tr>\n<tr>\n<td>Matmenys<\/td>\n<td>92,6&#215;92,6&#215;60,1mm<\/td>\n<\/tr>\n<tr>\n<td>Sertifikatai<\/td>\n<td>EN54<\/td>\n<\/tr>\n<\/tbody>\n<\/table>\n","protected":false},"excerpt":{"rendered":"<p>Apra\u0161imas Analoginis adresuojamas gaisro pavojaus mygtukas, suprojektuotas ir pagamintas kad atitikti EN54-11, tinka J-NET ir JUNIOR adresin\u0117m central\u0117m. Dviej\u0173 spalv\u0173 LED mirksi \u017ealia, kai \u012frenginys yra apklausiamas valdymo skyd\u0173 ir \u0161vie\u010dia raudonai kai paspaustas. \u012erenginys tiekiamas su atlenkiamu atvartu. Maitinimas i\u0161 kilpos Srov\u0117 ramyb\u0117s b\u016bsenoje 50mA Srov\u0117 aliarmo metu 3.1mA Atstatymas rakteliu Indikacija Dviej\u0173 spalv\u0173 [&hellip;]<\/p>\n","protected":false},"featured_media":774,"comment_status":"closed","ping_status":"closed","template":"","meta":[],"product_brand":[],"product_cat":[185],"product_tag":[],"class_list":{"0":"post-2586","1":"product","2":"type-product","3":"status-publish","4":"has-post-thumbnail","6":"product_cat-adresinai-pavojaus-mygtukai","8":"first","9":"instock","10":"shipping-taxable","11":"purchasable","12":"product-type-simple"},"jetpack_sharing_enabled":true,"_links":{"self":[{"href":"https:\/\/apsaugos.lt\/index.php?rest_route=\/wp\/v2\/product\/2586","targetHints":{"allow":["GET"]}}],"collection":[{"href":"https:\/\/apsaugos.lt\/index.php?rest_route=\/wp\/v2\/product"}],"about":[{"href":"https:\/\/apsaugos.lt\/index.php?rest_route=\/wp\/v2\/types\/product"}],"replies":[{"embeddable":true,"href":"https:\/\/apsaugos.lt\/index.php?rest_route=%2Fwp%2Fv2%2Fcomments&post=2586"}],"wp:featuredmedia":[{"embeddable":true,"href":"https:\/\/apsaugos.lt\/index.php?rest_route=\/wp\/v2\/media\/774"}],"wp:attachment":[{"href":"https:\/\/apsaugos.lt\/index.php?rest_route=%2Fwp%2Fv2%2Fmedia&parent=2586"}],"wp:term":[{"taxonomy":"product_brand","embeddable":true,"href":"https:\/\/apsaugos.lt\/index.php?rest_route=%2Fwp%2Fv2%2Fproduct_brand&post=2586"},{"taxonomy":"product_cat","embeddable":true,"href":"https:\/\/apsaugos.lt\/index.php?rest_route=%2Fwp%2Fv2%2Fproduct_cat&post=2586"},{"taxonomy":"product_tag","embeddable":true,"href":"https:\/\/apsaugos.lt\/index.php?rest_route=%2Fwp%2Fv2%2Fproduct_tag&post=2586"}],"curies":[{"name":"wp","href":"https:\/\/api.w.org\/{rel}","templated":true}]}}