{"id":2587,"date":"2021-02-22T12:26:04","date_gmt":"2021-02-22T10:26:04","guid":{"rendered":"http:\/\/apsaugos.lt\/?product=import-placeholder-for-4693"},"modified":"2021-02-22T12:26:07","modified_gmt":"2021-02-22T10:26:07","slug":"mcpa-lp-flap-adresinis-priesgaisrinis-mygtukas","status":"publish","type":"product","link":"https:\/\/apsaugos.lt\/?product=mcpa-lp-flap-adresinis-priesgaisrinis-mygtukas","title":{"rendered":"MCPA LP FLAP, Adresinis prie\u0161gaisrinis mygtukas"},"content":{"rendered":"<table class=\"spec\">\n<tbody>\n<tr>\n<td>Darbin\u0117 temperat\u016bra<\/td>\n<td>0\u00b0C &#8211; 85\u00b0C<\/td>\n<\/tr>\n<tr>\n<td>Maitinimas<\/td>\n<td>i\u0161 kilpos<\/td>\n<\/tr>\n<tr>\n<td>Srov\u0117 ramyb\u0117s b\u016bsenoje<\/td>\n<td>35mA<\/td>\n<\/tr>\n<tr>\n<td>Srov\u0117 aliarmo metu<\/td>\n<td>3,1mA<\/td>\n<\/tr>\n<tr>\n<td>Atstatymas<\/td>\n<td>rakteliu<\/td>\n<\/tr>\n<tr>\n<td>Indikacija<\/td>\n<td>TAIP<\/td>\n<\/tr>\n<tr>\n<td>Adresacija<\/td>\n<td>mikrojungikliais<\/td>\n<\/tr>\n<tr>\n<td>Matmenys<\/td>\n<td>28x120x80mm<\/td>\n<\/tr>\n<tr>\n<td>Sertifikatai<\/td>\n<td>EN54<\/td>\n<\/tr>\n<\/tbody>\n<\/table>\n","protected":false},"excerpt":{"rendered":"<p>Darbin\u0117 temperat\u016bra 0\u00b0C &#8211; 85\u00b0C Maitinimas i\u0161 kilpos Srov\u0117 ramyb\u0117s b\u016bsenoje 35mA Srov\u0117 aliarmo metu 3,1mA Atstatymas rakteliu Indikacija TAIP Adresacija mikrojungikliais Matmenys 28x120x80mm Sertifikatai EN54<\/p>\n","protected":false},"featured_media":775,"comment_status":"closed","ping_status":"closed","template":"","meta":[],"product_brand":[],"product_cat":[185],"product_tag":[],"class_list":{"0":"post-2587","1":"product","2":"type-product","3":"status-publish","4":"has-post-thumbnail","6":"product_cat-adresinai-pavojaus-mygtukai","8":"first","9":"instock","10":"shipping-taxable","11":"purchasable","12":"product-type-simple"},"jetpack_sharing_enabled":true,"_links":{"self":[{"href":"https:\/\/apsaugos.lt\/index.php?rest_route=\/wp\/v2\/product\/2587","targetHints":{"allow":["GET"]}}],"collection":[{"href":"https:\/\/apsaugos.lt\/index.php?rest_route=\/wp\/v2\/product"}],"about":[{"href":"https:\/\/apsaugos.lt\/index.php?rest_route=\/wp\/v2\/types\/product"}],"replies":[{"embeddable":true,"href":"https:\/\/apsaugos.lt\/index.php?rest_route=%2Fwp%2Fv2%2Fcomments&post=2587"}],"wp:featuredmedia":[{"embeddable":true,"href":"https:\/\/apsaugos.lt\/index.php?rest_route=\/wp\/v2\/media\/775"}],"wp:attachment":[{"href":"https:\/\/apsaugos.lt\/index.php?rest_route=%2Fwp%2Fv2%2Fmedia&parent=2587"}],"wp:term":[{"taxonomy":"product_brand","embeddable":true,"href":"https:\/\/apsaugos.lt\/index.php?rest_route=%2Fwp%2Fv2%2Fproduct_brand&post=2587"},{"taxonomy":"product_cat","embeddable":true,"href":"https:\/\/apsaugos.lt\/index.php?rest_route=%2Fwp%2Fv2%2Fproduct_cat&post=2587"},{"taxonomy":"product_tag","embeddable":true,"href":"https:\/\/apsaugos.lt\/index.php?rest_route=%2Fwp%2Fv2%2Fproduct_tag&post=2587"}],"curies":[{"name":"wp","href":"https:\/\/api.w.org\/{rel}","templated":true}]}}