{"id":2588,"date":"2021-02-22T12:26:04","date_gmt":"2021-02-22T10:26:04","guid":{"rendered":"http:\/\/apsaugos.lt\/?product=import-placeholder-for-4695"},"modified":"2021-02-22T12:26:07","modified_gmt":"2021-02-22T10:26:07","slug":"gfe-mcpe-ai-ip67-adresuojamas-pavojaus-mygtukas","status":"publish","type":"product","link":"https:\/\/apsaugos.lt\/?product=gfe-mcpe-ai-ip67-adresuojamas-pavojaus-mygtukas","title":{"rendered":"GFE MCPE AI IP67, adresuojamas pavojaus mygtukas"},"content":{"rendered":"<table class=\"spec\">\n<tbody>\n<tr>\n<td>Apra\u0161ymas<\/td>\n<td>Adresuojamas rankinis pavojaus mygt\u016bkas su kilpos izoliatoriumi<\/td>\n<\/tr>\n<tr>\n<td>Darbin\u0117 srov\u0117<\/td>\n<td>20V to 30V DC<\/td>\n<\/tr>\n<tr>\n<td>Tylumas<\/td>\n<td>650 uA<\/td>\n<\/tr>\n<tr>\n<td>Aliarmas<\/td>\n<td>3.5 mA<\/td>\n<\/tr>\n<tr>\n<td>Darbin\u0117 temperat\u016bra<\/td>\n<td>-10C to +55C<\/td>\n<\/tr>\n<tr>\n<td>Saugojimo temperat\u016bra<\/td>\n<td>-30C to +60C<\/td>\n<\/tr>\n<tr>\n<td>IP<\/td>\n<td>IP67<\/td>\n<\/tr>\n<tr>\n<td>Maksimalus dr\u0117gnumas<\/td>\n<td>95% RH Non-Condensing @ 40C<\/td>\n<\/tr>\n<tr>\n<td>Spalva<\/td>\n<td>Raudona \/ ABS &amp; Clear\/ PC &#8211; Flame Retardant &#8211; Rating 94V0<\/td>\n<\/tr>\n<tr>\n<td>Svoris<\/td>\n<td>262 g<\/td>\n<\/tr>\n<tr>\n<td>Matmenys<\/td>\n<td>111.9 (W) x 111.9 (H) x 81.3 mm<\/td>\n<\/tr>\n<\/tbody>\n<\/table>\n","protected":false},"excerpt":{"rendered":"<p>Apra\u0161ymas Adresuojamas rankinis pavojaus mygt\u016bkas su kilpos izoliatoriumi Darbin\u0117 srov\u0117 20V to 30V DC Tylumas 650 uA Aliarmas 3.5 mA Darbin\u0117 temperat\u016bra -10C to +55C Saugojimo temperat\u016bra -30C to +60C IP IP67 Maksimalus dr\u0117gnumas 95% RH Non-Condensing @ 40C Spalva Raudona \/ ABS &amp; Clear\/ PC &#8211; Flame Retardant &#8211; Rating 94V0 Svoris 262 g [&hellip;]<\/p>\n","protected":false},"featured_media":776,"comment_status":"closed","ping_status":"closed","template":"","meta":[],"product_brand":[],"product_cat":[185],"product_tag":[],"class_list":{"0":"post-2588","1":"product","2":"type-product","3":"status-publish","4":"has-post-thumbnail","6":"product_cat-adresinai-pavojaus-mygtukai","8":"first","9":"instock","10":"shipping-taxable","11":"purchasable","12":"product-type-simple"},"jetpack_sharing_enabled":true,"_links":{"self":[{"href":"https:\/\/apsaugos.lt\/index.php?rest_route=\/wp\/v2\/product\/2588","targetHints":{"allow":["GET"]}}],"collection":[{"href":"https:\/\/apsaugos.lt\/index.php?rest_route=\/wp\/v2\/product"}],"about":[{"href":"https:\/\/apsaugos.lt\/index.php?rest_route=\/wp\/v2\/types\/product"}],"replies":[{"embeddable":true,"href":"https:\/\/apsaugos.lt\/index.php?rest_route=%2Fwp%2Fv2%2Fcomments&post=2588"}],"wp:featuredmedia":[{"embeddable":true,"href":"https:\/\/apsaugos.lt\/index.php?rest_route=\/wp\/v2\/media\/776"}],"wp:attachment":[{"href":"https:\/\/apsaugos.lt\/index.php?rest_route=%2Fwp%2Fv2%2Fmedia&parent=2588"}],"wp:term":[{"taxonomy":"product_brand","embeddable":true,"href":"https:\/\/apsaugos.lt\/index.php?rest_route=%2Fwp%2Fv2%2Fproduct_brand&post=2588"},{"taxonomy":"product_cat","embeddable":true,"href":"https:\/\/apsaugos.lt\/index.php?rest_route=%2Fwp%2Fv2%2Fproduct_cat&post=2588"},{"taxonomy":"product_tag","embeddable":true,"href":"https:\/\/apsaugos.lt\/index.php?rest_route=%2Fwp%2Fv2%2Fproduct_tag&post=2588"}],"curies":[{"name":"wp","href":"https:\/\/api.w.org\/{rel}","templated":true}]}}