{"id":2591,"date":"2021-02-22T12:26:04","date_gmt":"2021-02-22T10:26:04","guid":{"rendered":"http:\/\/apsaugos.lt\/?product=import-placeholder-for-4702"},"modified":"2021-02-22T12:26:07","modified_gmt":"2021-02-22T10:26:07","slug":"vulcan-2asb-vidaus-adresuojama-sirena-su-blykste","status":"publish","type":"product","link":"https:\/\/apsaugos.lt\/?product=vulcan-2asb-vidaus-adresuojama-sirena-su-blykste","title":{"rendered":"VULCAN 2ASB &#8211; Vidaus adresuojama sirena su blykste"},"content":{"rendered":"<table class=\"spec\">\n<tbody>\n<tr>\n<td>Paskirtis<\/td>\n<td>labiau tinkamas tvirtinti prie l\u016bb\u0173, ma\u017eose patalpose<\/td>\n<\/tr>\n<tr>\n<td>Korpuso spalva<\/td>\n<td>balta arba raudona<\/td>\n<\/tr>\n<tr>\n<td>Blykst\u0117s spalva<\/td>\n<td>raudona<\/td>\n<\/tr>\n<tr>\n<td>Priedas<\/td>\n<td>atskirai reikalingas dangtelis &#8211; baltas Vulcan 2 L arba skaidrus VULCAN 2 LT)<\/td>\n<\/tr>\n<tr>\n<td>Maitinimas<\/td>\n<td>i\u0161 kilpos 20 &#8211; 30 V DC<\/td>\n<\/tr>\n<tr>\n<td>Garso lygis<\/td>\n<td>85 &#8211; 88 dB, reguliuojamas potenciometr\u0173<\/td>\n<\/tr>\n<tr>\n<td>Matmenis<\/td>\n<td>100 (D) x 50 (A) mm<\/td>\n<\/tr>\n<\/tbody>\n<\/table>\n","protected":false},"excerpt":{"rendered":"<p>Paskirtis labiau tinkamas tvirtinti prie l\u016bb\u0173, ma\u017eose patalpose Korpuso spalva balta arba raudona Blykst\u0117s spalva raudona Priedas atskirai reikalingas dangtelis &#8211; baltas Vulcan 2 L arba skaidrus VULCAN 2 LT) Maitinimas i\u0161 kilpos 20 &#8211; 30 V DC Garso lygis 85 &#8211; 88 dB, reguliuojamas potenciometr\u0173 Matmenis 100 (D) x 50 (A) mm<\/p>\n","protected":false},"featured_media":778,"comment_status":"closed","ping_status":"closed","template":"","meta":[],"product_brand":[],"product_cat":[186],"product_tag":[],"class_list":{"0":"post-2591","1":"product","2":"type-product","3":"status-publish","4":"has-post-thumbnail","6":"product_cat-adresines-sirenos","8":"first","9":"instock","10":"shipping-taxable","11":"purchasable","12":"product-type-simple"},"jetpack_sharing_enabled":true,"_links":{"self":[{"href":"https:\/\/apsaugos.lt\/index.php?rest_route=\/wp\/v2\/product\/2591","targetHints":{"allow":["GET"]}}],"collection":[{"href":"https:\/\/apsaugos.lt\/index.php?rest_route=\/wp\/v2\/product"}],"about":[{"href":"https:\/\/apsaugos.lt\/index.php?rest_route=\/wp\/v2\/types\/product"}],"replies":[{"embeddable":true,"href":"https:\/\/apsaugos.lt\/index.php?rest_route=%2Fwp%2Fv2%2Fcomments&post=2591"}],"wp:featuredmedia":[{"embeddable":true,"href":"https:\/\/apsaugos.lt\/index.php?rest_route=\/wp\/v2\/media\/778"}],"wp:attachment":[{"href":"https:\/\/apsaugos.lt\/index.php?rest_route=%2Fwp%2Fv2%2Fmedia&parent=2591"}],"wp:term":[{"taxonomy":"product_brand","embeddable":true,"href":"https:\/\/apsaugos.lt\/index.php?rest_route=%2Fwp%2Fv2%2Fproduct_brand&post=2591"},{"taxonomy":"product_cat","embeddable":true,"href":"https:\/\/apsaugos.lt\/index.php?rest_route=%2Fwp%2Fv2%2Fproduct_cat&post=2591"},{"taxonomy":"product_tag","embeddable":true,"href":"https:\/\/apsaugos.lt\/index.php?rest_route=%2Fwp%2Fv2%2Fproduct_tag&post=2591"}],"curies":[{"name":"wp","href":"https:\/\/api.w.org\/{rel}","templated":true}]}}