{"id":2593,"date":"2021-02-22T12:26:05","date_gmt":"2021-02-22T10:26:05","guid":{"rendered":"http:\/\/apsaugos.lt\/?product=import-placeholder-for-4706"},"modified":"2021-02-22T12:26:07","modified_gmt":"2021-02-22T10:26:07","slug":"valkyrie-ab-red-adresuojama-vidaus-blykste","status":"publish","type":"product","link":"https:\/\/apsaugos.lt\/?product=valkyrie-ab-red-adresuojama-vidaus-blykste","title":{"rendered":"VALKYRIE AB RED, Adresuojama vidaus blykst\u0117"},"content":{"rendered":"<table class=\"spec\">\n<tbody>\n<tr>\n<td>Maitinimas<\/td>\n<td>i\u0161 kilpos ~ DC 20-30 V<\/td>\n<\/tr>\n<tr>\n<td>Darbin\u0117 srov\u0117 bud\u0117jimo re\u017eime<\/td>\n<td>0,5mA<\/td>\n<\/tr>\n<tr>\n<td>Darbin\u0117 srov\u0117 aliarmo re\u017eime<\/td>\n<td>3mA<\/td>\n<\/tr>\n<tr>\n<td>Darbin\u0117 Temperat\u016bra<\/td>\n<td>-10\u00b0C ~ + 55\u00b0C<\/td>\n<\/tr>\n<tr>\n<td>Spalva<\/td>\n<td>raudona\/balta<\/td>\n<\/tr>\n<\/tbody>\n<\/table>\n","protected":false},"excerpt":{"rendered":"<p>Maitinimas i\u0161 kilpos ~ DC 20-30 V Darbin\u0117 srov\u0117 bud\u0117jimo re\u017eime 0,5mA Darbin\u0117 srov\u0117 aliarmo re\u017eime 3mA Darbin\u0117 Temperat\u016bra -10\u00b0C ~ + 55\u00b0C Spalva raudona\/balta<\/p>\n","protected":false},"featured_media":780,"comment_status":"closed","ping_status":"closed","template":"","meta":[],"product_brand":[],"product_cat":[186],"product_tag":[],"class_list":{"0":"post-2593","1":"product","2":"type-product","3":"status-publish","4":"has-post-thumbnail","6":"product_cat-adresines-sirenos","8":"first","9":"instock","10":"shipping-taxable","11":"purchasable","12":"product-type-simple"},"jetpack_sharing_enabled":true,"_links":{"self":[{"href":"https:\/\/apsaugos.lt\/index.php?rest_route=\/wp\/v2\/product\/2593","targetHints":{"allow":["GET"]}}],"collection":[{"href":"https:\/\/apsaugos.lt\/index.php?rest_route=\/wp\/v2\/product"}],"about":[{"href":"https:\/\/apsaugos.lt\/index.php?rest_route=\/wp\/v2\/types\/product"}],"replies":[{"embeddable":true,"href":"https:\/\/apsaugos.lt\/index.php?rest_route=%2Fwp%2Fv2%2Fcomments&post=2593"}],"wp:featuredmedia":[{"embeddable":true,"href":"https:\/\/apsaugos.lt\/index.php?rest_route=\/wp\/v2\/media\/780"}],"wp:attachment":[{"href":"https:\/\/apsaugos.lt\/index.php?rest_route=%2Fwp%2Fv2%2Fmedia&parent=2593"}],"wp:term":[{"taxonomy":"product_brand","embeddable":true,"href":"https:\/\/apsaugos.lt\/index.php?rest_route=%2Fwp%2Fv2%2Fproduct_brand&post=2593"},{"taxonomy":"product_cat","embeddable":true,"href":"https:\/\/apsaugos.lt\/index.php?rest_route=%2Fwp%2Fv2%2Fproduct_cat&post=2593"},{"taxonomy":"product_tag","embeddable":true,"href":"https:\/\/apsaugos.lt\/index.php?rest_route=%2Fwp%2Fv2%2Fproduct_tag&post=2593"}],"curies":[{"name":"wp","href":"https:\/\/api.w.org\/{rel}","templated":true}]}}