{"id":2594,"date":"2021-02-22T12:26:05","date_gmt":"2021-02-22T10:26:05","guid":{"rendered":"http:\/\/apsaugos.lt\/?product=import-placeholder-for-4817"},"modified":"2021-02-22T12:26:07","modified_gmt":"2021-02-22T10:26:07","slug":"drc-4l-vaizdo-telefonspynes-kamera","status":"publish","type":"product","link":"https:\/\/apsaugos.lt\/?product=drc-4l-vaizdo-telefonspynes-kamera","title":{"rendered":"DRC 4L, Vaizdo telefonspyn\u0117s kamera"},"content":{"rendered":"<table class=\"spec\">\n<tbody>\n<tr>\n<td>Tipas<\/td>\n<td>DRC-4L<\/td>\n<\/tr>\n<tr>\n<td>Maitinimas<\/td>\n<td>12V nuo monitoriaus<\/td>\n<\/tr>\n<tr>\n<td>Pajungimas<\/td>\n<td>4 gyslos<\/td>\n<\/tr>\n<tr>\n<td>Vaizdo formatas<\/td>\n<td>NTSC arba PAL<\/td>\n<\/tr>\n<tr>\n<td>Objektyvas<\/td>\n<td>CMOS<\/td>\n<\/tr>\n<tr>\n<td>Minimalus ap\u0161vietimas<\/td>\n<td>0,1 Lux<\/td>\n<\/tr>\n<tr>\n<td>Pa\u0161vietimas<\/td>\n<td>LED<\/td>\n<\/tr>\n<tr>\n<td>Darbin\u0117 temperat\u016bra<\/td>\n<td>-10\u00b0C ~ +40\u00b0C<\/td>\n<\/tr>\n<\/tbody>\n<\/table>\n","protected":false},"excerpt":{"rendered":"<p>Tipas DRC-4L Maitinimas 12V nuo monitoriaus Pajungimas 4 gyslos Vaizdo formatas NTSC arba PAL Objektyvas CMOS Minimalus ap\u0161vietimas 0,1 Lux Pa\u0161vietimas LED Darbin\u0117 temperat\u016bra -10\u00b0C ~ +40\u00b0C<\/p>\n","protected":false},"featured_media":781,"comment_status":"closed","ping_status":"closed","template":"","meta":[],"product_brand":[],"product_cat":[133],"product_tag":[187],"class_list":{"0":"post-2594","1":"product","2":"type-product","3":"status-publish","4":"has-post-thumbnail","6":"product_cat-video-telefonspynes","7":"product_tag-commax","9":"first","10":"instock","11":"shipping-taxable","12":"purchasable","13":"product-type-simple"},"jetpack_sharing_enabled":true,"_links":{"self":[{"href":"https:\/\/apsaugos.lt\/index.php?rest_route=\/wp\/v2\/product\/2594","targetHints":{"allow":["GET"]}}],"collection":[{"href":"https:\/\/apsaugos.lt\/index.php?rest_route=\/wp\/v2\/product"}],"about":[{"href":"https:\/\/apsaugos.lt\/index.php?rest_route=\/wp\/v2\/types\/product"}],"replies":[{"embeddable":true,"href":"https:\/\/apsaugos.lt\/index.php?rest_route=%2Fwp%2Fv2%2Fcomments&post=2594"}],"wp:featuredmedia":[{"embeddable":true,"href":"https:\/\/apsaugos.lt\/index.php?rest_route=\/wp\/v2\/media\/781"}],"wp:attachment":[{"href":"https:\/\/apsaugos.lt\/index.php?rest_route=%2Fwp%2Fv2%2Fmedia&parent=2594"}],"wp:term":[{"taxonomy":"product_brand","embeddable":true,"href":"https:\/\/apsaugos.lt\/index.php?rest_route=%2Fwp%2Fv2%2Fproduct_brand&post=2594"},{"taxonomy":"product_cat","embeddable":true,"href":"https:\/\/apsaugos.lt\/index.php?rest_route=%2Fwp%2Fv2%2Fproduct_cat&post=2594"},{"taxonomy":"product_tag","embeddable":true,"href":"https:\/\/apsaugos.lt\/index.php?rest_route=%2Fwp%2Fv2%2Fproduct_tag&post=2594"}],"curies":[{"name":"wp","href":"https:\/\/api.w.org\/{rel}","templated":true}]}}