{"id":2597,"date":"2021-02-22T12:26:05","date_gmt":"2021-02-22T10:26:05","guid":{"rendered":"http:\/\/apsaugos.lt\/?product=import-placeholder-for-4823"},"modified":"2021-02-22T12:26:08","modified_gmt":"2021-02-22T10:26:08","slug":"drc-4cgn2-vaizdo-telefonspynes-kamera-spalvota","status":"publish","type":"product","link":"https:\/\/apsaugos.lt\/?product=drc-4cgn2-vaizdo-telefonspynes-kamera-spalvota","title":{"rendered":"DRC 4CGN2, Vaizdo telefonspyn\u0117s kamera, spalvota"},"content":{"rendered":"<table class=\"spec\">\n<tbody>\n<tr>\n<td>Vaizdo matrica<\/td>\n<td>1\/4&#8243; CCD spalvota<\/td>\n<\/tr>\n<tr>\n<td>Objektyvo tipas<\/td>\n<td>ta\u0161kinis<\/td>\n<\/tr>\n<tr>\n<td>Maitinimas<\/td>\n<td>12VDC i\u0161 monitoriaus<\/td>\n<\/tr>\n<tr>\n<td>Ap\u017evalgos kampas<\/td>\n<td>55\u00b0(H)x40\u00b0(V)<\/td>\n<\/tr>\n<tr>\n<td>Korpuso tipas<\/td>\n<td>vir\u0161tinkinis<\/td>\n<\/tr>\n<tr>\n<td>Darbin\u0117 temperat\u016bra<\/td>\n<td>-10\u00b0C &#8211; +40\u00b0C<\/td>\n<\/tr>\n<tr>\n<td>Min. ap\u0161vietimas<\/td>\n<td>0 Lux 300mm nuo kameros<\/td>\n<\/tr>\n<\/tbody>\n<\/table>\n","protected":false},"excerpt":{"rendered":"<p>Vaizdo matrica 1\/4&#8243; CCD spalvota Objektyvo tipas ta\u0161kinis Maitinimas 12VDC i\u0161 monitoriaus Ap\u017evalgos kampas 55\u00b0(H)x40\u00b0(V) Korpuso tipas vir\u0161tinkinis Darbin\u0117 temperat\u016bra -10\u00b0C &#8211; +40\u00b0C Min. ap\u0161vietimas 0 Lux 300mm nuo kameros<\/p>\n","protected":false},"featured_media":784,"comment_status":"closed","ping_status":"closed","template":"","meta":[],"product_brand":[],"product_cat":[133],"product_tag":[187],"class_list":{"0":"post-2597","1":"product","2":"type-product","3":"status-publish","4":"has-post-thumbnail","6":"product_cat-video-telefonspynes","7":"product_tag-commax","9":"first","10":"instock","11":"shipping-taxable","12":"purchasable","13":"product-type-simple"},"jetpack_sharing_enabled":true,"_links":{"self":[{"href":"https:\/\/apsaugos.lt\/index.php?rest_route=\/wp\/v2\/product\/2597","targetHints":{"allow":["GET"]}}],"collection":[{"href":"https:\/\/apsaugos.lt\/index.php?rest_route=\/wp\/v2\/product"}],"about":[{"href":"https:\/\/apsaugos.lt\/index.php?rest_route=\/wp\/v2\/types\/product"}],"replies":[{"embeddable":true,"href":"https:\/\/apsaugos.lt\/index.php?rest_route=%2Fwp%2Fv2%2Fcomments&post=2597"}],"wp:featuredmedia":[{"embeddable":true,"href":"https:\/\/apsaugos.lt\/index.php?rest_route=\/wp\/v2\/media\/784"}],"wp:attachment":[{"href":"https:\/\/apsaugos.lt\/index.php?rest_route=%2Fwp%2Fv2%2Fmedia&parent=2597"}],"wp:term":[{"taxonomy":"product_brand","embeddable":true,"href":"https:\/\/apsaugos.lt\/index.php?rest_route=%2Fwp%2Fv2%2Fproduct_brand&post=2597"},{"taxonomy":"product_cat","embeddable":true,"href":"https:\/\/apsaugos.lt\/index.php?rest_route=%2Fwp%2Fv2%2Fproduct_cat&post=2597"},{"taxonomy":"product_tag","embeddable":true,"href":"https:\/\/apsaugos.lt\/index.php?rest_route=%2Fwp%2Fv2%2Fproduct_tag&post=2597"}],"curies":[{"name":"wp","href":"https:\/\/api.w.org\/{rel}","templated":true}]}}