{"id":2598,"date":"2021-02-22T12:26:05","date_gmt":"2021-02-22T10:26:05","guid":{"rendered":"http:\/\/apsaugos.lt\/?product=import-placeholder-for-4831"},"modified":"2021-02-22T12:26:08","modified_gmt":"2021-02-22T10:26:08","slug":"ip-telefonspynes-iskvietimo-modulis-lauko-salygoms-vto2101e-p","status":"publish","type":"product","link":"https:\/\/apsaugos.lt\/?product=ip-telefonspynes-iskvietimo-modulis-lauko-salygoms-vto2101e-p","title":{"rendered":"IP telefonspyn\u0117s i\u0161kvietimo modulis lauko s\u0105lygoms VTO2101E-P"},"content":{"rendered":"<table class=\"spec\">\n<tbody>\n<tr>\n<td>Main Processor<\/td>\n<td>Embedded Micro Processor<\/td>\n<\/tr>\n<tr>\n<td>Operation System<\/td>\n<td>Embedded LINUX OS<\/td>\n<\/tr>\n<tr>\n<td>Image Sensor<\/td>\n<td>1\/2.7\u201d 2MP CMOS<\/td>\n<\/tr>\n<tr>\n<td>Focal Length<\/td>\n<td>2.8mm<\/td>\n<\/tr>\n<tr>\n<td>Angle of View<\/td>\n<td>H 100\u00b0<\/td>\n<\/tr>\n<tr>\n<td>Horizontal<\/td>\n<td>-45\u00b0 ~ +45\u00b0<\/td>\n<\/tr>\n<tr>\n<td>Video Compression<\/td>\n<td>H.264<\/td>\n<\/tr>\n<tr>\n<td>Video Streaming<\/td>\n<td>Dual Stream<\/td>\n<\/tr>\n<tr>\n<td>Day\/Night<\/td>\n<td>Auto(ICR), 5m<\/td>\n<\/tr>\n<tr>\n<td>BLC Mode<\/td>\n<td>WDR<\/td>\n<\/tr>\n<tr>\n<td>White Balance<\/td>\n<td>Auto\/Natural\/Street Lamp\/Outdoor\/Manual<\/td>\n<\/tr>\n<tr>\n<td>Audio Compression<\/td>\n<td>G.711<\/td>\n<\/tr>\n<tr>\n<td>Audio Input<\/td>\n<td>Omnidirectional Mic<\/td>\n<\/tr>\n<tr>\n<td>Audio Output<\/td>\n<td>Built-in Speaker<\/td>\n<\/tr>\n<tr>\n<td>Bidirectional Talk<\/td>\n<td>Support Dual-way Bidirectional talk<\/td>\n<\/tr>\n<tr>\n<td>Audio processing<\/td>\n<td>Noise suppression, Echo cancellation<\/td>\n<\/tr>\n<tr>\n<td>Keypad<\/td>\n<td>1 Mechanical Button<\/td>\n<\/tr>\n<tr>\n<td>Door Control<\/td>\n<td>1<\/td>\n<\/tr>\n<tr>\n<td>Alarm In<\/td>\n<td>1<\/td>\n<\/tr>\n<tr>\n<td>RS485<\/td>\n<td>1<\/td>\n<\/tr>\n<tr>\n<td>Ethernet<\/td>\n<td>10M\/100Mbps Self-adaptive<\/td>\n<\/tr>\n<tr>\n<td>Network Protocol<\/td>\n<td>TCP\/IP, SIP<\/td>\n<\/tr>\n<tr>\n<td>Ingress Protection<\/td>\n<td>IP65, IK10<\/td>\n<\/tr>\n<tr>\n<td>Tamper Switch<\/td>\n<td>1<\/td>\n<\/tr>\n<tr>\n<td>Installation<\/td>\n<td>Surface<\/td>\n<\/tr>\n<tr>\n<td>Front Panel<\/td>\n<td>Zinc alloy<\/td>\n<\/tr>\n<tr>\n<td>Rear Panel<\/td>\n<td>Aluminum alloy<\/td>\n<\/tr>\n<tr>\n<td>Holder<\/td>\n<td>Aluminum alloy<\/td>\n<\/tr>\n<tr>\n<td>Power<\/td>\n<td>DC 12V, PoE(802.3af)<\/td>\n<\/tr>\n<tr>\n<td>Power Consumption<\/td>\n<td>Standby ?2.5W, Work ?7W<\/td>\n<\/tr>\n<tr>\n<td>Working Temperature<\/td>\n<td>-40\u00b0C~+60\u00b0C<\/td>\n<\/tr>\n<tr>\n<td>Relative Humidity<\/td>\n<td>10%~90%RH<\/td>\n<\/tr>\n<tr>\n<td>Dimensions<\/td>\n<td>163.0mm\u00d773.0mm\u00d754.5.0mm<\/td>\n<\/tr>\n<tr>\n<td>Weight<\/td>\n<td>0.8Kg<\/td>\n<\/tr>\n<\/tbody>\n<\/table>\n","protected":false},"excerpt":{"rendered":"<p>Main Processor Embedded Micro Processor Operation System Embedded LINUX OS Image Sensor 1\/2.7\u201d 2MP CMOS Focal Length 2.8mm Angle of View H 100\u00b0 Horizontal -45\u00b0 ~ +45\u00b0 Video Compression H.264 Video Streaming Dual Stream Day\/Night Auto(ICR), 5m BLC Mode WDR White Balance Auto\/Natural\/Street Lamp\/Outdoor\/Manual Audio Compression G.711 Audio Input Omnidirectional Mic Audio Output Built-in Speaker [&hellip;]<\/p>\n","protected":false},"featured_media":785,"comment_status":"closed","ping_status":"closed","template":"","meta":[],"product_brand":[],"product_cat":[128],"product_tag":[188],"class_list":{"0":"post-2598","1":"product","2":"type-product","3":"status-publish","4":"has-post-thumbnail","6":"product_cat-ip-telefonspynes","7":"product_tag-dahua","9":"first","10":"instock","11":"shipping-taxable","12":"purchasable","13":"product-type-simple"},"jetpack_sharing_enabled":true,"_links":{"self":[{"href":"https:\/\/apsaugos.lt\/index.php?rest_route=\/wp\/v2\/product\/2598","targetHints":{"allow":["GET"]}}],"collection":[{"href":"https:\/\/apsaugos.lt\/index.php?rest_route=\/wp\/v2\/product"}],"about":[{"href":"https:\/\/apsaugos.lt\/index.php?rest_route=\/wp\/v2\/types\/product"}],"replies":[{"embeddable":true,"href":"https:\/\/apsaugos.lt\/index.php?rest_route=%2Fwp%2Fv2%2Fcomments&post=2598"}],"wp:featuredmedia":[{"embeddable":true,"href":"https:\/\/apsaugos.lt\/index.php?rest_route=\/wp\/v2\/media\/785"}],"wp:attachment":[{"href":"https:\/\/apsaugos.lt\/index.php?rest_route=%2Fwp%2Fv2%2Fmedia&parent=2598"}],"wp:term":[{"taxonomy":"product_brand","embeddable":true,"href":"https:\/\/apsaugos.lt\/index.php?rest_route=%2Fwp%2Fv2%2Fproduct_brand&post=2598"},{"taxonomy":"product_cat","embeddable":true,"href":"https:\/\/apsaugos.lt\/index.php?rest_route=%2Fwp%2Fv2%2Fproduct_cat&post=2598"},{"taxonomy":"product_tag","embeddable":true,"href":"https:\/\/apsaugos.lt\/index.php?rest_route=%2Fwp%2Fv2%2Fproduct_tag&post=2598"}],"curies":[{"name":"wp","href":"https:\/\/api.w.org\/{rel}","templated":true}]}}