{"id":2602,"date":"2021-02-22T12:26:05","date_gmt":"2021-02-22T10:26:05","guid":{"rendered":"http:\/\/apsaugos.lt\/?product=import-placeholder-for-4867"},"modified":"2021-02-22T12:26:09","modified_gmt":"2021-02-22T10:26:09","slug":"kodine-klaviatura-kp1-125-khz","status":"publish","type":"product","link":"https:\/\/apsaugos.lt\/?product=kodine-klaviatura-kp1-125-khz","title":{"rendered":"Kodin\u0117 klaviat\u016bra KP1 125 Khz"},"content":{"rendered":"<p><iframe title=\"Pra\u0117jimo kontrol\u0117s kodin\u0117 klaviat\u016bra KP1 , trumpa ap\u017evalga\" width=\"640\" height=\"360\" src=\"https:\/\/www.youtube.com\/embed\/JaX_DAaIPX4?feature=oembed\" frameborder=\"0\" allow=\"accelerometer; autoplay; clipboard-write; encrypted-media; gyroscope; picture-in-picture; web-share\" referrerpolicy=\"strict-origin-when-cross-origin\" allowfullscreen><\/iframe><\/p>\n<p>Da\u017enis: 125Khz<br \/>\nSkaitymo greitis: &lt;0,2 s<br \/>\nSkaitymo diapazonas: 1-15cm;<br \/>\n\u012e\u0117jimo \u012ftampa: DC 12V<br \/>\nDarbin\u0117 srov\u0117: &lt;100mA<br \/>\nI\u0161matavimai: 120x78x22 mm<br \/>\nSvoris: 110g<br \/>\nAptikimo atstumas: 3\u201310 cm<\/p>\n","protected":false},"excerpt":{"rendered":"<p>Da\u017enis: 125Khz Skaitymo greitis: &lt;0,2 s Skaitymo diapazonas: 1-15cm; \u012e\u0117jimo \u012ftampa: DC 12V Darbin\u0117 srov\u0117: &lt;100mA I\u0161matavimai: 120x78x22 mm Svoris: 110g Aptikimo atstumas: 3\u201310 cm<\/p>\n","protected":false},"featured_media":789,"comment_status":"closed","ping_status":"closed","template":"","meta":[],"product_brand":[],"product_cat":[28],"product_tag":[],"class_list":{"0":"post-2602","1":"product","2":"type-product","3":"status-publish","4":"has-post-thumbnail","6":"product_cat-kodines-klaviaturos","8":"first","9":"instock","10":"shipping-taxable","11":"purchasable","12":"product-type-simple"},"jetpack_sharing_enabled":true,"_links":{"self":[{"href":"https:\/\/apsaugos.lt\/index.php?rest_route=\/wp\/v2\/product\/2602","targetHints":{"allow":["GET"]}}],"collection":[{"href":"https:\/\/apsaugos.lt\/index.php?rest_route=\/wp\/v2\/product"}],"about":[{"href":"https:\/\/apsaugos.lt\/index.php?rest_route=\/wp\/v2\/types\/product"}],"replies":[{"embeddable":true,"href":"https:\/\/apsaugos.lt\/index.php?rest_route=%2Fwp%2Fv2%2Fcomments&post=2602"}],"wp:featuredmedia":[{"embeddable":true,"href":"https:\/\/apsaugos.lt\/index.php?rest_route=\/wp\/v2\/media\/789"}],"wp:attachment":[{"href":"https:\/\/apsaugos.lt\/index.php?rest_route=%2Fwp%2Fv2%2Fmedia&parent=2602"}],"wp:term":[{"taxonomy":"product_brand","embeddable":true,"href":"https:\/\/apsaugos.lt\/index.php?rest_route=%2Fwp%2Fv2%2Fproduct_brand&post=2602"},{"taxonomy":"product_cat","embeddable":true,"href":"https:\/\/apsaugos.lt\/index.php?rest_route=%2Fwp%2Fv2%2Fproduct_cat&post=2602"},{"taxonomy":"product_tag","embeddable":true,"href":"https:\/\/apsaugos.lt\/index.php?rest_route=%2Fwp%2Fv2%2Fproduct_tag&post=2602"}],"curies":[{"name":"wp","href":"https:\/\/api.w.org\/{rel}","templated":true}]}}