{"id":2613,"date":"2021-02-22T12:26:06","date_gmt":"2021-02-22T10:26:06","guid":{"rendered":"http:\/\/apsaugos.lt\/?product=import-placeholder-for-8076"},"modified":"2021-02-22T12:26:11","modified_gmt":"2021-02-22T10:26:11","slug":"ultragarsinis-radaras-kelio-uztvarui","status":"publish","type":"product","link":"https:\/\/apsaugos.lt\/?product=ultragarsinis-radaras-kelio-uztvarui","title":{"rendered":"Ultragarsinis radaras kelio u\u017etvarui"},"content":{"rendered":"<p>Ultragarsinis radaras kelio u\u017etvarui ,skirtas apsaugin\u0117s kilpos arba foto elemento pakeitimui . Lengvas montavimas, sunkiojo transporto kontrol\u0117 . Puikiai skiria krovinin\u012f transport\u0105, lengv\u0105j\u012f bei p\u0117s\u010diuosius .<\/p>\n","protected":false},"excerpt":{"rendered":"<p>Darbin\u0117 \u012ftampa : DC 12 V<\/p>\n<p>Darbin\u0117 srov\u0117 : 10mA-150mA<\/p>\n<p>Montavimo auk\u0161tis : ( lengvajam automobiliui ) 40&#8230;60 cm<\/p>\n<p>Montavimo auk\u0161tis :\u00a0 ( sunkve\u017eimiui )\u00a0 \u00a060&#8230;.80 cm<\/p>\n<p>Darbinis atstumas : 1&#8230;6 metrai ( reguliuojamas )<\/p>\n<p>Darbin\u0117 temperat\u016bra : &#8211; 30 \u00b0C &#8211; 80 \u00b0C<\/p>\n<p>Moduliacijos tipas : FMCW<\/p>\n<p>I\u0161matavimai : 136mm*112mm*29mm<\/p>\n<p>&nbsp;<\/p>\n","protected":false},"featured_media":823,"comment_status":"closed","ping_status":"closed","template":"","meta":[],"product_brand":[],"product_cat":[19],"product_tag":[],"class_list":{"0":"post-2613","1":"product","2":"type-product","3":"status-publish","4":"has-post-thumbnail","6":"product_cat-foto-davikliai","8":"first","9":"instock","10":"shipping-taxable","11":"purchasable","12":"product-type-simple"},"jetpack_sharing_enabled":true,"_links":{"self":[{"href":"https:\/\/apsaugos.lt\/index.php?rest_route=\/wp\/v2\/product\/2613","targetHints":{"allow":["GET"]}}],"collection":[{"href":"https:\/\/apsaugos.lt\/index.php?rest_route=\/wp\/v2\/product"}],"about":[{"href":"https:\/\/apsaugos.lt\/index.php?rest_route=\/wp\/v2\/types\/product"}],"replies":[{"embeddable":true,"href":"https:\/\/apsaugos.lt\/index.php?rest_route=%2Fwp%2Fv2%2Fcomments&post=2613"}],"wp:featuredmedia":[{"embeddable":true,"href":"https:\/\/apsaugos.lt\/index.php?rest_route=\/wp\/v2\/media\/823"}],"wp:attachment":[{"href":"https:\/\/apsaugos.lt\/index.php?rest_route=%2Fwp%2Fv2%2Fmedia&parent=2613"}],"wp:term":[{"taxonomy":"product_brand","embeddable":true,"href":"https:\/\/apsaugos.lt\/index.php?rest_route=%2Fwp%2Fv2%2Fproduct_brand&post=2613"},{"taxonomy":"product_cat","embeddable":true,"href":"https:\/\/apsaugos.lt\/index.php?rest_route=%2Fwp%2Fv2%2Fproduct_cat&post=2613"},{"taxonomy":"product_tag","embeddable":true,"href":"https:\/\/apsaugos.lt\/index.php?rest_route=%2Fwp%2Fv2%2Fproduct_tag&post=2613"}],"curies":[{"name":"wp","href":"https:\/\/api.w.org\/{rel}","templated":true}]}}