{"id":2615,"date":"2021-02-22T12:26:12","date_gmt":"2021-02-22T10:26:12","guid":{"rendered":"http:\/\/apsaugos.lt\/?product=import-placeholder-for-8081"},"modified":"2021-02-22T12:26:15","modified_gmt":"2021-02-22T10:26:15","slug":"foto-elementas-iki-20-metru","status":"publish","type":"product","link":"https:\/\/apsaugos.lt\/?product=foto-elementas-iki-20-metru","title":{"rendered":"Foto elementas iki 20 metr\u0173"},"content":{"rendered":"<p>Infro raudonuj\u0173 spinduli\u0173\u00a0 fotoelementas su veidrod\u0117liu, suderininamas su visomis vart\u0173 sistemomis.<\/p>\n<p>Geriausias variantas, jeigu n\u0117ra galimyb\u0117s prasitiesti laido fotoelementams<\/p>\n<p>&nbsp;<\/p>\n","protected":false},"excerpt":{"rendered":"<p>Darbin\u0117 \u012ftampa : DC 12V AC 24V<\/p>\n<p>Maksimalus atstumas iki 20 m<\/p>\n<p>Darbo temperat\u016bra: -25\u00b0C ~ +65\u00b0C<\/p>\n<p>Apsaugos klas\u0117: IP54<\/p>\n<p>&nbsp;<\/p>\n","protected":false},"featured_media":825,"comment_status":"closed","ping_status":"closed","template":"","meta":[],"product_brand":[],"product_cat":[19],"product_tag":[],"class_list":{"0":"post-2615","1":"product","2":"type-product","3":"status-publish","4":"has-post-thumbnail","6":"product_cat-foto-davikliai","8":"first","9":"instock","10":"shipping-taxable","11":"purchasable","12":"product-type-simple"},"jetpack_sharing_enabled":true,"_links":{"self":[{"href":"https:\/\/apsaugos.lt\/index.php?rest_route=\/wp\/v2\/product\/2615","targetHints":{"allow":["GET"]}}],"collection":[{"href":"https:\/\/apsaugos.lt\/index.php?rest_route=\/wp\/v2\/product"}],"about":[{"href":"https:\/\/apsaugos.lt\/index.php?rest_route=\/wp\/v2\/types\/product"}],"replies":[{"embeddable":true,"href":"https:\/\/apsaugos.lt\/index.php?rest_route=%2Fwp%2Fv2%2Fcomments&post=2615"}],"wp:featuredmedia":[{"embeddable":true,"href":"https:\/\/apsaugos.lt\/index.php?rest_route=\/wp\/v2\/media\/825"}],"wp:attachment":[{"href":"https:\/\/apsaugos.lt\/index.php?rest_route=%2Fwp%2Fv2%2Fmedia&parent=2615"}],"wp:term":[{"taxonomy":"product_brand","embeddable":true,"href":"https:\/\/apsaugos.lt\/index.php?rest_route=%2Fwp%2Fv2%2Fproduct_brand&post=2615"},{"taxonomy":"product_cat","embeddable":true,"href":"https:\/\/apsaugos.lt\/index.php?rest_route=%2Fwp%2Fv2%2Fproduct_cat&post=2615"},{"taxonomy":"product_tag","embeddable":true,"href":"https:\/\/apsaugos.lt\/index.php?rest_route=%2Fwp%2Fv2%2Fproduct_tag&post=2615"}],"curies":[{"name":"wp","href":"https:\/\/api.w.org\/{rel}","templated":true}]}}