{"id":2617,"date":"2021-02-22T12:26:13","date_gmt":"2021-02-22T10:26:13","guid":{"rendered":"http:\/\/apsaugos.lt\/?product=import-placeholder-for-8091"},"modified":"2021-02-22T12:26:15","modified_gmt":"2021-02-22T10:26:15","slug":"foto-rele-grb8-01","status":"publish","type":"product","link":"https:\/\/apsaugos.lt\/?product=foto-rele-grb8-01","title":{"rendered":"Foto rel\u0117 GRB8-01"},"content":{"rendered":"<p>Skirta ap\u0161vietimo valdymui . Maitinimo \u012ftampa 230V AC<\/p>\n","protected":false},"excerpt":{"rendered":"<p>Maitinimo \u012ftampa : 230V AC<\/p>\n<p>Ap\u0161vieta : 1-100 LX<\/p>\n<p>Veikimo funkcijos : ON &#8211; OFF- Auto<\/p>\n<p>&nbsp;<\/p>\n","protected":false},"featured_media":827,"comment_status":"closed","ping_status":"closed","template":"","meta":[],"product_brand":[],"product_cat":[194],"product_tag":[],"class_list":{"0":"post-2617","1":"product","2":"type-product","3":"status-publish","4":"has-post-thumbnail","6":"product_cat-foto-reles","8":"first","9":"instock","10":"shipping-taxable","11":"purchasable","12":"product-type-simple"},"jetpack_sharing_enabled":true,"_links":{"self":[{"href":"https:\/\/apsaugos.lt\/index.php?rest_route=\/wp\/v2\/product\/2617","targetHints":{"allow":["GET"]}}],"collection":[{"href":"https:\/\/apsaugos.lt\/index.php?rest_route=\/wp\/v2\/product"}],"about":[{"href":"https:\/\/apsaugos.lt\/index.php?rest_route=\/wp\/v2\/types\/product"}],"replies":[{"embeddable":true,"href":"https:\/\/apsaugos.lt\/index.php?rest_route=%2Fwp%2Fv2%2Fcomments&post=2617"}],"wp:featuredmedia":[{"embeddable":true,"href":"https:\/\/apsaugos.lt\/index.php?rest_route=\/wp\/v2\/media\/827"}],"wp:attachment":[{"href":"https:\/\/apsaugos.lt\/index.php?rest_route=%2Fwp%2Fv2%2Fmedia&parent=2617"}],"wp:term":[{"taxonomy":"product_brand","embeddable":true,"href":"https:\/\/apsaugos.lt\/index.php?rest_route=%2Fwp%2Fv2%2Fproduct_brand&post=2617"},{"taxonomy":"product_cat","embeddable":true,"href":"https:\/\/apsaugos.lt\/index.php?rest_route=%2Fwp%2Fv2%2Fproduct_cat&post=2617"},{"taxonomy":"product_tag","embeddable":true,"href":"https:\/\/apsaugos.lt\/index.php?rest_route=%2Fwp%2Fv2%2Fproduct_tag&post=2617"}],"curies":[{"name":"wp","href":"https:\/\/api.w.org\/{rel}","templated":true}]}}