{"id":2620,"date":"2021-02-22T12:26:13","date_gmt":"2021-02-22T10:26:13","guid":{"rendered":"http:\/\/apsaugos.lt\/?product=import-placeholder-for-8147"},"modified":"2021-02-22T12:26:16","modified_gmt":"2021-02-22T10:26:16","slug":"hikvision-bullet-ds-2cd2t45g0p-i-f1-68","status":"publish","type":"product","link":"https:\/\/apsaugos.lt\/?product=hikvision-bullet-ds-2cd2t45g0p-i-f1-68","title":{"rendered":"Hikvision bullet DS-2CD2T45G0P-I F1.68"},"content":{"rendered":"<ul class=\"product_description_item-list&quot;\">\n<li class=\"product_description_item\">4MP bullet kamera<\/li>\n<li class=\"product_description_item\">Itin plataus 180\u00b0 kampo<\/li>\n<li class=\"product_description_item\">Efektyvi vaizdo suspaudimo technologija<\/li>\n<li class=\"product_description_item\">120 dB true WDR technologija<\/li>\n<li class=\"product_description_item\">I\u0161kraipym\u0173 koregavimas<\/li>\n<li>Micro SD\/SDHC\/SDXC iki 256 GB<\/li>\n<li class=\"product_description_item\">Apsaugos klas\u0117 IP67<\/li>\n<\/ul>\n","protected":false},"excerpt":{"rendered":"<table>\n<tbody>\n<tr>\n<td>Sensorius<\/td>\n<td>1\/2.7&#8243; Progressive Scan CMOS<\/td>\n<\/tr>\n<tr>\n<td>Min. ap\u0161vietimas<\/td>\n<td>0.028 Lux @ (F2.0, AGC ON), 0 Lux with IR<\/td>\n<\/tr>\n<tr>\n<td>U\u017erakto laikas<\/td>\n<td>1\/3 s to 1\/100,000 s<\/td>\n<\/tr>\n<tr>\n<td>I\u0161laikymas<\/td>\n<td>Yes<\/td>\n<\/tr>\n<tr>\n<td>WDR<\/td>\n<td>120dB<\/td>\n<\/tr>\n<tr>\n<td>Diena\/Naktis<\/td>\n<td>ICR Cut<\/td>\n<\/tr>\n<tr>\n<td>Ry\u0161iai<\/td>\n<td>Upload to FTP\/NAS\/memory card, notify surveillance center, send email, trigger alarm output, trigger recording, trigger capture. Trigger recording: memory card, network storage, pre-record and post-record. Trigger captured pictures uploading: FTP, SFTP, HTTP, NAS, Email. Trigger notification: HTTP, ISAPI, alarm output, Email<\/td>\n<\/tr>\n<tr>\n<td>Kampo valdymas<\/td>\n<td>Pan: 0\u00b0 to 360\u00b0, tilt: 0\u00b0 to 90\u00b0, rotate: 0\u00b0 to 360\u00b0<\/td>\n<\/tr>\n<tr>\n<td>Fokusavimas<\/td>\n<td>Fixed<\/td>\n<\/tr>\n<tr>\n<td>Objektyvo tipas<\/td>\n<td>1.68mm @ F2.0, horizontal FOV 180\u00b0, vertical FOV 101\u00b0, diagonal FOV 180\u00b0<\/td>\n<\/tr>\n<tr>\n<td>Diafragma<\/td>\n<td>F2.0<\/td>\n<\/tr>\n<tr>\n<td>Objektyvo tvirtinimas<\/td>\n<td>M12<\/td>\n<\/tr>\n<tr>\n<td>DORI<\/td>\n<td>Detect: 3.6 m, observe: 1.4 m, recognize: 0.8 m, identify: 0.4 m<\/td>\n<\/tr>\n<tr>\n<td>IR atstumas<\/td>\n<td>20 m<\/td>\n<\/tr>\n<tr>\n<td>Bangos ilgis<\/td>\n<td>850nm<\/td>\n<\/tr>\n<tr>\n<td>I\u0161mani \u0161viesa<\/td>\n<td>Yes<\/td>\n<\/tr>\n<tr>\n<td>Maks. rai\u0161ka<\/td>\n<td>2688 \u00d7 1520<\/td>\n<\/tr>\n<tr>\n<td>Pagrindinis srautas<\/td>\n<td>50Hz: 25fps (2688 \u00d7 1520, 2304 \u00d7 1296, 1920 \u00d7 1080, 1280 x 720) 60Hz: 24fps (2688 \u00d7 1520), 30fps (2304 \u00d7 1296, 1920 \u00d7 1080, 1280 x 720)<\/td>\n<\/tr>\n<tr>\n<td>Antrinis srautas<\/td>\n<td>50Hz: 25fps (640 \u00d7 480, 640 \u00d7 360, 320 \u00d7 240); 60Hz: 30fps (640 \u00d7 480, 640 \u00d7 360, 320 \u00d7 240)<\/td>\n<\/tr>\n<tr>\n<td>Vaizdo suspaudimas<\/td>\n<td>Main stream: H.265+\/H.265\/H.264+\/H.264; Sub-stream: H.265\/H.264 \/MJPEG<\/td>\n<\/tr>\n<tr>\n<td>Vaizdo bit\u0173 greitis<\/td>\n<td>32 Kbps to 16 Mbps<\/td>\n<\/tr>\n<tr>\n<td>H.264 tipas<\/td>\n<td>Main Profile\/High Profile<\/td>\n<\/tr>\n<tr>\n<td>H.265 tipas<\/td>\n<td>Main Profile<\/td>\n<\/tr>\n<tr>\n<td>Bit\u0173 grei\u010dio valdymas<\/td>\n<td>CBR\/VBR<\/td>\n<\/tr>\n<tr>\n<td>Srauto tipas<\/td>\n<td>Main stream, Sub-stream<\/td>\n<\/tr>\n<tr>\n<td>Kintantis \u012fra\u0161\u0173 kodavimas (SVC)<\/td>\n<td>H.264, H.265<\/td>\n<\/tr>\n<tr>\n<td>ROI<\/td>\n<td>1 fixed region for main stream and sub-stream<\/td>\n<\/tr>\n<tr>\n<td>\n<pre id=\"&quot;tw-target-text&quot;\" class=\"&quot;tw-data-text\" dir=\"&quot;ltr&quot;\" data-placeholder=\"&quot;Translation&quot;\">Vienalaikis tiesioginis vaizdas<\/pre>\n<\/td>\n<td>Up to 6 channels<\/td>\n<\/tr>\n<tr>\n<td>API<\/td>\n<td>ONVIF (PROFILE S, PROFILE G), ISAPI, SDK<\/td>\n<\/tr>\n<tr>\n<td>Protokolai<\/td>\n<td>TCP\/IP, ICMP, HTTP, HTTPS, FTP, DHCP, DNS, DDNS, RTP, RTSP, PPPoE, NTP, UPnP, SMTP, SNMP, IGMP, 802.1X, QoS, IPv6, UDP, Bonjour, SSL\/TLS<\/td>\n<\/tr>\n<tr>\n<td>User\/Host<\/td>\n<td>Up to 32 users 3 levels: Administrator, Operator and User<\/td>\n<\/tr>\n<tr>\n<td>Apsauga<\/td>\n<td>Password protection, complicated password, HTTPS encryption, 802.1X authentication (EAP-TLS 1.2, EAP-LEAP, EAP-MD5), watermark, IP address filter, basic and digest authentication for HTTP\/HTTPS, WSSE and digest authentication for ONVIF, TLS1.2<\/td>\n<\/tr>\n<tr>\n<td>Tinklo saugykla<\/td>\n<td>micro SD\/SDHC \/SDXC (256 G) local storage, and NAS (NFS, SMB\/CIFS), auto network replenishment (ANR)<\/td>\n<\/tr>\n<tr>\n<td>Klientas<\/td>\n<td>iVMS-4200, Hik-Connect, Hik-Central<\/td>\n<\/tr>\n<tr>\n<td>Nar\u0161ykl\u0117<\/td>\n<td>Plug-in free live view: Chrome45.0+, Firefox52.0+ Local service: Chrome41.0+, Firefox30.0+<\/td>\n<\/tr>\n<tr>\n<td>Diena\/naktis jungiklis<\/td>\n<td>Day, Night, Atuo, Schedule<\/td>\n<\/tr>\n<tr>\n<td>IVaizdo gerinimas<\/td>\n<td>BLC;HLC;EIS;Lens Distortion;3D DNR<\/td>\n<\/tr>\n<tr>\n<td>Vaizdo nustatymai<\/td>\n<td>Saturation;brightness;contrast;sharpness;rotate mode;white balance;AGC<\/td>\n<\/tr>\n<tr>\n<td>SNR<\/td>\n<td>\u2265 50 dB<\/td>\n<\/tr>\n<tr>\n<td>Privatumo kauk\u0117<\/td>\n<td>4 regions of privacy mask<\/td>\n<\/tr>\n<tr>\n<td>Saugykla<\/td>\n<td>Built-in micro SD\/SDHC\/SDXC slot, up to 256 GB<\/td>\n<\/tr>\n<tr>\n<td>Perkrovimas<\/td>\n<td>Yes<\/td>\n<\/tr>\n<tr>\n<td>Ry\u0161io s\u0105saja<\/td>\n<td>1 RJ45 10M\/100M self-adaptive Ethernet port<\/td>\n<\/tr>\n<tr>\n<td>I\u0161man\u016bs \u012fvykiai<\/td>\n<td>Line crossing detection, intrusion detecction, unattended baggage detextion, object removal detection, face detection, scene change detection<\/td>\n<\/tr>\n<tr>\n<td>Kalbos<\/td>\n<td>32 languages: English, Russian, Estonian, Bulgarian, Hungarian, Greek, German, Italian, Czech, Slovak, French, Polish, Dutch, Portuguese, Spanish, Romanian, Danish, Swedish, Norwegian, Finnish, Croatian, Slovenian, Serbian, Turkish, Korean, Traditional Chinese, Thai, Vietnamese, Japanese, Latvian, Lithuanian, Portuguese (Brazil)<\/td>\n<\/tr>\n<tr>\n<td>Pagrindin\u0117s funkcijos<\/td>\n<td>privacy mask;heart;mirror;flash log;password reset via e-mail;pixel counter<\/td>\n<\/tr>\n<tr>\n<td>Saugyklos darbo s\u0105lygos<\/td>\n<td>-30 \u00b0C to 60 \u00b0C (-22 \u00b0F to 140 \u00b0F). Humidity 95% or less (non-condensing)<\/td>\n<\/tr>\n<tr>\n<td>\n<div class=\"&quot;jhH5U&quot;\">\n<div id=\"&quot;tw-ob&quot;\" class=\"&quot;tw-src-ltr&quot;\">\n<div class=\"&quot;oSioSc&quot;\">\n<div id=\"&quot;tw-target&quot;\">\n<div id=\"&quot;kAz1tf&quot;\" class=\"&quot;g9WsWb&quot;\">\n<div id=\"&quot;tw-target-text-container&quot;\" class=\"&quot;tw-ta-container\">\n<pre id=\"&quot;tw-target-text&quot;\" class=\"&quot;tw-data-text\" dir=\"&quot;ltr&quot;\" data-placeholder=\"&quot;Translation&quot;\">Paleidimo ir eksploatavimo s\u0105lygos<\/pre>\n<\/div>\n<\/div>\n<\/div>\n<\/div>\n<\/div>\n<\/div>\n<\/td>\n<td>-30 \u00b0C to 60 \u00b0C (-22 \u00b0F to 140 \u00b0F). Humidity 95% or less (non-condensing)<\/td>\n<\/tr>\n<tr>\n<td>Maitinimas<\/td>\n<td>12 VDC \u00b1 25%; PoE: 802.3af, Class 3<\/td>\n<\/tr>\n<tr>\n<td>Galios suvartojimas ir srov\u0117<\/td>\n<td>12 VDC, 0.6 A, max. 7.2W PoE: (802.3af, 36 V-57 V), 0.3 A to 0.2 A, max. 8.7W<\/td>\n<\/tr>\n<tr>\n<td>Galios s\u0105saja<\/td>\n<td>\u03a65.5 mm coaxial power plug<\/td>\n<\/tr>\n<tr>\n<td>Med\u017eiaga<\/td>\n<td>Metal<\/td>\n<\/tr>\n<tr>\n<td>Kameros i\u0161matavimai<\/td>\n<td>Camera: \u03a6105 \u00d7 278 mm (\u03a64.1\u2033 \u00d7 10.9\u2033)<\/td>\n<\/tr>\n<tr>\n<td>Pakuot\u0117s i\u0161matavimai<\/td>\n<td>386 \u00d7 156 \u00d7 155 mm (15.20\u2033 \u00d7 6.14\u2033 \u00d7 6.10\u2033)<\/td>\n<\/tr>\n<tr>\n<td>Kameros svoris<\/td>\n<td>570 g (1.26 lb.)<\/td>\n<\/tr>\n<tr>\n<td>Svoris su pakuote<\/td>\n<td>760 g (1.68 lb.)<\/td>\n<\/tr>\n<tr>\n<td>Klas\u0117<\/td>\n<td>Class B<\/td>\n<\/tr>\n<tr>\n<td>Apsauga<\/td>\n<td>IP67<\/td>\n<\/tr>\n<tr>\n<td>EMC<\/td>\n<td>FCC (47 CFR Part 15, Subpart B); CE-EMC (EN 55032: 2015, EN 61000-3-2: 2014, EN 61000-3-3: 2013, EN 50130-4: 2011 +A1: 2014); RCM (AS\/NZS CISPR 32: 2015); IC (ICES-003: Issue 6, 2016); KC (KN 32: 2015, KN 35: 2015)<\/td>\n<\/tr>\n<tr>\n<td>Saugumo klas\u0117<\/td>\n<td>UL (UL 60950-1); CB (IEC 60950-1:2005 + Am 1:2009 + Am 2:2013); CE-LVD (EN 60950-1:2005 + Am 1:2009 + Am 2:2013); BIS (IS 13252(Part 1):2010+A1:2013+A2:2015); LOA (IEC\/EN 60950-1)<\/td>\n<\/tr>\n<tr>\n<td>Aplinka<\/td>\n<td>CE-RoHS (2011\/65\/EU); WEEE (2012\/19\/EU); Reach (Regulation (EC) No 1907\/2006)<\/td>\n<\/tr>\n<\/tbody>\n<\/table>\n","protected":false},"featured_media":839,"comment_status":"closed","ping_status":"closed","template":"","meta":[],"product_brand":[],"product_cat":[89],"product_tag":[32],"class_list":{"0":"post-2620","1":"product","2":"type-product","3":"status-publish","4":"has-post-thumbnail","6":"product_cat-4-mpx-ip-kameros-hikvision","7":"product_tag-hikvision","9":"first","10":"instock","11":"shipping-taxable","12":"purchasable","13":"product-type-simple"},"jetpack_sharing_enabled":true,"_links":{"self":[{"href":"https:\/\/apsaugos.lt\/index.php?rest_route=\/wp\/v2\/product\/2620","targetHints":{"allow":["GET"]}}],"collection":[{"href":"https:\/\/apsaugos.lt\/index.php?rest_route=\/wp\/v2\/product"}],"about":[{"href":"https:\/\/apsaugos.lt\/index.php?rest_route=\/wp\/v2\/types\/product"}],"replies":[{"embeddable":true,"href":"https:\/\/apsaugos.lt\/index.php?rest_route=%2Fwp%2Fv2%2Fcomments&post=2620"}],"wp:featuredmedia":[{"embeddable":true,"href":"https:\/\/apsaugos.lt\/index.php?rest_route=\/wp\/v2\/media\/839"}],"wp:attachment":[{"href":"https:\/\/apsaugos.lt\/index.php?rest_route=%2Fwp%2Fv2%2Fmedia&parent=2620"}],"wp:term":[{"taxonomy":"product_brand","embeddable":true,"href":"https:\/\/apsaugos.lt\/index.php?rest_route=%2Fwp%2Fv2%2Fproduct_brand&post=2620"},{"taxonomy":"product_cat","embeddable":true,"href":"https:\/\/apsaugos.lt\/index.php?rest_route=%2Fwp%2Fv2%2Fproduct_cat&post=2620"},{"taxonomy":"product_tag","embeddable":true,"href":"https:\/\/apsaugos.lt\/index.php?rest_route=%2Fwp%2Fv2%2Fproduct_tag&post=2620"}],"curies":[{"name":"wp","href":"https:\/\/api.w.org\/{rel}","templated":true}]}}