{"id":2622,"date":"2021-02-22T12:26:13","date_gmt":"2021-02-22T10:26:13","guid":{"rendered":"http:\/\/apsaugos.lt\/?product=import-placeholder-for-8151"},"modified":"2021-02-22T12:26:16","modified_gmt":"2021-02-22T10:26:16","slug":"hikvision-ds-kv8413-wme1","status":"publish","type":"product","link":"https:\/\/apsaugos.lt\/?product=hikvision-ds-kv8413-wme1","title":{"rendered":"Hikvision DS-KV8413-WME1"},"content":{"rendered":"<ul>\n<li>4 mygtuk\u0173(dur\u0173) IP i\u0161kvietimo modulis<\/li>\n<li>Palaiko W-Fi ir interneto konfig\u016bracij\u0105<\/li>\n<li>2MP HD kamera su pa\u0161vietimu<\/li>\n<li>Mifare korteli\u0173 skaitytuvas<\/li>\n<li>RS-485<\/li>\n<li>Aluminio korpusas IP65<\/li>\n<\/ul>\n","protected":false},"excerpt":{"rendered":"<table class=\"table-data-sheet\">\n<tbody>\n<tr class=\"odd\">\n<td>Brand<\/td>\n<td>Hikvision<\/td>\n<\/tr>\n<tr class=\"even\">\n<td>Product Code<\/td>\n<td>DS-KV8413-WME1<\/td>\n<\/tr>\n<tr class=\"odd\">\n<td>Operation System<\/td>\n<td>Embedded Linux operation system<\/td>\n<\/tr>\n<tr class=\"even\">\n<td>Operation Method<\/td>\n<td>Four-button<\/td>\n<\/tr>\n<tr class=\"odd\">\n<td>Wired Network<\/td>\n<td>10\/100 Mbps Ethernet<\/td>\n<\/tr>\n<tr class=\"even\">\n<td>Wireless Network<\/td>\n<td>802.11b\/g\/n<\/td>\n<\/tr>\n<tr class=\"odd\">\n<td>Micro SD card<\/td>\n<td>Max to 128 G<\/td>\n<\/tr>\n<tr class=\"even\">\n<td>Camera<\/td>\n<td>2MP HD camera<\/td>\n<\/tr>\n<tr class=\"odd\">\n<td>Field of View<\/td>\n<td>Horizontal: 129\u00b0 Vertical: 75\u00b0<\/td>\n<\/tr>\n<tr class=\"even\">\n<td>Video Compression<\/td>\n<td>H.264<\/td>\n<\/tr>\n<tr class=\"odd\">\n<td>RFID reader<\/td>\n<td>Mifare card<\/td>\n<\/tr>\n<tr class=\"even\">\n<td>Power Supply<\/td>\n<td>Standard PoE\/12 VDC<\/td>\n<\/tr>\n<tr class=\"odd\">\n<td>Power Consumption<\/td>\n<td>Max. 10W<\/td>\n<\/tr>\n<tr class=\"even\">\n<td>Coverage Level<\/td>\n<td>IP65, IK08<\/td>\n<\/tr>\n<tr class=\"odd\">\n<td>Operating Temperature<\/td>\n<td>-40\u00b0 C to 53\u00b0 C<\/td>\n<\/tr>\n<tr class=\"even\">\n<td>Humidity Range<\/td>\n<td>10% to 95%<\/td>\n<\/tr>\n<tr class=\"odd\">\n<td>Dimensions<\/td>\n<td>174 mm \u00d7 91 mm \u00d7 29 mm<\/td>\n<\/tr>\n<tr class=\"even\">\n<td>Installation<\/td>\n<td>Surface mounting \/ Flush mounting<\/td>\n<\/tr>\n<tr class=\"odd\">\n<td>Launch Date<\/td>\n<td>2019<\/td>\n<\/tr>\n<\/tbody>\n<\/table>\n","protected":false},"featured_media":841,"comment_status":"closed","ping_status":"closed","template":"","meta":[],"product_brand":[],"product_cat":[128],"product_tag":[32],"class_list":{"0":"post-2622","1":"product","2":"type-product","3":"status-publish","4":"has-post-thumbnail","6":"product_cat-ip-telefonspynes","7":"product_tag-hikvision","9":"first","10":"instock","11":"shipping-taxable","12":"purchasable","13":"product-type-simple"},"jetpack_sharing_enabled":true,"_links":{"self":[{"href":"https:\/\/apsaugos.lt\/index.php?rest_route=\/wp\/v2\/product\/2622","targetHints":{"allow":["GET"]}}],"collection":[{"href":"https:\/\/apsaugos.lt\/index.php?rest_route=\/wp\/v2\/product"}],"about":[{"href":"https:\/\/apsaugos.lt\/index.php?rest_route=\/wp\/v2\/types\/product"}],"replies":[{"embeddable":true,"href":"https:\/\/apsaugos.lt\/index.php?rest_route=%2Fwp%2Fv2%2Fcomments&post=2622"}],"wp:featuredmedia":[{"embeddable":true,"href":"https:\/\/apsaugos.lt\/index.php?rest_route=\/wp\/v2\/media\/841"}],"wp:attachment":[{"href":"https:\/\/apsaugos.lt\/index.php?rest_route=%2Fwp%2Fv2%2Fmedia&parent=2622"}],"wp:term":[{"taxonomy":"product_brand","embeddable":true,"href":"https:\/\/apsaugos.lt\/index.php?rest_route=%2Fwp%2Fv2%2Fproduct_brand&post=2622"},{"taxonomy":"product_cat","embeddable":true,"href":"https:\/\/apsaugos.lt\/index.php?rest_route=%2Fwp%2Fv2%2Fproduct_cat&post=2622"},{"taxonomy":"product_tag","embeddable":true,"href":"https:\/\/apsaugos.lt\/index.php?rest_route=%2Fwp%2Fv2%2Fproduct_tag&post=2622"}],"curies":[{"name":"wp","href":"https:\/\/api.w.org\/{rel}","templated":true}]}}