{"id":2624,"date":"2021-02-22T12:26:13","date_gmt":"2021-02-22T10:26:13","guid":{"rendered":"http:\/\/apsaugos.lt\/?product=import-placeholder-for-8188"},"modified":"2021-02-22T12:26:16","modified_gmt":"2021-02-22T10:26:16","slug":"universalus-kopijavimo-aparatas-125khz-1356-mhz-ssg-rw25p","status":"publish","type":"product","link":"https:\/\/apsaugos.lt\/?product=universalus-kopijavimo-aparatas-125khz-1356-mhz-ssg-rw25p","title":{"rendered":"Universalus kopijavimo aparatas 125KHz\/ 13,56 Mhz SSG-RW25P"},"content":{"rendered":"<p>Universalus kopijavimo aparatas skirtas pra\u0117jimo kontrol\u0117s korteli\u0173 kopijavimui .<\/p>\n<p>Palaiko standartinius protokolus, bei skirtingus da\u017enius.<\/p>\n<p>Turi pasijungimo prie kompiuterio programin\u0117s \u012frangos opcij\u0105 ( aktual\u0173 kopijuojant mifare tipo korteles )<\/p>\n","protected":false},"excerpt":{"rendered":"<p>Palaikomi da\u017eniai :<\/p>\n<p>HID &#8211; 125 Khz ( HID tipo kortel\u0117ms 26 bit\u0173 )<br \/>\nID-1000 Khz<br \/>\nID-875 Khz<br \/>\nID-750Khz<br \/>\nID-625 Khz<br \/>\nID-500 Khz<br \/>\nID-375 Khz<br \/>\nID-250 Khz<br \/>\nID-125 Khz<br \/>\nIC-13,56 Mhz<\/p>\n<p>USB s\u0105saja &#8211; TAIP<\/p>\n<p>Maitinimas : 4 AAA tipo elementai<\/p>\n<p>Nemokama programin\u0117 \u012frang\u0105 : Taip<\/p>\n","protected":false},"featured_media":843,"comment_status":"closed","ping_status":"closed","template":"","meta":[],"product_brand":[],"product_cat":[25],"product_tag":[],"class_list":{"0":"post-2624","1":"product","2":"type-product","3":"status-publish","4":"has-post-thumbnail","6":"product_cat-korteliu-skaitytuvai","8":"first","9":"instock","10":"shipping-taxable","11":"purchasable","12":"product-type-simple"},"jetpack_sharing_enabled":true,"_links":{"self":[{"href":"https:\/\/apsaugos.lt\/index.php?rest_route=\/wp\/v2\/product\/2624","targetHints":{"allow":["GET"]}}],"collection":[{"href":"https:\/\/apsaugos.lt\/index.php?rest_route=\/wp\/v2\/product"}],"about":[{"href":"https:\/\/apsaugos.lt\/index.php?rest_route=\/wp\/v2\/types\/product"}],"replies":[{"embeddable":true,"href":"https:\/\/apsaugos.lt\/index.php?rest_route=%2Fwp%2Fv2%2Fcomments&post=2624"}],"wp:featuredmedia":[{"embeddable":true,"href":"https:\/\/apsaugos.lt\/index.php?rest_route=\/wp\/v2\/media\/843"}],"wp:attachment":[{"href":"https:\/\/apsaugos.lt\/index.php?rest_route=%2Fwp%2Fv2%2Fmedia&parent=2624"}],"wp:term":[{"taxonomy":"product_brand","embeddable":true,"href":"https:\/\/apsaugos.lt\/index.php?rest_route=%2Fwp%2Fv2%2Fproduct_brand&post=2624"},{"taxonomy":"product_cat","embeddable":true,"href":"https:\/\/apsaugos.lt\/index.php?rest_route=%2Fwp%2Fv2%2Fproduct_cat&post=2624"},{"taxonomy":"product_tag","embeddable":true,"href":"https:\/\/apsaugos.lt\/index.php?rest_route=%2Fwp%2Fv2%2Fproduct_tag&post=2624"}],"curies":[{"name":"wp","href":"https:\/\/api.w.org\/{rel}","templated":true}]}}