{"id":2625,"date":"2021-02-22T12:26:13","date_gmt":"2021-02-22T10:26:13","guid":{"rendered":"http:\/\/apsaugos.lt\/?product=import-placeholder-for-8190"},"modified":"2021-02-22T12:26:16","modified_gmt":"2021-02-22T10:26:16","slug":"kelio-uztvaras-slagbaumas-ku-6ms","status":"publish","type":"product","link":"https:\/\/apsaugos.lt\/?product=kelio-uztvaras-slagbaumas-ku-6ms","title":{"rendered":"Kelio u\u017etvaras (\u0161lagbaumas) KU-6MS"},"content":{"rendered":"<p>Kelio u\u017etvaras su nuolatin\u0117s \u012ftampos DC Servo varikliu ( PMSM ) . Kelio u\u017etvaras puikiai tinka intensyviam naudojimui. PMSM variklio d\u0117ka gaunamas didelis sukimo momentas, bei didesnis jautrumas kli\u016bties apkrovai.<\/p>\n","protected":false},"excerpt":{"rendered":"<p>Vaikimo greitis : 5S<br \/>\nKart\u0117s tipas : Teleskopin\u0117<br \/>\nKart\u0117s ilgis : 6 metrai<br \/>\nMaitinimo \u012ftampa AC220V \u00b1 10%, AC110V \u00b1 10%<br \/>\nDa\u017enis : 50 \/ 60Hz<br \/>\nVariklio \u012ftampa : DC310V<br \/>\nKorpuso klasifikacija : IP54<br \/>\nDarbin\u0117 temperat\u016bra : -35 \u00b0 C ~ + 85 \u00b0 C<br \/>\nVeikimo ciklas : 3 milijonus kart\u0173<br \/>\nEismo srauto pritaikymas 24 valandas nepertraukiamai<br \/>\nDid\u017eiausia variklio galia : 120W<br \/>\nDid\u017eiausias variklio greitis : 24r \/ min<br \/>\nDid\u017eiausias sukimo momentas : 240N.m<\/p>\n","protected":false},"featured_media":844,"comment_status":"closed","ping_status":"closed","template":"","meta":[],"product_brand":[],"product_cat":[17],"product_tag":[109,18],"class_list":{"0":"post-2625","1":"product","2":"type-product","3":"status-publish","4":"has-post-thumbnail","6":"product_cat-kelio-uztvarai-kelio-uztvarai","7":"product_tag-kelio-uztvaras","8":"product_tag-slagbaumas","10":"first","11":"instock","12":"sale","13":"shipping-taxable","14":"purchasable","15":"product-type-simple"},"jetpack_sharing_enabled":true,"_links":{"self":[{"href":"https:\/\/apsaugos.lt\/index.php?rest_route=\/wp\/v2\/product\/2625","targetHints":{"allow":["GET"]}}],"collection":[{"href":"https:\/\/apsaugos.lt\/index.php?rest_route=\/wp\/v2\/product"}],"about":[{"href":"https:\/\/apsaugos.lt\/index.php?rest_route=\/wp\/v2\/types\/product"}],"replies":[{"embeddable":true,"href":"https:\/\/apsaugos.lt\/index.php?rest_route=%2Fwp%2Fv2%2Fcomments&post=2625"}],"wp:featuredmedia":[{"embeddable":true,"href":"https:\/\/apsaugos.lt\/index.php?rest_route=\/wp\/v2\/media\/844"}],"wp:attachment":[{"href":"https:\/\/apsaugos.lt\/index.php?rest_route=%2Fwp%2Fv2%2Fmedia&parent=2625"}],"wp:term":[{"taxonomy":"product_brand","embeddable":true,"href":"https:\/\/apsaugos.lt\/index.php?rest_route=%2Fwp%2Fv2%2Fproduct_brand&post=2625"},{"taxonomy":"product_cat","embeddable":true,"href":"https:\/\/apsaugos.lt\/index.php?rest_route=%2Fwp%2Fv2%2Fproduct_cat&post=2625"},{"taxonomy":"product_tag","embeddable":true,"href":"https:\/\/apsaugos.lt\/index.php?rest_route=%2Fwp%2Fv2%2Fproduct_tag&post=2625"}],"curies":[{"name":"wp","href":"https:\/\/api.w.org\/{rel}","templated":true}]}}