{"id":2629,"date":"2021-02-22T12:26:14","date_gmt":"2021-02-22T10:26:14","guid":{"rendered":"http:\/\/apsaugos.lt\/?product=import-placeholder-for-8226"},"modified":"2021-02-22T12:26:17","modified_gmt":"2021-02-22T10:26:17","slug":"tiras-prime-8l","status":"publish","type":"product","link":"https:\/\/apsaugos.lt\/?product=tiras-prime-8l","title":{"rendered":"Tiras PRIME 8L"},"content":{"rendered":"<h4>Zonos<\/h4>\n<ul id=\"l1\">\n<li>Zon\u0173 skai\u010dius: 8 bazin\u0117s zonos, kurias galima i\u0161sipl\u0117sti iki 20 zon\u0173;<\/li>\n<li>Zonos \u012ftampa: 24 V (nominali vert\u0117);<\/li>\n<li>Detektori\u0173 skai\u010dius zonoje: ne daugiau kaip 32 vnt.;<\/li>\n<li>Terminalo var\u017ea: 6,8 kOhms arba 3.9 kOhms;<\/li>\n<li>Papildoma rezistencijos var\u017ea (dviej\u0173 laid\u0173 grandin\u0117): 1kOm;<\/li>\n<li>\u0160unto rezistencijos atsparumas (keturi\u0173 laid\u0173 grandin\u0117): nepalaikomas.<br \/>\n<h4>I\u0161\u0117jimai<\/h4>\n<\/li>\n<li>I\u0161\u0117jim\u0173 tipai\/kiekiai: 2 &#8222;\u012fsp\u0117jimo&#8221; i\u0161\u0117jimai, 2 programuojami rel\u0117s i\u0161\u0117jimai, i\u0161\u0117jimai &#8222;ugnis&#8221; ir &#8222;klaida&#8221;.<br \/>\n<h4>Prograin\u0117 \u012franga:<\/h4>\n<\/li>\n<li>tLoader\/operacin\u0117 sistema: WindowsXP\/7\/8\/10, Androidas (su OTG).<br \/>\n<h4>Zon\u0173 i\u0161pl\u0117timo moduliai, papildomi i\u0161\u0117jimai<\/h4>\n<\/li>\n<li>Moduliai: M-Z (f), M-OUT4R.<\/li>\n<li>Maksimalus moduli\u0173 skai\u010dius: M-Z (f) \u2013 1 vnt., M-OUT4R \u2013 1 vnt.<br \/>\n<h4>Maitinimo blokas<\/h4>\n<\/li>\n<li>Pirminis maitinimo \u0161altinis ir srov\u0117s suvartojimas: 220V (-15% + 10%), 50 \u00b1 1 Hz, 0,27 A;<\/li>\n<li>Maksimali srov\u0117s apkrova ant i\u0161\u0117jim\u0173 (i\u0161oriniams \u012frenginiams): 2x24V x400 mA;<\/li>\n<li>Maksimali srov\u0117 ant \u012fsp\u0117jimo i\u0161\u0117jimo: 2&#215;3 A (perjungimas);<\/li>\n<li>Rezervin\u0117 baterija-tipas\/talpa: 2 \u0161vino-r\u016bg\u0161tin\u0117s baterijos\/ 7 Ah, 12 V arba 9 Ah, 12 V;<\/li>\n<li>Minimalus srov\u0117s suvartojimas i\u0161 baterijos: 75 mA.<br \/>\n<h4>Bendrosios charakteristikos<\/h4>\n<\/li>\n<li>Darbin\u0117 temperat\u016bra: nuo-5 \u00b0 c iki + 40 \u00b0 c;<\/li>\n<li>Matmenys: 350x370x96 mm;<\/li>\n<li>Svoris: 4 kg (be akumuliatoriaus);<\/li>\n<li>Korpuso med\u017eiaga: plastikas;<\/li>\n<li>Gaubto apsaugos klas\u0117: IP30;<\/li>\n<li>Vidutin\u0117 veikimo trukm\u0117: ne ma\u017eiau kaip 10 met\u0173.<br \/>\n<h4>Prie\u0161gaisrin\u0117s signalizacijos valdymo pulto savyb\u0117s:<\/h4>\n<\/li>\n<li>Patikrinmas pagal A, B ir C tipus zonose (pagal EN 54-2);<\/li>\n<li>\u012evyki\u0173 \u017eurnalas \u2013 1000 \u012fvyki\u0173;<\/li>\n<li>Realus laiko laikrodis;<\/li>\n<li>Nakties ir dienos re\u017eimas;<\/li>\n<li>Scenarijai i\u0161\u0117jimams;<\/li>\n<li>USB jungtis;<\/li>\n<li>I\u0161manusis \u012fkroviklis;<\/li>\n<li>Galingas impulsinis maitinimo \u0161altinis.<\/li>\n<\/ul>\n","protected":false},"excerpt":{"rendered":"<ul>\n<li>8 bazin\u0117s aliarmo zonos su galimybe i\u0161pl\u0117sti iki 20 su M-Z(f) moduliu.<\/li>\n<li>3 verifikacijos tipai<\/li>\n<li>2\u00a0programuojami reliniai i\u0161\u0117jimai<\/li>\n<li>2 &#8222;Notification&#8221; kontroliuojami i\u0161\u0117jimai<\/li>\n<li>&#8222;Fire&#8221;\u00a0ir &#8222;Fault&#8221; i\u0161\u0117jimai.<\/li>\n<\/ul>\n","protected":false},"featured_media":1398,"comment_status":"closed","ping_status":"closed","template":"","meta":[],"product_brand":[],"product_cat":[211],"product_tag":[212],"class_list":{"0":"post-2629","1":"product","2":"type-product","3":"status-publish","4":"has-post-thumbnail","6":"product_cat-konvencines-centrales","7":"product_tag-tiras","9":"first","10":"instock","11":"shipping-taxable","12":"purchasable","13":"product-type-simple"},"jetpack_sharing_enabled":true,"_links":{"self":[{"href":"https:\/\/apsaugos.lt\/index.php?rest_route=\/wp\/v2\/product\/2629","targetHints":{"allow":["GET"]}}],"collection":[{"href":"https:\/\/apsaugos.lt\/index.php?rest_route=\/wp\/v2\/product"}],"about":[{"href":"https:\/\/apsaugos.lt\/index.php?rest_route=\/wp\/v2\/types\/product"}],"replies":[{"embeddable":true,"href":"https:\/\/apsaugos.lt\/index.php?rest_route=%2Fwp%2Fv2%2Fcomments&post=2629"}],"wp:featuredmedia":[{"embeddable":true,"href":"https:\/\/apsaugos.lt\/index.php?rest_route=\/wp\/v2\/media\/1398"}],"wp:attachment":[{"href":"https:\/\/apsaugos.lt\/index.php?rest_route=%2Fwp%2Fv2%2Fmedia&parent=2629"}],"wp:term":[{"taxonomy":"product_brand","embeddable":true,"href":"https:\/\/apsaugos.lt\/index.php?rest_route=%2Fwp%2Fv2%2Fproduct_brand&post=2629"},{"taxonomy":"product_cat","embeddable":true,"href":"https:\/\/apsaugos.lt\/index.php?rest_route=%2Fwp%2Fv2%2Fproduct_cat&post=2629"},{"taxonomy":"product_tag","embeddable":true,"href":"https:\/\/apsaugos.lt\/index.php?rest_route=%2Fwp%2Fv2%2Fproduct_tag&post=2629"}],"curies":[{"name":"wp","href":"https:\/\/api.w.org\/{rel}","templated":true}]}}