{"id":2630,"date":"2021-02-22T12:26:14","date_gmt":"2021-02-22T10:26:14","guid":{"rendered":"http:\/\/apsaugos.lt\/?product=import-placeholder-for-8228"},"modified":"2021-02-22T12:26:17","modified_gmt":"2021-02-22T10:26:17","slug":"inim-konvencine-centrale-020-4","status":"publish","type":"product","link":"https:\/\/apsaugos.lt\/?product=inim-konvencine-centrale-020-4","title":{"rendered":"INIM konvencin\u0117 central\u0117 020-4"},"content":{"rendered":"<p>SmartLine020 konvencin\u0117 gaisro central\u0117 4 zon\u0173, ple\u010diama iki 20 zon\u0173 su SmarLine\/8Z 8- zon\u0173 i\u0161pl\u0117timo plok\u0161t\u0117mis. Kompakti\u0161ka, lengvai programuojama ir valdoma gaisro central\u0117. SmartLine020 central\u0117je numatyta vieta SmartLetLoose\/ONE gaisro gesinimo moduliui. \u0160is modulis EN12094-1 patvirtintas, ir si\u016blo vis\u0105 eil\u0119 funkcij\u0173 gaisro gesinimo sistemai valdyti. SmartLine020 central\u0117 turi 2 kontroliuojamus i\u0161\u0117jimus aliarmo ir gedimo signalizavimui (i\u0161\u0117jim\u0173 efektyvumas nuolat stebimas).<\/p>\n<ul>\n<li>4 zon\u0173, ple\u010diama iki 20 zon\u0173 su 8 zon\u0173 i\u0161pl\u0117timo plok\u0161t\u0117mis;<\/li>\n<li>palaiko 4 nuotolinio valdymo kartotuvo paneles;<\/li>\n<li>baterijos atjungimas nuo pilno i\u0161krovimo;<\/li>\n<li>ap\u0161viestas LCD ekranas;<\/li>\n<li>kiekvienai zonai galima prijungti iki 30 gaisro detektori\u0173;<\/li>\n<li>kontroliuojamas 24 V aliarmo i\u0161\u0117jimas siren\u0173, garso signal\u0173 ir pavojaus blyks\u010di\u0173 aktyvacijai;<\/li>\n<li>kiekviena zona turi konfig\u016bruojam\u0105 \u012f\u0117jimo\/i\u0161\u0117jimo kontakt\u0105;<\/li>\n<li>kontroliuojamas i\u0161\u0117jimas telefono rinkimo aktyvavimui;<\/li>\n<li>techninio aptarnavimo re\u017eimas;<\/li>\n<li>aliarm\u0173\/klaid\u0173 atmintis;<\/li>\n<li>priekin\u0117s panel\u0117s lipdukas lietuvi\u0173 kalba;<\/li>\n<li>maitinimas: 230 VAC \u00b110%<\/li>\n<li>du 12 V 7 Ah akumuliatoriai;<\/li>\n<li>matmenys (P x A x I): 325 x 325 x 80mm;<\/li>\n<\/ul>\n","protected":false},"excerpt":{"rendered":"<ul>\n<li>\n<div>Konvencin\u0117 prie\u0161gaisrin\u0117 central\u0117;<\/div>\n<\/li>\n<li>\n<div>4 zon\u0173, ple\u010diama iki 20 zon\u0173;<\/div>\n<\/li>\n<li>\n<div>palaiko 4 nuotolinio valdymo kartotuvo paneles;<\/div>\n<\/li>\n<li>\n<div>LCD ekranas;<\/div>\n<\/li>\n<li>\n<div>zonai galima prijungti iki 30 gaisro detektori\u0173;<\/div>\n<\/li>\n<li>\n<div>kontroliuojamas 24 V aliarmo i\u0161\u0117jimas ;<\/div>\n<\/li>\n<li>\n<div>kiekviena zona turi konfig\u016bruojam\u0105 \u012f\u0117jimo\/i\u0161\u0117jimo kontakt\u0105;<\/div>\n<\/li>\n<li>\n<div>kontroliuojamas i\u0161\u0117jimas telefono rinkimo aktyvavimui;<\/div>\n<\/li>\n<li>\n<div>aliarm\u0173\/klaid\u0173 atmintis;<\/div>\n<\/li>\n<li>\n<div>patvirtinta EN54 ir GTC.<\/div>\n<\/li>\n<\/ul>\n","protected":false},"featured_media":1399,"comment_status":"closed","ping_status":"closed","template":"","meta":[],"product_brand":[],"product_cat":[211],"product_tag":[213],"class_list":{"0":"post-2630","1":"product","2":"type-product","3":"status-publish","4":"has-post-thumbnail","6":"product_cat-konvencines-centrales","7":"product_tag-inim","9":"first","10":"instock","11":"shipping-taxable","12":"purchasable","13":"product-type-simple"},"jetpack_sharing_enabled":true,"_links":{"self":[{"href":"https:\/\/apsaugos.lt\/index.php?rest_route=\/wp\/v2\/product\/2630","targetHints":{"allow":["GET"]}}],"collection":[{"href":"https:\/\/apsaugos.lt\/index.php?rest_route=\/wp\/v2\/product"}],"about":[{"href":"https:\/\/apsaugos.lt\/index.php?rest_route=\/wp\/v2\/types\/product"}],"replies":[{"embeddable":true,"href":"https:\/\/apsaugos.lt\/index.php?rest_route=%2Fwp%2Fv2%2Fcomments&post=2630"}],"wp:featuredmedia":[{"embeddable":true,"href":"https:\/\/apsaugos.lt\/index.php?rest_route=\/wp\/v2\/media\/1399"}],"wp:attachment":[{"href":"https:\/\/apsaugos.lt\/index.php?rest_route=%2Fwp%2Fv2%2Fmedia&parent=2630"}],"wp:term":[{"taxonomy":"product_brand","embeddable":true,"href":"https:\/\/apsaugos.lt\/index.php?rest_route=%2Fwp%2Fv2%2Fproduct_brand&post=2630"},{"taxonomy":"product_cat","embeddable":true,"href":"https:\/\/apsaugos.lt\/index.php?rest_route=%2Fwp%2Fv2%2Fproduct_cat&post=2630"},{"taxonomy":"product_tag","embeddable":true,"href":"https:\/\/apsaugos.lt\/index.php?rest_route=%2Fwp%2Fv2%2Fproduct_tag&post=2630"}],"curies":[{"name":"wp","href":"https:\/\/api.w.org\/{rel}","templated":true}]}}