{"id":2632,"date":"2021-02-22T12:26:14","date_gmt":"2021-02-22T10:26:14","guid":{"rendered":"http:\/\/apsaugos.lt\/?product=import-placeholder-for-8232"},"modified":"2021-02-22T12:26:17","modified_gmt":"2021-02-22T10:26:17","slug":"inim-konvencine-centrale-036-4","status":"publish","type":"product","link":"https:\/\/apsaugos.lt\/?product=inim-konvencine-centrale-036-4","title":{"rendered":"INIM konvencin\u0117 central\u0117 036-4"},"content":{"rendered":"<ul>\n<li>4 zon\u0173, ple\u010diama iki 36 zon\u0173 su 8-zon\u0173 i\u0161pl\u0117timo plok\u0161t\u0117mis<\/li>\n<li>Palaiko 4 nuotolinio-valdymo kartotuvo paneles<\/li>\n<li>Patvirtinta EN54 ir GTC<\/li>\n<li>Baterijos atjungimas nuo pilno i\u0161krovimo<\/li>\n<li>Ap\u0161viestas LCD ekranas<\/li>\n<li>Kiekvienai zonai galima prijungti iki 30 gaisro detektori\u0173<\/li>\n<li>Kontroliuojamas 24 V aliarmo i\u0161\u0117jimas siren\u0173, garso signal\u0173 ir pavojaus blyks\u010di\u0173 aktyvacijai<\/li>\n<li>Kiekviena zona turi konfig\u016bruojam\u0105 \u012f\u0117jimo\/i\u0161\u0117jimo kontakt\u0105<\/li>\n<li>Kontroliuojamas i\u0161\u0117jimas telefono rinkimo aktyvavimui<\/li>\n<li>Techninio aptarnavimo re\u017eimas<\/li>\n<li>Aliarm\u0173\/klaid\u0173 atmintis<\/li>\n<li>Priekin\u0117s panel\u0117s lipdukas lietuvi\u0173 kalba<\/li>\n<li>Maitinimas: 230 VAC \u00b110%<\/li>\n<li>Du 12 V 17 Ah akumuliatoriai<\/li>\n<li>Matmenys (P x A x I): 497 x 380 x 87mm<\/li>\n<\/ul>\n","protected":false},"excerpt":{"rendered":"<ul>\n<li>SmartLine3604 konvencin\u0117 gaisro apsaugos central\u0117<\/li>\n<li>4 zon\u0173, ple\u010diama iki 36 zon\u0173 su 8-zon\u0173 i\u0161pl\u0117timo plok\u0161t\u0117mis<\/li>\n<li>Palaiko 4 nuotolinio-valdymo kartotuvo paneles<\/li>\n<\/ul>\n","protected":false},"featured_media":1401,"comment_status":"closed","ping_status":"closed","template":"","meta":[],"product_brand":[],"product_cat":[211],"product_tag":[],"class_list":{"0":"post-2632","1":"product","2":"type-product","3":"status-publish","4":"has-post-thumbnail","6":"product_cat-konvencines-centrales","8":"first","9":"instock","10":"shipping-taxable","11":"purchasable","12":"product-type-simple"},"jetpack_sharing_enabled":true,"_links":{"self":[{"href":"https:\/\/apsaugos.lt\/index.php?rest_route=\/wp\/v2\/product\/2632","targetHints":{"allow":["GET"]}}],"collection":[{"href":"https:\/\/apsaugos.lt\/index.php?rest_route=\/wp\/v2\/product"}],"about":[{"href":"https:\/\/apsaugos.lt\/index.php?rest_route=\/wp\/v2\/types\/product"}],"replies":[{"embeddable":true,"href":"https:\/\/apsaugos.lt\/index.php?rest_route=%2Fwp%2Fv2%2Fcomments&post=2632"}],"wp:featuredmedia":[{"embeddable":true,"href":"https:\/\/apsaugos.lt\/index.php?rest_route=\/wp\/v2\/media\/1401"}],"wp:attachment":[{"href":"https:\/\/apsaugos.lt\/index.php?rest_route=%2Fwp%2Fv2%2Fmedia&parent=2632"}],"wp:term":[{"taxonomy":"product_brand","embeddable":true,"href":"https:\/\/apsaugos.lt\/index.php?rest_route=%2Fwp%2Fv2%2Fproduct_brand&post=2632"},{"taxonomy":"product_cat","embeddable":true,"href":"https:\/\/apsaugos.lt\/index.php?rest_route=%2Fwp%2Fv2%2Fproduct_cat&post=2632"},{"taxonomy":"product_tag","embeddable":true,"href":"https:\/\/apsaugos.lt\/index.php?rest_route=%2Fwp%2Fv2%2Fproduct_tag&post=2632"}],"curies":[{"name":"wp","href":"https:\/\/api.w.org\/{rel}","templated":true}]}}