{"id":2633,"date":"2021-02-22T12:26:14","date_gmt":"2021-02-22T10:26:14","guid":{"rendered":"http:\/\/apsaugos.lt\/?product=import-placeholder-for-8234"},"modified":"2021-02-22T12:26:18","modified_gmt":"2021-02-22T10:26:18","slug":"detektorius-dumu-sd119-2l-su-led-indikatoriumi","status":"publish","type":"product","link":"https:\/\/apsaugos.lt\/?product=detektorius-dumu-sd119-2l-su-led-indikatoriumi","title":{"rendered":"Detektorius d\u016bm\u0173 SD119-2L su LED indikatoriumi"},"content":{"rendered":"<table>\n<tbody>\n<tr>\n<td>Maitinimas<\/td>\n<td>\u00a024V<\/td>\n<\/tr>\n<tr>\n<td>Jautrumas<\/td>\n<td>\u00a0EN 54-5\/7:2000 standard<\/td>\n<\/tr>\n<tr>\n<td>Lub\u0173 tarpas<\/td>\n<td>\u00a050 foot rating for heat sensor<\/td>\n<\/tr>\n<tr>\n<td>Paledimo srov\u0117<\/td>\n<td>\u00a070 mA Maximum<\/td>\n<\/tr>\n<tr>\n<td>Pavojaus signalo var\u017ea<\/td>\n<td>\u00a0for 2-wire models: 100\u00a3[+3V max; 560\u00a3[+3V max (red LED open circuit)<\/td>\n<\/tr>\n<tr>\n<td>Paleidimo i\u0161 naujo \u012ftampa (Reset)<\/td>\n<td>\u00a0less than 1 volt<\/td>\n<\/tr>\n<tr>\n<td>Reset laikas<\/td>\n<td>\u00a0less than 1 second<\/td>\n<\/tr>\n<tr>\n<td>Pavojaus indikacija<\/td>\n<td>\u00a0continuously emitting red light<\/td>\n<\/tr>\n<tr>\n<td>Temperat\u016bra<\/td>\n<td>\u00a0-10\u00b0C to 50\u00b0C<\/td>\n<\/tr>\n<tr>\n<td>Nuotolin\u0117 i\u0161vestis<\/td>\n<td>\u00a015 mA max., diode gate<\/td>\n<\/tr>\n<tr>\n<td>Leistina srov\u0117<\/td>\n<td>\u00a080mA maximum<\/td>\n<\/tr>\n<tr>\n<td>Santykinis oro dr\u0117gnumas<\/td>\n<td>\u00a00 to 95% RH, no condensation<\/td>\n<\/tr>\n<tr>\n<td>Pavojaus signalo kontaktas<\/td>\n<td>\u00a0(for 4-wire) NO or NC Operation<\/td>\n<\/tr>\n<tr>\n<td>Form A<\/td>\n<td>\u00a01.0A@30VDC\/0.5A@125VAC<\/td>\n<\/tr>\n<tr>\n<td>I\u0161matavimai<\/td>\n<td>\u00a010mm (D) x 46mm (H) with base<\/td>\n<\/tr>\n<\/tbody>\n<\/table>\n","protected":false},"excerpt":{"rendered":"<ul>\n<li>2 laid\u0173 optinis d\u016bm\u0173 detektorius<\/li>\n<li>Maitinimas 12-28VDC<\/li>\n<\/ul>\n","protected":false},"featured_media":1402,"comment_status":"closed","ping_status":"closed","template":"","meta":[],"product_brand":[],"product_cat":[214],"product_tag":[],"class_list":{"0":"post-2633","1":"product","2":"type-product","3":"status-publish","4":"has-post-thumbnail","6":"product_cat-konvencinei-jutikliai","8":"first","9":"instock","10":"shipping-taxable","11":"purchasable","12":"product-type-simple"},"jetpack_sharing_enabled":true,"_links":{"self":[{"href":"https:\/\/apsaugos.lt\/index.php?rest_route=\/wp\/v2\/product\/2633","targetHints":{"allow":["GET"]}}],"collection":[{"href":"https:\/\/apsaugos.lt\/index.php?rest_route=\/wp\/v2\/product"}],"about":[{"href":"https:\/\/apsaugos.lt\/index.php?rest_route=\/wp\/v2\/types\/product"}],"replies":[{"embeddable":true,"href":"https:\/\/apsaugos.lt\/index.php?rest_route=%2Fwp%2Fv2%2Fcomments&post=2633"}],"wp:featuredmedia":[{"embeddable":true,"href":"https:\/\/apsaugos.lt\/index.php?rest_route=\/wp\/v2\/media\/1402"}],"wp:attachment":[{"href":"https:\/\/apsaugos.lt\/index.php?rest_route=%2Fwp%2Fv2%2Fmedia&parent=2633"}],"wp:term":[{"taxonomy":"product_brand","embeddable":true,"href":"https:\/\/apsaugos.lt\/index.php?rest_route=%2Fwp%2Fv2%2Fproduct_brand&post=2633"},{"taxonomy":"product_cat","embeddable":true,"href":"https:\/\/apsaugos.lt\/index.php?rest_route=%2Fwp%2Fv2%2Fproduct_cat&post=2633"},{"taxonomy":"product_tag","embeddable":true,"href":"https:\/\/apsaugos.lt\/index.php?rest_route=%2Fwp%2Fv2%2Fproduct_tag&post=2633"}],"curies":[{"name":"wp","href":"https:\/\/api.w.org\/{rel}","templated":true}]}}