{"id":2634,"date":"2021-02-22T12:26:14","date_gmt":"2021-02-22T10:26:14","guid":{"rendered":"http:\/\/apsaugos.lt\/?product=import-placeholder-for-8236"},"modified":"2021-02-22T12:26:18","modified_gmt":"2021-02-22T10:26:18","slug":"bentel-j408-8","status":"publish","type":"product","link":"https:\/\/apsaugos.lt\/?product=bentel-j408-8","title":{"rendered":"Bentel J408-8"},"content":{"rendered":"<ul>\n<li>Patvirtinta EN54 + EN12094-1<\/li>\n<li>\u012e zon\u0105 gali b\u016bti sujungta iki 32 \u012frengini\u0173: konvencini\u0173 gaisro detektori\u0173, pavojaus mygtuk\u0173, duj\u0173 nuotekio jutikli\u0173<\/li>\n<li>Vienas aliarminis i\u0161\u0117jimas (atviro kolektoriaus) kiekvienai \u012f\u0117jimo zonai<\/li>\n<li>Rankinio pavojaus mygtuko atpa\u017einimas<\/li>\n<li>Detektori\u0173 su dingusia detekcija aptikimas<\/li>\n<li>Du 24V i\u0161\u0117jimai skirti pjezo sirenoms, gaisro skambu\u010diams bei blykst\u0117ms.<\/li>\n<li>I\u0161\u0117jimas telefoninio modulio suaktyvinimui<\/li>\n<li>Programuojamas atviro kolektoriaus i\u0161\u0117jimas<\/li>\n<li>Diena \/ Naktis r\u0117\u017eimas<\/li>\n<li>Aliarmo patvirtinimo laikas<\/li>\n<li>Programuojamas atstatymo ir \u201enuresetinimo\u201c laikas<\/li>\n<li>Programuojama i\u0161 PC arba klaviat\u016bra esan\u010dia ant pulto<\/li>\n<li>Galimyb\u0117 per\u017ei\u016br\u0117ti iki 50 \u012fvyki\u0173 (per PC)<\/li>\n<li>Siren\u0173 nutildymo komanda<\/li>\n<li>Galimyb\u0117 \u012fvesti PIN kod\u0105<\/li>\n<\/ul>\n","protected":false},"excerpt":{"rendered":"<ul>\n<li>J408-8 prie\u0161gaisrinis pultas yra suprojektuotas bei pagamintas pagal EN54 standartus. \u0160io pulto veikimas paremtas mikroprocesorine baze ir tinka naudoti tiek ma\u017euose tiek vidutinio dyd\u017eio objektuose.<\/li>\n<li>Pultas turi\u00a08 zonas, kuri\u0173 kiekviena gali talpinti iki 32 detektori\u0173. Kiekviena detektuojanti zona turi LED atvaizdavim\u0105 ant pulto, kas leid\u017eia geriau orientuotis esant gaisro atvejui. Pultas taip pat turi aliarmin\u012f i\u0161\u0117jim\u0105 skirt\u0105 save \u201eu\u017esimaitinan\u010dioms\u201c sirenoms, pjezo sirenoms, gaisro skambu\u010diams, blykst\u0117ms, telefoniniams sujung\u0117jams ir t.t.<\/li>\n<li>Pult\u0105 galima valdyti tiek priekiniame skyde esan\u010diais funkciniais mygtukais, tiek prisijungus prie kompiuterio (tam reikia specialios programos ir sujungimo kabelio). Naudojant kompiuterine program\u0105 galima atlikti piln\u0105 pulto valdym\u0105, t.y. per\u017ei\u016br\u0117ti \u012fvyki\u0173 atmint\u012f, dokumentus bei atlikti piln\u0105 programavim\u0105.<\/li>\n<\/ul>\n","protected":false},"featured_media":1403,"comment_status":"closed","ping_status":"closed","template":"","meta":[],"product_brand":[],"product_cat":[211],"product_tag":[215],"class_list":{"0":"post-2634","1":"product","2":"type-product","3":"status-publish","4":"has-post-thumbnail","6":"product_cat-konvencines-centrales","7":"product_tag-bentel","9":"first","10":"instock","11":"shipping-taxable","12":"purchasable","13":"product-type-simple"},"jetpack_sharing_enabled":true,"_links":{"self":[{"href":"https:\/\/apsaugos.lt\/index.php?rest_route=\/wp\/v2\/product\/2634","targetHints":{"allow":["GET"]}}],"collection":[{"href":"https:\/\/apsaugos.lt\/index.php?rest_route=\/wp\/v2\/product"}],"about":[{"href":"https:\/\/apsaugos.lt\/index.php?rest_route=\/wp\/v2\/types\/product"}],"replies":[{"embeddable":true,"href":"https:\/\/apsaugos.lt\/index.php?rest_route=%2Fwp%2Fv2%2Fcomments&post=2634"}],"wp:featuredmedia":[{"embeddable":true,"href":"https:\/\/apsaugos.lt\/index.php?rest_route=\/wp\/v2\/media\/1403"}],"wp:attachment":[{"href":"https:\/\/apsaugos.lt\/index.php?rest_route=%2Fwp%2Fv2%2Fmedia&parent=2634"}],"wp:term":[{"taxonomy":"product_brand","embeddable":true,"href":"https:\/\/apsaugos.lt\/index.php?rest_route=%2Fwp%2Fv2%2Fproduct_brand&post=2634"},{"taxonomy":"product_cat","embeddable":true,"href":"https:\/\/apsaugos.lt\/index.php?rest_route=%2Fwp%2Fv2%2Fproduct_cat&post=2634"},{"taxonomy":"product_tag","embeddable":true,"href":"https:\/\/apsaugos.lt\/index.php?rest_route=%2Fwp%2Fv2%2Fproduct_tag&post=2634"}],"curies":[{"name":"wp","href":"https:\/\/api.w.org\/{rel}","templated":true}]}}