{"id":2635,"date":"2021-02-22T12:26:14","date_gmt":"2021-02-22T10:26:14","guid":{"rendered":"http:\/\/apsaugos.lt\/?product=import-placeholder-for-8238"},"modified":"2021-02-22T12:26:18","modified_gmt":"2021-02-22T10:26:18","slug":"dvilaidis-dumu-jutiklis-hm-613pc-2","status":"publish","type":"product","link":"https:\/\/apsaugos.lt\/?product=dvilaidis-dumu-jutiklis-hm-613pc-2","title":{"rendered":"Dvilaidis d\u016bm\u0173 jutiklis HM-613PC-2"},"content":{"rendered":"<table border=\"1\" cellspacing=\"1\" cellpadding=\"1\">\n<tbody>\n<tr>\n<td colspan=\"2\" valign=\"top\"><strong>HM-613PC-2 specifikacijos<\/strong><\/td>\n<\/tr>\n<tr>\n<td valign=\"top\">Maitinimas<\/td>\n<td valign=\"top\">10 &#8211; 30 VDC<\/td>\n<\/tr>\n<tr>\n<td valign=\"top\">Srov\u0117 bud\u0117jimo r\u0117\u017eime<\/td>\n<td valign=\"top\">20\u00a0\u00b5A<\/td>\n<\/tr>\n<tr>\n<td valign=\"top\">Srov\u0117 aliarmo metu<\/td>\n<td valign=\"top\">35 mA @ 12 VDC, 83 mA @ 24 VDC<\/td>\n<\/tr>\n<tr>\n<td valign=\"top\">Aliarminis i\u0161\u0117jimas<\/td>\n<td valign=\"top\">Nuotoliniam LED indikatoriui<\/td>\n<\/tr>\n<tr>\n<td valign=\"top\">Montavimo b\u016bdas<\/td>\n<td valign=\"top\">Montuojamas ant lub\u0173<\/td>\n<\/tr>\n<tr>\n<td valign=\"top\">Darbo aplinka<\/td>\n<td valign=\"top\">-10\u00b0C ~ +50\u00b0C (\u226495% RH be kondensato)<\/td>\n<\/tr>\n<tr>\n<td valign=\"top\">Matmenys<\/td>\n<td valign=\"top\">\u00d8100 x 46 mm<\/td>\n<\/tr>\n<tr>\n<td valign=\"top\">Atitinka standartus<\/td>\n<td valign=\"top\">EN54-7:2000 + A1:2002 + A2:2006 \/ UL268<\/td>\n<\/tr>\n<\/tbody>\n<\/table>\n","protected":false},"excerpt":{"rendered":"<ul>\n<li>Dvilaidis d\u016bm\u0173 detektorius;<\/li>\n<li>IR spinduli\u0173 fotoelektrinis sensorius;<\/li>\n<li>Nesvarbus poliari\u0161kumas;<\/li>\n<li>MCU apdorojimas &#8211; atmetami klaidingi aliarmai;<\/li>\n<li>LED indikatorius\u00a0matomas\u00a0360\u00ba kampu;<\/li>\n<li>Kontaktai nuotoliniam LED indikatoriui;<\/li>\n<li>Apsauga nuo dulki\u0173\/vabzd\u017ei\u0173;<\/li>\n<li>RFI apsauga (20V\/m-1GHz).<\/li>\n<\/ul>\n","protected":false},"featured_media":1404,"comment_status":"closed","ping_status":"closed","template":"","meta":[],"product_brand":[],"product_cat":[214],"product_tag":[],"class_list":{"0":"post-2635","1":"product","2":"type-product","3":"status-publish","4":"has-post-thumbnail","6":"product_cat-konvencinei-jutikliai","8":"first","9":"instock","10":"shipping-taxable","11":"purchasable","12":"product-type-simple"},"jetpack_sharing_enabled":true,"_links":{"self":[{"href":"https:\/\/apsaugos.lt\/index.php?rest_route=\/wp\/v2\/product\/2635","targetHints":{"allow":["GET"]}}],"collection":[{"href":"https:\/\/apsaugos.lt\/index.php?rest_route=\/wp\/v2\/product"}],"about":[{"href":"https:\/\/apsaugos.lt\/index.php?rest_route=\/wp\/v2\/types\/product"}],"replies":[{"embeddable":true,"href":"https:\/\/apsaugos.lt\/index.php?rest_route=%2Fwp%2Fv2%2Fcomments&post=2635"}],"wp:featuredmedia":[{"embeddable":true,"href":"https:\/\/apsaugos.lt\/index.php?rest_route=\/wp\/v2\/media\/1404"}],"wp:attachment":[{"href":"https:\/\/apsaugos.lt\/index.php?rest_route=%2Fwp%2Fv2%2Fmedia&parent=2635"}],"wp:term":[{"taxonomy":"product_brand","embeddable":true,"href":"https:\/\/apsaugos.lt\/index.php?rest_route=%2Fwp%2Fv2%2Fproduct_brand&post=2635"},{"taxonomy":"product_cat","embeddable":true,"href":"https:\/\/apsaugos.lt\/index.php?rest_route=%2Fwp%2Fv2%2Fproduct_cat&post=2635"},{"taxonomy":"product_tag","embeddable":true,"href":"https:\/\/apsaugos.lt\/index.php?rest_route=%2Fwp%2Fv2%2Fproduct_tag&post=2635"}],"curies":[{"name":"wp","href":"https:\/\/api.w.org\/{rel}","templated":true}]}}