{"id":2636,"date":"2021-02-22T12:26:14","date_gmt":"2021-02-22T10:26:14","guid":{"rendered":"http:\/\/apsaugos.lt\/?product=import-placeholder-for-8240"},"modified":"2021-02-22T12:26:18","modified_gmt":"2021-02-22T10:26:18","slug":"temperaturos-jutiklis-hd912-2","status":"publish","type":"product","link":"https:\/\/apsaugos.lt\/?product=temperaturos-jutiklis-hd912-2","title":{"rendered":"Temperat\u016bros jutiklis HD912-2"},"content":{"rendered":"<table style=\"font-weight: 400;\">\n<tbody>\n<tr>\n<td style=\"font-style: inherit; font-weight: 500;\">\n<p style=\"font-style: inherit; font-weight: inherit;\">Maitinimo \u012ftampa<\/p>\n<\/td>\n<td style=\"font-style: inherit; font-weight: 500;\">\n<p style=\"font-style: inherit; font-weight: inherit;\">10,8 ~ 33 Vdc<\/p>\n<\/td>\n<\/tr>\n<tr>\n<td style=\"font-style: inherit; font-weight: 500;\">\n<p style=\"font-style: inherit; font-weight: inherit;\">Vartojama srov\u0117 bud\u0117jimo re\u017eime<span style=\"font-style: inherit; font-weight: inherit;\">\u00a0<\/span><\/p>\n<\/td>\n<td style=\"font-style: inherit; font-weight: 500;\">\n<p style=\"font-style: inherit; font-weight: inherit;\">40\u00a0\u03bcA Max<span style=\"font-style: inherit; font-weight: inherit;\">\u00a0<\/span><\/p>\n<\/td>\n<\/tr>\n<tr>\n<td style=\"font-style: inherit; font-weight: 500;\">\n<p style=\"font-style: inherit; font-weight: inherit;\">Maitinimo srov\u0117 aliarmo re\u017eime<\/p>\n<\/td>\n<td style=\"font-style: inherit; font-weight: 500;\">\n<p style=\"font-style: inherit; font-weight: inherit;\">20 mA (12V), 50 mA (24V)<\/p>\n<\/td>\n<\/tr>\n<tr>\n<td style=\"font-style: inherit; font-weight: 500;\">\n<p style=\"font-style: inherit; font-weight: inherit;\">Nominali suveikimo temperat\u016bra<\/p>\n<\/td>\n<td style=\"font-style: inherit; font-weight: 500;\">\n<p style=\"font-style: inherit; font-weight: inherit;\">+57\u00b0C<\/p>\n<\/td>\n<\/tr>\n<tr>\n<td style=\"font-style: inherit; font-weight: 500;\">\n<p style=\"font-style: inherit; font-weight: inherit;\">Aliarmo indikatorius<span style=\"font-style: inherit; font-weight: inherit;\">\u00a0<\/span><\/p>\n<\/td>\n<td style=\"font-style: inherit; font-weight: 500;\">\n<p style=\"font-style: inherit; font-weight: inherit;\">2 LED<\/p>\n<\/td>\n<\/tr>\n<tr>\n<td style=\"font-style: inherit; font-weight: 500;\">\n<p style=\"font-style: inherit; font-weight: inherit;\">Matmenys<\/p>\n<\/td>\n<td style=\"font-style: inherit; font-weight: 500;\">\n<p style=\"font-style: inherit; font-weight: inherit;\">97mm (D) x 45mm (A)<\/p>\n<\/td>\n<\/tr>\n<tr>\n<td style=\"font-style: inherit; font-weight: 500;\">\n<p style=\"font-style: inherit; font-weight: inherit;\">Spalva<\/p>\n<\/td>\n<td style=\"font-style: inherit; font-weight: 500;\">\n<p style=\"font-style: inherit; font-weight: inherit;\">balta<\/p>\n<\/td>\n<\/tr>\n<\/tbody>\n<\/table>\n","protected":false},"excerpt":{"rendered":"<ul>\n<li>\n<div>Temperat\u016bros jutiklis;<\/div>\n<\/li>\n<li>\n<div>Dvilaidis;<\/div>\n<\/li>\n<li>\n<div>Maitinimo \u012ftampa\u00a010,8~ 33 V DC;<\/div>\n<\/li>\n<li>\n<div>Du diodai 360\u00b0<sup>\u00a0<\/sup>matomumui;<\/div>\n<\/li>\n<li>Sertifikuotas pagal EN-54 normatyvus;<\/li>\n<li>\n<div>Komplektuojamas su baze;<\/div>\n<\/li>\n<li>Darbin\u0117 temperat\u016bra -10\u00b0C +50\u00b0C.<\/li>\n<\/ul>\n","protected":false},"featured_media":1405,"comment_status":"closed","ping_status":"closed","template":"","meta":[],"product_brand":[],"product_cat":[214],"product_tag":[],"class_list":{"0":"post-2636","1":"product","2":"type-product","3":"status-publish","4":"has-post-thumbnail","6":"product_cat-konvencinei-jutikliai","8":"first","9":"instock","10":"shipping-taxable","11":"purchasable","12":"product-type-simple"},"jetpack_sharing_enabled":true,"_links":{"self":[{"href":"https:\/\/apsaugos.lt\/index.php?rest_route=\/wp\/v2\/product\/2636","targetHints":{"allow":["GET"]}}],"collection":[{"href":"https:\/\/apsaugos.lt\/index.php?rest_route=\/wp\/v2\/product"}],"about":[{"href":"https:\/\/apsaugos.lt\/index.php?rest_route=\/wp\/v2\/types\/product"}],"replies":[{"embeddable":true,"href":"https:\/\/apsaugos.lt\/index.php?rest_route=%2Fwp%2Fv2%2Fcomments&post=2636"}],"wp:featuredmedia":[{"embeddable":true,"href":"https:\/\/apsaugos.lt\/index.php?rest_route=\/wp\/v2\/media\/1405"}],"wp:attachment":[{"href":"https:\/\/apsaugos.lt\/index.php?rest_route=%2Fwp%2Fv2%2Fmedia&parent=2636"}],"wp:term":[{"taxonomy":"product_brand","embeddable":true,"href":"https:\/\/apsaugos.lt\/index.php?rest_route=%2Fwp%2Fv2%2Fproduct_brand&post=2636"},{"taxonomy":"product_cat","embeddable":true,"href":"https:\/\/apsaugos.lt\/index.php?rest_route=%2Fwp%2Fv2%2Fproduct_cat&post=2636"},{"taxonomy":"product_tag","embeddable":true,"href":"https:\/\/apsaugos.lt\/index.php?rest_route=%2Fwp%2Fv2%2Fproduct_tag&post=2636"}],"curies":[{"name":"wp","href":"https:\/\/api.w.org\/{rel}","templated":true}]}}