{"id":2646,"date":"2021-02-22T12:26:21","date_gmt":"2021-02-22T10:26:21","guid":{"rendered":"http:\/\/apsaugos.lt\/?product=import-placeholder-for-8282"},"modified":"2021-02-22T12:26:23","modified_gmt":"2021-02-22T10:26:23","slug":"melynas-distancinio-valdymo-rw-pultelis-multi","status":"publish","type":"product","link":"https:\/\/apsaugos.lt\/?product=melynas-distancinio-valdymo-rw-pultelis-multi","title":{"rendered":"M\u0117lynas Distancinio Valdymo RW pultelis MULTI"},"content":{"rendered":"<p><iframe title=\"RW multi pultelio programavimas\" width=\"640\" height=\"360\" src=\"https:\/\/www.youtube.com\/embed\/wHsIe8RMBLI?feature=oembed\" frameborder=\"0\" allow=\"accelerometer; autoplay; clipboard-write; encrypted-media; gyroscope; picture-in-picture; web-share\" referrerpolicy=\"strict-origin-when-cross-origin\" allowfullscreen><\/iframe><\/p>\n<p>Perra\u0161omas distancinio valdymo pultelis, palaiko apie 200 \u017einom\u0173 gamintoj\u0173 protokol\u0173.<\/p>\n","protected":false},"excerpt":{"rendered":"<p>Skirting\u0173 da\u017eni\u0173 . Pastovaus bei kintamo kod\u0173 pulteli\u0173 kopijavimui.<\/p>\n","protected":false},"featured_media":1439,"comment_status":"closed","ping_status":"closed","template":"","meta":[],"product_brand":[],"product_cat":[84],"product_tag":[],"class_list":{"0":"post-2646","1":"product","2":"type-product","3":"status-publish","4":"has-post-thumbnail","6":"product_cat-distancinio-valdymo-pulteliai-kelio-uztvarai","8":"first","9":"instock","10":"shipping-taxable","11":"purchasable","12":"product-type-simple"},"jetpack_sharing_enabled":true,"_links":{"self":[{"href":"https:\/\/apsaugos.lt\/index.php?rest_route=\/wp\/v2\/product\/2646","targetHints":{"allow":["GET"]}}],"collection":[{"href":"https:\/\/apsaugos.lt\/index.php?rest_route=\/wp\/v2\/product"}],"about":[{"href":"https:\/\/apsaugos.lt\/index.php?rest_route=\/wp\/v2\/types\/product"}],"replies":[{"embeddable":true,"href":"https:\/\/apsaugos.lt\/index.php?rest_route=%2Fwp%2Fv2%2Fcomments&post=2646"}],"wp:featuredmedia":[{"embeddable":true,"href":"https:\/\/apsaugos.lt\/index.php?rest_route=\/wp\/v2\/media\/1439"}],"wp:attachment":[{"href":"https:\/\/apsaugos.lt\/index.php?rest_route=%2Fwp%2Fv2%2Fmedia&parent=2646"}],"wp:term":[{"taxonomy":"product_brand","embeddable":true,"href":"https:\/\/apsaugos.lt\/index.php?rest_route=%2Fwp%2Fv2%2Fproduct_brand&post=2646"},{"taxonomy":"product_cat","embeddable":true,"href":"https:\/\/apsaugos.lt\/index.php?rest_route=%2Fwp%2Fv2%2Fproduct_cat&post=2646"},{"taxonomy":"product_tag","embeddable":true,"href":"https:\/\/apsaugos.lt\/index.php?rest_route=%2Fwp%2Fv2%2Fproduct_tag&post=2646"}],"curies":[{"name":"wp","href":"https:\/\/api.w.org\/{rel}","templated":true}]}}