{"id":2648,"date":"2021-02-22T12:26:21","date_gmt":"2021-02-22T10:26:21","guid":{"rendered":"http:\/\/apsaugos.lt\/?product=import-placeholder-for-8288"},"modified":"2021-02-22T12:26:24","modified_gmt":"2021-02-22T10:26:24","slug":"video-telefonspyne-vid-ex-1007-2-laidu","status":"publish","type":"product","link":"https:\/\/apsaugos.lt\/?product=video-telefonspyne-vid-ex-1007-2-laidu","title":{"rendered":"Video Telefonspyn\u0117 VID-EX-1007 2 Laid\u0173"},"content":{"rendered":"<p>Video kamera<\/p>\n<ul>\n<li>Spalvota CCD kamera<\/li>\n<li>Horizontalus matymo kampas 160\u00b0, Vertikalus matymo kampas 70\u00b0<\/li>\n<li>Antivandalinis korpusas<\/li>\n<li>Naktinis filmavimas\u00a0(IR LED ap\u0161vietimas)<\/li>\n<li>Pavir\u0161ius atsparus i\u0161or\u0117s poveikiams<\/li>\n<li>Elektros sklend\u0117 nereikalauja papildomo maitinimo<\/li>\n<li>Matmenys: 48 x 133,2 x 15,5 mm<\/li>\n<\/ul>\n","protected":false},"excerpt":{"rendered":"<p>Monitorius<\/p>\n<ul>\n<li>Plonas korpusas, belaidis<\/li>\n<li>7\u2033 Spalvotas TFT ekranas<\/li>\n<li>Auk\u0161tos kokyb\u0117s vaizdas<\/li>\n<li>Kontroliuoja du \u012f\u0117jimus (Varteliai ir Vartai)<\/li>\n<li>Monitoriaus korpusas: Baltas<\/li>\n<li>Lengvas \u012frenginio programavimas\u00a0\u00a0(skamb\u0117jimo garsas, \u0161viesumas ir ry\u0161kumas)<\/li>\n<li>12\u00a0skambu\u010di\u0173 melodijos<\/li>\n<li>Kalbos: Angl\u0173<\/li>\n<li>Galima papildomai prijungti kelis ekranus<\/li>\n<li>\u012etampa: DC \u00a013.5VDC (pakuot\u0117je)<\/li>\n<li>Matmenys: 185 x 127,5 x 18\u00a0mm<\/li>\n<\/ul>\n","protected":false},"featured_media":1441,"comment_status":"closed","ping_status":"closed","template":"","meta":[],"product_brand":[],"product_cat":[133],"product_tag":[],"class_list":{"0":"post-2648","1":"product","2":"type-product","3":"status-publish","4":"has-post-thumbnail","6":"product_cat-video-telefonspynes","8":"first","9":"instock","10":"shipping-taxable","11":"purchasable","12":"product-type-simple"},"jetpack_sharing_enabled":true,"_links":{"self":[{"href":"https:\/\/apsaugos.lt\/index.php?rest_route=\/wp\/v2\/product\/2648","targetHints":{"allow":["GET"]}}],"collection":[{"href":"https:\/\/apsaugos.lt\/index.php?rest_route=\/wp\/v2\/product"}],"about":[{"href":"https:\/\/apsaugos.lt\/index.php?rest_route=\/wp\/v2\/types\/product"}],"replies":[{"embeddable":true,"href":"https:\/\/apsaugos.lt\/index.php?rest_route=%2Fwp%2Fv2%2Fcomments&post=2648"}],"wp:featuredmedia":[{"embeddable":true,"href":"https:\/\/apsaugos.lt\/index.php?rest_route=\/wp\/v2\/media\/1441"}],"wp:attachment":[{"href":"https:\/\/apsaugos.lt\/index.php?rest_route=%2Fwp%2Fv2%2Fmedia&parent=2648"}],"wp:term":[{"taxonomy":"product_brand","embeddable":true,"href":"https:\/\/apsaugos.lt\/index.php?rest_route=%2Fwp%2Fv2%2Fproduct_brand&post=2648"},{"taxonomy":"product_cat","embeddable":true,"href":"https:\/\/apsaugos.lt\/index.php?rest_route=%2Fwp%2Fv2%2Fproduct_cat&post=2648"},{"taxonomy":"product_tag","embeddable":true,"href":"https:\/\/apsaugos.lt\/index.php?rest_route=%2Fwp%2Fv2%2Fproduct_tag&post=2648"}],"curies":[{"name":"wp","href":"https:\/\/api.w.org\/{rel}","templated":true}]}}