{"id":2651,"date":"2021-02-22T12:26:21","date_gmt":"2021-02-22T10:26:21","guid":{"rendered":"http:\/\/apsaugos.lt\/?product=import-placeholder-for-8294"},"modified":"2021-02-22T12:26:24","modified_gmt":"2021-02-22T10:26:24","slug":"veido-atpazinimo-terminalas-zkteco-xface60","status":"publish","type":"product","link":"https:\/\/apsaugos.lt\/?product=veido-atpazinimo-terminalas-zkteco-xface60","title":{"rendered":"Veido atpa\u017einimo terminalas ZKTeco Xface60"},"content":{"rendered":"<p>Veid\u0173 atpa\u017einimo terminalas skirtas darbo laiko apskaitai bei pra\u0117jimo kontrol\u0117s sistemai .<\/p>\n<p>Taip pat turi integruot\u0105 kauk\u0117s d\u0117v\u0117jimo modul\u012f. Turi relin\u012f \u012f\u0161\u0117jim\u0105 , dur\u0173 valdymui.<\/p>\n","protected":false},"excerpt":{"rendered":"<p>Delno anspaudo atminties talpa : 3000<\/p>\n<p>Veido anspaudo atminties talpa : 10000<\/p>\n<p>Korteli\u0173 talpa : 10000<\/p>\n<p>\u012evyki\u0173 atmintis : 100000<\/p>\n<p>Jungtis : TCP\/IP<\/p>\n<p>Papildomos opcijos : I\u0161\u0117jimo mygtukas , magnetinis kontaktas , dur\u0173 skambu\u010dio i\u0161\u0117jimas , aliarminis i\u0161\u0117jimas<\/p>\n<p>Dur\u0173 valdymas : NC \/ NO kontaktai<\/p>\n","protected":false},"featured_media":1444,"comment_status":"closed","ping_status":"closed","template":"","meta":[],"product_brand":[],"product_cat":[21],"product_tag":[22],"class_list":{"0":"post-2651","1":"product","2":"type-product","3":"status-publish","4":"has-post-thumbnail","6":"product_cat-pirstu-antspaudu-veido-skaitytuvai","7":"product_tag-zkteco","9":"first","10":"instock","11":"shipping-taxable","12":"purchasable","13":"product-type-simple"},"jetpack_sharing_enabled":true,"_links":{"self":[{"href":"https:\/\/apsaugos.lt\/index.php?rest_route=\/wp\/v2\/product\/2651","targetHints":{"allow":["GET"]}}],"collection":[{"href":"https:\/\/apsaugos.lt\/index.php?rest_route=\/wp\/v2\/product"}],"about":[{"href":"https:\/\/apsaugos.lt\/index.php?rest_route=\/wp\/v2\/types\/product"}],"replies":[{"embeddable":true,"href":"https:\/\/apsaugos.lt\/index.php?rest_route=%2Fwp%2Fv2%2Fcomments&post=2651"}],"wp:featuredmedia":[{"embeddable":true,"href":"https:\/\/apsaugos.lt\/index.php?rest_route=\/wp\/v2\/media\/1444"}],"wp:attachment":[{"href":"https:\/\/apsaugos.lt\/index.php?rest_route=%2Fwp%2Fv2%2Fmedia&parent=2651"}],"wp:term":[{"taxonomy":"product_brand","embeddable":true,"href":"https:\/\/apsaugos.lt\/index.php?rest_route=%2Fwp%2Fv2%2Fproduct_brand&post=2651"},{"taxonomy":"product_cat","embeddable":true,"href":"https:\/\/apsaugos.lt\/index.php?rest_route=%2Fwp%2Fv2%2Fproduct_cat&post=2651"},{"taxonomy":"product_tag","embeddable":true,"href":"https:\/\/apsaugos.lt\/index.php?rest_route=%2Fwp%2Fv2%2Fproduct_tag&post=2651"}],"curies":[{"name":"wp","href":"https:\/\/api.w.org\/{rel}","templated":true}]}}