{"id":2652,"date":"2021-02-22T12:26:21","date_gmt":"2021-02-22T10:26:21","guid":{"rendered":"http:\/\/apsaugos.lt\/?product=import-placeholder-for-8296"},"modified":"2021-02-22T12:26:24","modified_gmt":"2021-02-22T10:26:24","slug":"biometrinis-darbo-laiko-apskaitos-terminalas-uface302","status":"publish","type":"product","link":"https:\/\/apsaugos.lt\/?product=biometrinis-darbo-laiko-apskaitos-terminalas-uface302","title":{"rendered":"Biometrinis darbo laiko apskaitos terminalas uFace302"},"content":{"rendered":"<ul>\n<li>Didelis biometrikos patikrinimo greitis<\/li>\n<li>Pa\u017eangi ir patogi vartotojo s\u0105saja<\/li>\n<li>Lusto \u0161ifravimas apsaugant programin\u0119 aparatin\u0119 \u012frang\u0105<\/li>\n<li>Pasirenkama \u012fmontuota akumuliatoriaus atsargin\u0117 kopija, u\u017etikrinanti nepertraukiam\u0105 veikim\u0105 ma\u017edaug 4 valandas<\/li>\n<li>Lengva i\u0161pl\u0117sti funkcijas ir pritaikyti kliento reikalavimus<\/li>\n<li>Vienas veido \u0161ablonas registruojamas tik vienam vartotojui<\/li>\n<li>Geb\u0117s nustatyti, ar veidas yra tikras veidas, ar nuotrauka, padidindama patikrinimo saugumo lyg\u012f<\/li>\n<\/ul>\n","protected":false},"excerpt":{"rendered":"<p>Ekranas : \u00a04,3 coli\u0173<\/p>\n<p>Veido \u0161ablon\u0173 talpa : \u00a03000<\/p>\n<p>Pir\u0161t\u0173 atspaud\u0173 talpa : \u00a04000<\/p>\n<p>Korteli\u0173 talpa : 10000<\/p>\n<p>\u012evyki\u0173 talpa : 100 000<\/p>\n<p>Ry\u0161io s\u0105sajos : \u00a0TCP \/ IP, RS232 \/ 485<\/p>\n<p>Dur\u0173 valdymas : 3-iosios \u0161alies elektrinio u\u017erakto, dur\u0173 jutiklio, i\u0161\u0117jimo mygtuko, aliarmo s\u0105sajos<\/p>\n<p>\u201eWiegand\u201c signalo i\u0161vestis : TAIP<\/p>\n<p>Pasirenkamos funkcijos ID \/ \u201eMiFare\u201c kortel\u0117, \u201eWi-Fi\u201c, 3G, ADMS, 2000 mAh atsargin\u0117 baterija<\/p>\n<p>Maitinimo \u0161altinis : \u00a012V 3A<\/p>\n<p>Darbin\u0117 temperat\u016bra : \u00a00 \u00b0 C ~ 45 \u00b0 C<\/p>\n<p>Darbinis dr\u0117gnumas : \u00a020% ~ 80%<\/p>\n<p>Matmenys : 193,6 * 165,2 * 86mm (ilgis * plotis * storis)<\/p>\n","protected":false},"featured_media":1445,"comment_status":"closed","ping_status":"closed","template":"","meta":[],"product_brand":[],"product_cat":[218,21],"product_tag":[22],"class_list":{"0":"post-2652","1":"product","2":"type-product","3":"status-publish","4":"has-post-thumbnail","6":"product_cat-darbo-laiko-apskaita","7":"product_cat-pirstu-antspaudu-veido-skaitytuvai","8":"product_tag-zkteco","10":"first","11":"instock","12":"shipping-taxable","13":"purchasable","14":"product-type-simple"},"jetpack_sharing_enabled":true,"_links":{"self":[{"href":"https:\/\/apsaugos.lt\/index.php?rest_route=\/wp\/v2\/product\/2652","targetHints":{"allow":["GET"]}}],"collection":[{"href":"https:\/\/apsaugos.lt\/index.php?rest_route=\/wp\/v2\/product"}],"about":[{"href":"https:\/\/apsaugos.lt\/index.php?rest_route=\/wp\/v2\/types\/product"}],"replies":[{"embeddable":true,"href":"https:\/\/apsaugos.lt\/index.php?rest_route=%2Fwp%2Fv2%2Fcomments&post=2652"}],"wp:featuredmedia":[{"embeddable":true,"href":"https:\/\/apsaugos.lt\/index.php?rest_route=\/wp\/v2\/media\/1445"}],"wp:attachment":[{"href":"https:\/\/apsaugos.lt\/index.php?rest_route=%2Fwp%2Fv2%2Fmedia&parent=2652"}],"wp:term":[{"taxonomy":"product_brand","embeddable":true,"href":"https:\/\/apsaugos.lt\/index.php?rest_route=%2Fwp%2Fv2%2Fproduct_brand&post=2652"},{"taxonomy":"product_cat","embeddable":true,"href":"https:\/\/apsaugos.lt\/index.php?rest_route=%2Fwp%2Fv2%2Fproduct_cat&post=2652"},{"taxonomy":"product_tag","embeddable":true,"href":"https:\/\/apsaugos.lt\/index.php?rest_route=%2Fwp%2Fv2%2Fproduct_tag&post=2652"}],"curies":[{"name":"wp","href":"https:\/\/api.w.org\/{rel}","templated":true}]}}