{"id":2653,"date":"2021-02-22T12:26:21","date_gmt":"2021-02-22T10:26:21","guid":{"rendered":"http:\/\/apsaugos.lt\/?product=import-placeholder-for-8298"},"modified":"2021-02-22T12:26:24","modified_gmt":"2021-02-22T10:26:24","slug":"biometrinis-terminalas-zkteco-u600","status":"publish","type":"product","link":"https:\/\/apsaugos.lt\/?product=biometrinis-terminalas-zkteco-u600","title":{"rendered":"Biometrinis terminalas ZKTeco U600"},"content":{"rendered":"<p>Biometrinis terminalas skirtas darbo laiko apskaitai. Turi galimyb\u0119 valdyti patekim\u0105 \u012f patalpas. Integruota spynos ar kito prietaiso valdymo rel\u0117 .<\/p>\n","protected":false},"excerpt":{"rendered":"<p>Programin\u0117s \u012frangos platform\u0105 : \u00a0\u201eZMM220 Multi-Medium Development Platform\u201c<\/p>\n<p>Pir\u0161t\u0173 atspaud\u0173 jutiklis : \u00a0ZK optinis<\/p>\n<p>Kameros didel\u0117s skiriamosios gebos su \u00a0infraraudon\u0173j\u0173 spinduli\u0173 kamera<\/p>\n<p>Monitorius : \u00a02,8 coli\u0173 TFT spalvotas<\/p>\n<p>Veido \u0161ablon\u0173 \u00a0talpa : \u00a0500<\/p>\n<p>Pir\u0161t\u0173 atspaud\u0173 talpa: \u00a01000<\/p>\n<p>Kortel\u0117s talpa : \u00a01000<\/p>\n<p>\u012evyki\u0173 talpa : \u00a0120 000<\/p>\n<p>Algoritmo versija : \u00a0\u201eFace 7.0\u201c ir \u201eZK Finger 10.0\u201c<\/p>\n<p>Dur\u0173 valdymas : Tre\u010diosios \u0161alies elektrin\u0117s spynos, dur\u0173 jutiklio, i\u0161\u0117jimo mygtuko prieigos valdymo s\u0105sajos<\/p>\n<p>Ry\u0161io s\u0105sajos : \u00a0WIFI, USB<\/p>\n<p>USB \u00a0: \u00a0Taip<\/p>\n<p>Darbo laiko apsakaitos funkcijos: SMS, DLST, skambutis, savitarnos u\u017eklausa, automatinis b\u016bsenos jungiklis, T9 \u012fvestis, asmens tapatyb\u0117s dokumentas.<\/p>\n<p>Maitinimas : \u00a012V<\/p>\n<p>Patikrinimo greitis : \u00a01 sek<\/p>\n<p>Darbo temperat\u016bra : \u00a01-45<\/p>\n<p>Darbinis dr\u0117gnumas : \u00a020% -80%<\/p>\n<p>Matmenys 101 \u00d7 175 \u00d7 82,5 mm<\/p>\n","protected":false},"featured_media":1446,"comment_status":"closed","ping_status":"closed","template":"","meta":[],"product_brand":[],"product_cat":[218,21],"product_tag":[22],"class_list":{"0":"post-2653","1":"product","2":"type-product","3":"status-publish","4":"has-post-thumbnail","6":"product_cat-darbo-laiko-apskaita","7":"product_cat-pirstu-antspaudu-veido-skaitytuvai","8":"product_tag-zkteco","10":"first","11":"instock","12":"shipping-taxable","13":"purchasable","14":"product-type-simple"},"jetpack_sharing_enabled":true,"_links":{"self":[{"href":"https:\/\/apsaugos.lt\/index.php?rest_route=\/wp\/v2\/product\/2653","targetHints":{"allow":["GET"]}}],"collection":[{"href":"https:\/\/apsaugos.lt\/index.php?rest_route=\/wp\/v2\/product"}],"about":[{"href":"https:\/\/apsaugos.lt\/index.php?rest_route=\/wp\/v2\/types\/product"}],"replies":[{"embeddable":true,"href":"https:\/\/apsaugos.lt\/index.php?rest_route=%2Fwp%2Fv2%2Fcomments&post=2653"}],"wp:featuredmedia":[{"embeddable":true,"href":"https:\/\/apsaugos.lt\/index.php?rest_route=\/wp\/v2\/media\/1446"}],"wp:attachment":[{"href":"https:\/\/apsaugos.lt\/index.php?rest_route=%2Fwp%2Fv2%2Fmedia&parent=2653"}],"wp:term":[{"taxonomy":"product_brand","embeddable":true,"href":"https:\/\/apsaugos.lt\/index.php?rest_route=%2Fwp%2Fv2%2Fproduct_brand&post=2653"},{"taxonomy":"product_cat","embeddable":true,"href":"https:\/\/apsaugos.lt\/index.php?rest_route=%2Fwp%2Fv2%2Fproduct_cat&post=2653"},{"taxonomy":"product_tag","embeddable":true,"href":"https:\/\/apsaugos.lt\/index.php?rest_route=%2Fwp%2Fv2%2Fproduct_tag&post=2653"}],"curies":[{"name":"wp","href":"https:\/\/api.w.org\/{rel}","templated":true}]}}