{"id":2654,"date":"2021-02-22T12:26:21","date_gmt":"2021-02-22T10:26:21","guid":{"rendered":"http:\/\/apsaugos.lt\/?product=import-placeholder-for-8300"},"modified":"2021-02-22T12:26:24","modified_gmt":"2021-02-22T10:26:24","slug":"dinaminis-veidu-atpazinimo-terminalas-xface600","status":"publish","type":"product","link":"https:\/\/apsaugos.lt\/?product=dinaminis-veidu-atpazinimo-terminalas-xface600","title":{"rendered":"Dinaminis veid\u0173 atpa\u017einimo terminalas Xface600"},"content":{"rendered":"<p>Veid\u0173 terminas galintis kontroliuoti duris arba turniket\u0105. Greitas atpa\u017einimo algoritmas .<\/p>\n","protected":false},"excerpt":{"rendered":"<p>Ekranas: 5 coli\u0173 jutiklinis ekranas<\/p>\n<p>Veido anspaudo talpa: 10 000<\/p>\n<p>Pir\u0161t\u0173 atspaud\u0173 talpa: 10 000<\/p>\n<p>\u012evyki\u0173 atmintis : 100 000<\/p>\n<p>Operacin\u0117 sistema: \u201eLinux\u201c<\/p>\n<p>Standartin\u0117s funkcijos: T9 \u012fvestis, fotoaparatas, 9 skaitmen\u0173 vartotojo ID, prieigos lygiai, grup\u0117s,<\/p>\n<p>Atostogos, \u012fra\u0161\u0173 u\u017eklausa, klastojimo jungiklio pavojaus signalas, keli\u0173 patikrinimo re\u017eim\u0173, darbo kodas<\/p>\n<p>Ry\u0161ys: TCP \/ IP, \u201eWiegand\u201c \u012fvestis \/ i\u0161vestis, RS485<\/p>\n<p>Prieigos kontrol\u0117s s\u0105saja: dur\u0173 valdymas, \u00a0dur\u0173 jutiklis, i\u0161\u0117jimo mygtukas, aliarmo i\u0161vestis, pagalbin\u0117 \u012fvestis<\/p>\n<p>Veido atpa\u017einimo greitis: \u00a0\u22641s<\/p>\n<p>Biometriniai algoritmai: ZKFace V5.8 ir ZKFinger V10.0<\/p>\n<p>Maitinimas: 12V 3A<\/p>\n<p>Darbin\u0117 dr\u0117gm\u0117: 20% &#8211; 80%<\/p>\n<p>Darbin\u0117 temperat\u016bra: 0 \u00b0 C &#8211; 45 \u00b0 C<\/p>\n<p>Matmenys): 91,93 * 202,93 * 21,5 (mm)<\/p>\n","protected":false},"featured_media":1447,"comment_status":"closed","ping_status":"closed","template":"","meta":[],"product_brand":[],"product_cat":[21],"product_tag":[219,22],"class_list":{"0":"post-2654","1":"product","2":"type-product","3":"status-publish","4":"has-post-thumbnail","6":"product_cat-pirstu-antspaudu-veido-skaitytuvai","7":"product_tag-xface600","8":"product_tag-zkteco","10":"first","11":"instock","12":"shipping-taxable","13":"purchasable","14":"product-type-simple"},"jetpack_sharing_enabled":true,"_links":{"self":[{"href":"https:\/\/apsaugos.lt\/index.php?rest_route=\/wp\/v2\/product\/2654","targetHints":{"allow":["GET"]}}],"collection":[{"href":"https:\/\/apsaugos.lt\/index.php?rest_route=\/wp\/v2\/product"}],"about":[{"href":"https:\/\/apsaugos.lt\/index.php?rest_route=\/wp\/v2\/types\/product"}],"replies":[{"embeddable":true,"href":"https:\/\/apsaugos.lt\/index.php?rest_route=%2Fwp%2Fv2%2Fcomments&post=2654"}],"wp:featuredmedia":[{"embeddable":true,"href":"https:\/\/apsaugos.lt\/index.php?rest_route=\/wp\/v2\/media\/1447"}],"wp:attachment":[{"href":"https:\/\/apsaugos.lt\/index.php?rest_route=%2Fwp%2Fv2%2Fmedia&parent=2654"}],"wp:term":[{"taxonomy":"product_brand","embeddable":true,"href":"https:\/\/apsaugos.lt\/index.php?rest_route=%2Fwp%2Fv2%2Fproduct_brand&post=2654"},{"taxonomy":"product_cat","embeddable":true,"href":"https:\/\/apsaugos.lt\/index.php?rest_route=%2Fwp%2Fv2%2Fproduct_cat&post=2654"},{"taxonomy":"product_tag","embeddable":true,"href":"https:\/\/apsaugos.lt\/index.php?rest_route=%2Fwp%2Fv2%2Fproduct_tag&post=2654"}],"curies":[{"name":"wp","href":"https:\/\/api.w.org\/{rel}","templated":true}]}}