{"id":2655,"date":"2021-02-22T12:26:21","date_gmt":"2021-02-22T10:26:21","guid":{"rendered":"http:\/\/apsaugos.lt\/?product=import-placeholder-for-8302"},"modified":"2021-02-22T12:26:25","modified_gmt":"2021-02-22T10:26:25","slug":"darbo-laiko-apskaitos-terminalas-iface702","status":"publish","type":"product","link":"https:\/\/apsaugos.lt\/?product=darbo-laiko-apskaitos-terminalas-iface702","title":{"rendered":"Darbo laiko apskaitos terminalas Iface702"},"content":{"rendered":"<p>IFace702 darbo laiko apskaitos terminalas priima ZEM600 platform\u0105 su \u201eFace 7.0\u201c algoritmu ir didel\u0117s talpos atmintimi. \u201eFace\u201c serijos integruotas 630 MHz da\u017enio greitas \u201eMulti-Bio\u201c procesorius ir didel\u0117s rai\u0161kos kamera su infraraudonuoju spinduli\u0173 LED leid\u017eia vartotojui identifikuotis tamsoje. Visos \u201eFace\u201c operacijas galima \u00a0atlikti jutikliniame ekrane. \u012evairi\u0173 modeli\u0173 ry\u0161ius sudaro RS232 \/ 485, TCP \/ IP, pasirenkamas \u201eWiFi\u201c arba GPRS ry\u0161ys. Pasirenkama \u012fmontuota 2000 mAh baterija leid\u017eia sistemai dirbti be elektros tekimo .<\/p>\n<p><iframe title=\"Darbo laiko apskaitos terminalas Zkteco Iface 702\" width=\"640\" height=\"360\" src=\"https:\/\/www.youtube.com\/embed\/if44xFisM1g?start=333&#038;feature=oembed\" frameborder=\"0\" allow=\"accelerometer; autoplay; clipboard-write; encrypted-media; gyroscope; picture-in-picture; web-share\" referrerpolicy=\"strict-origin-when-cross-origin\" allowfullscreen><\/iframe><\/p>\n","protected":false},"excerpt":{"rendered":"<p>Ekranas : \u00a04,3 coli\u0173<\/p>\n<p>Veido \u0161ablon\u0173 talpa :\u00a0 500<\/p>\n<p>Pir\u0161t\u0173 atspaud\u0173 talpa :\u00a0 2000<\/p>\n<p>Korteli\u0173 talpa : 10000<\/p>\n<p>\u012evyki\u0173 talpa : 100 000<\/p>\n<p>Ry\u0161io s\u0105sajos : \u00a0TCP \/ IP, RS232 \/ 485<\/p>\n<p>Dur\u0173 valdymas : 3-iosios \u0161alies elektrinio u\u017erakto, dur\u0173 jutiklio, i\u0161\u0117jimo mygtuko, aliarmo s\u0105sajos<\/p>\n<p>\u201eWiegand\u201c signalo i\u0161vestis : TAIP<\/p>\n<p>Pasirenkamos funkcijos ID \/ \u201eMiFare\u201c kortel\u0117, \u201eWi-Fi\u201c, 3G, ADMS, 2000 mAh atsargin\u0117 baterija<\/p>\n<p>Maitinimo \u0161altinis : \u00a012V 3A<\/p>\n<p>Darbin\u0117 temperat\u016bra : \u00a00 \u00b0 C ~ 45 \u00b0 C<\/p>\n<p>Darbinis dr\u0117gnumas : \u00a020% ~ 80%<\/p>\n<p>Matmenys : 193,6 * 165,2 * 86mm (ilgis * plotis * storis)<\/p>\n","protected":false},"featured_media":1448,"comment_status":"closed","ping_status":"closed","template":"","meta":[],"product_brand":[],"product_cat":[218,21],"product_tag":[220,22],"class_list":{"0":"post-2655","1":"product","2":"type-product","3":"status-publish","4":"has-post-thumbnail","6":"product_cat-darbo-laiko-apskaita","7":"product_cat-pirstu-antspaudu-veido-skaitytuvai","8":"product_tag-iface702","9":"product_tag-zkteco","11":"first","12":"instock","13":"shipping-taxable","14":"purchasable","15":"product-type-simple"},"jetpack_sharing_enabled":true,"_links":{"self":[{"href":"https:\/\/apsaugos.lt\/index.php?rest_route=\/wp\/v2\/product\/2655","targetHints":{"allow":["GET"]}}],"collection":[{"href":"https:\/\/apsaugos.lt\/index.php?rest_route=\/wp\/v2\/product"}],"about":[{"href":"https:\/\/apsaugos.lt\/index.php?rest_route=\/wp\/v2\/types\/product"}],"replies":[{"embeddable":true,"href":"https:\/\/apsaugos.lt\/index.php?rest_route=%2Fwp%2Fv2%2Fcomments&post=2655"}],"wp:featuredmedia":[{"embeddable":true,"href":"https:\/\/apsaugos.lt\/index.php?rest_route=\/wp\/v2\/media\/1448"}],"wp:attachment":[{"href":"https:\/\/apsaugos.lt\/index.php?rest_route=%2Fwp%2Fv2%2Fmedia&parent=2655"}],"wp:term":[{"taxonomy":"product_brand","embeddable":true,"href":"https:\/\/apsaugos.lt\/index.php?rest_route=%2Fwp%2Fv2%2Fproduct_brand&post=2655"},{"taxonomy":"product_cat","embeddable":true,"href":"https:\/\/apsaugos.lt\/index.php?rest_route=%2Fwp%2Fv2%2Fproduct_cat&post=2655"},{"taxonomy":"product_tag","embeddable":true,"href":"https:\/\/apsaugos.lt\/index.php?rest_route=%2Fwp%2Fv2%2Fproduct_tag&post=2655"}],"curies":[{"name":"wp","href":"https:\/\/api.w.org\/{rel}","templated":true}]}}