{"id":2656,"date":"2021-02-22T12:26:22","date_gmt":"2021-02-22T10:26:22","guid":{"rendered":"http:\/\/apsaugos.lt\/?product=import-placeholder-for-8304"},"modified":"2021-02-22T12:26:25","modified_gmt":"2021-02-22T10:26:25","slug":"bekontaktis-isejimo-mygtukas","status":"publish","type":"product","link":"https:\/\/apsaugos.lt\/?product=bekontaktis-isejimo-mygtukas","title":{"rendered":"Bekontaktis i\u0161\u0117jimo mygtukas"},"content":{"rendered":"<p><iframe title=\"Bekontaktis i\u0161\u0117jimo mygtukas ( trumpa ap\u017evalga )\" width=\"640\" height=\"360\" src=\"https:\/\/www.youtube.com\/embed\/wWTMzc_YF1A?feature=oembed\" frameborder=\"0\" allow=\"accelerometer; autoplay; clipboard-write; encrypted-media; gyroscope; picture-in-picture; web-share\" referrerpolicy=\"strict-origin-when-cross-origin\" allowfullscreen><\/iframe><\/p>\n<p>I\u0161\u0117jimo mygtukas skirtas pra\u0117jimo kontrol\u0117s sistemai, palengvintam i\u0161\u0117jimui . Puikus sprendimas bekontak\u010diam dur\u0173 atidarymui.<\/p>\n","protected":false},"excerpt":{"rendered":"<p>Maitinimo \u012ftampa : 12V<\/p>\n<p>I\u0161\u0117jimo kontaktai : NC \/ NO \/ COM<\/p>\n<p>I\u0161orinio montavimo<\/p>\n<p>I\u0161matavimai : 86x86x20<\/p>\n","protected":false},"featured_media":1449,"comment_status":"closed","ping_status":"closed","template":"","meta":[],"product_brand":[],"product_cat":[23],"product_tag":[],"class_list":{"0":"post-2656","1":"product","2":"type-product","3":"status-publish","4":"has-post-thumbnail","6":"product_cat-atidarymo-isejimo-mygtukai","8":"first","9":"instock","10":"shipping-taxable","11":"purchasable","12":"product-type-simple"},"jetpack_sharing_enabled":true,"_links":{"self":[{"href":"https:\/\/apsaugos.lt\/index.php?rest_route=\/wp\/v2\/product\/2656","targetHints":{"allow":["GET"]}}],"collection":[{"href":"https:\/\/apsaugos.lt\/index.php?rest_route=\/wp\/v2\/product"}],"about":[{"href":"https:\/\/apsaugos.lt\/index.php?rest_route=\/wp\/v2\/types\/product"}],"replies":[{"embeddable":true,"href":"https:\/\/apsaugos.lt\/index.php?rest_route=%2Fwp%2Fv2%2Fcomments&post=2656"}],"wp:featuredmedia":[{"embeddable":true,"href":"https:\/\/apsaugos.lt\/index.php?rest_route=\/wp\/v2\/media\/1449"}],"wp:attachment":[{"href":"https:\/\/apsaugos.lt\/index.php?rest_route=%2Fwp%2Fv2%2Fmedia&parent=2656"}],"wp:term":[{"taxonomy":"product_brand","embeddable":true,"href":"https:\/\/apsaugos.lt\/index.php?rest_route=%2Fwp%2Fv2%2Fproduct_brand&post=2656"},{"taxonomy":"product_cat","embeddable":true,"href":"https:\/\/apsaugos.lt\/index.php?rest_route=%2Fwp%2Fv2%2Fproduct_cat&post=2656"},{"taxonomy":"product_tag","embeddable":true,"href":"https:\/\/apsaugos.lt\/index.php?rest_route=%2Fwp%2Fv2%2Fproduct_tag&post=2656"}],"curies":[{"name":"wp","href":"https:\/\/api.w.org\/{rel}","templated":true}]}}