{"id":2657,"date":"2021-02-22T12:26:22","date_gmt":"2021-02-22T10:26:22","guid":{"rendered":"http:\/\/apsaugos.lt\/?product=import-placeholder-for-8306"},"modified":"2021-02-22T12:26:25","modified_gmt":"2021-02-22T10:26:25","slug":"ismanioji-vaizdo-telefonspyne-doorbird-d2101v","status":"publish","type":"product","link":"https:\/\/apsaugos.lt\/?product=ismanioji-vaizdo-telefonspyne-doorbird-d2101v","title":{"rendered":"I\u0161manioji Vaizdo Telefonspyn\u0117 Doorbird D2101V"},"content":{"rendered":"<p>Tai naujos kartos vieno abonento i\u0161manioji IP telefonspyn\u0117, pagaminta Vokietijoje, atitinkanti \u0161i\u0173 dien\u0173 poreikius. Jums papildomai tereikia tur\u0117ti i\u0161man\u0173j\u012f telefon\u0105 ir \u012fsidiegti aplikacij\u0105. Visas valdymas vyksta per aplikacij\u0105 arba kompiuter\u012f.<\/p>\n","protected":false},"excerpt":{"rendered":"<p>Maitinimo \u012ftampa : 12V<\/p>\n<p>S\u0105sajos : TCP\/IP RJ45<\/p>\n","protected":false},"featured_media":1450,"comment_status":"closed","ping_status":"closed","template":"","meta":[],"product_brand":[],"product_cat":[221],"product_tag":[222,129,223,224,189],"class_list":{"0":"post-2657","1":"product","2":"type-product","3":"status-publish","4":"has-post-thumbnail","6":"product_cat-ismaniosios-vaizdo-telefonspynes","7":"product_tag-d2101v","8":"product_tag-domofonas","9":"product_tag-doorbird","10":"product_tag-doorbird-d2101v","11":"product_tag-telefonspyne","13":"first","14":"instock","15":"shipping-taxable","16":"purchasable","17":"product-type-simple"},"jetpack_sharing_enabled":true,"_links":{"self":[{"href":"https:\/\/apsaugos.lt\/index.php?rest_route=\/wp\/v2\/product\/2657","targetHints":{"allow":["GET"]}}],"collection":[{"href":"https:\/\/apsaugos.lt\/index.php?rest_route=\/wp\/v2\/product"}],"about":[{"href":"https:\/\/apsaugos.lt\/index.php?rest_route=\/wp\/v2\/types\/product"}],"replies":[{"embeddable":true,"href":"https:\/\/apsaugos.lt\/index.php?rest_route=%2Fwp%2Fv2%2Fcomments&post=2657"}],"wp:featuredmedia":[{"embeddable":true,"href":"https:\/\/apsaugos.lt\/index.php?rest_route=\/wp\/v2\/media\/1450"}],"wp:attachment":[{"href":"https:\/\/apsaugos.lt\/index.php?rest_route=%2Fwp%2Fv2%2Fmedia&parent=2657"}],"wp:term":[{"taxonomy":"product_brand","embeddable":true,"href":"https:\/\/apsaugos.lt\/index.php?rest_route=%2Fwp%2Fv2%2Fproduct_brand&post=2657"},{"taxonomy":"product_cat","embeddable":true,"href":"https:\/\/apsaugos.lt\/index.php?rest_route=%2Fwp%2Fv2%2Fproduct_cat&post=2657"},{"taxonomy":"product_tag","embeddable":true,"href":"https:\/\/apsaugos.lt\/index.php?rest_route=%2Fwp%2Fv2%2Fproduct_tag&post=2657"}],"curies":[{"name":"wp","href":"https:\/\/api.w.org\/{rel}","templated":true}]}}