{"id":2669,"date":"2021-02-22T12:26:23","date_gmt":"2021-02-22T10:26:23","guid":{"rendered":"http:\/\/apsaugos.lt\/?product=import-placeholder-for-8575"},"modified":"2021-02-22T12:26:27","modified_gmt":"2021-02-22T10:26:27","slug":"hikvision-bullet-ds-2cd2663g1-izs-f2-8-12","status":"publish","type":"product","link":"https:\/\/apsaugos.lt\/?product=hikvision-bullet-ds-2cd2663g1-izs-f2-8-12","title":{"rendered":"Hikvision bullet DS-2CD2663G1-IZS F2.8-12"},"content":{"rendered":"<ul class=\"tech-specs-items-description\" data-target=\"Camera \">\n<li class=\"tech-specs-items-description-list\"><span class=\"tech-specs-items-description__title\">Sensorius<\/span><span class=\"tech-specs-items-description__title-details\">1\/2.9&#8243; Progressive Scan CMOS<\/span><\/li>\n<li class=\"tech-specs-items-description-list\"><span class=\"tech-specs-items-description__title\">Min. ap\u0161vietimas<\/span><span class=\"tech-specs-items-description__title-details\">Color: 0.01 Lux @ (F1.2, AGC ON), 0.018 Lux @ (F1.6, AGC ON), 0 Lux with IR<\/span><\/li>\n<li class=\"tech-specs-items-description-list\"><span class=\"tech-specs-items-description__title\">U\u017erakto greitis<\/span><span class=\"tech-specs-items-description__title-details\">1\/3 s to 1\/100,000 s<\/span><\/li>\n<li class=\"tech-specs-items-description-list\"><span class=\"tech-specs-items-description__title\">L\u0117tas u\u017eraktas<\/span><span class=\"tech-specs-items-description__title-details\">Yes<\/span><\/li>\n<li class=\"tech-specs-items-description-list\"><span class=\"tech-specs-items-description__title\">Platus dinaminis diapozonas<\/span><span class=\"tech-specs-items-description__title-details\">120dB<\/span><\/li>\n<li class=\"tech-specs-items-description-list\"><span class=\"tech-specs-items-description__title\">Diena &amp; Naktis<\/span><span class=\"tech-specs-items-description__title-details\">IR Cut Filter<\/span><\/li>\n<li class=\"tech-specs-items-description-list\"><span class=\"tech-specs-items-description__title\">Kampo pasirinkimas<\/span><span class=\"tech-specs-items-description__title-details\">Pan: 0\u00b0 to 355\u00b0, tilt: 0\u00b0 to 90\u00b0, rotate: 0\u00b0 to 355\u00b0<\/span><\/li>\n<\/ul>\n<ul class=\"tech-specs-items-description\" data-target=\"Lens\">\n<li class=\"tech-specs-items-description-list\"><span class=\"tech-specs-items-description__title--heading\">L\u0119\u0161iai<\/span><\/li>\n<li class=\"tech-specs-items-description-list\"><span class=\"tech-specs-items-description__title\">Fokusavimas<\/span><span class=\"tech-specs-items-description__title-details\">Auto<\/span><\/li>\n<li class=\"tech-specs-items-description-list\"><span class=\"tech-specs-items-description__title\">L\u0119\u0161i\u0173 tipai<\/span><span class=\"tech-specs-items-description__title-details\">2.8 to 12 mm;Motorized<\/span><\/li>\n<li class=\"tech-specs-items-description-list\"><span class=\"tech-specs-items-description__title\">FOV<\/span><span class=\"tech-specs-items-description__title-details\">Horizontal field of view: 88\u00b0 to 27\u00b0,Vertical field of view: 56\u00b0 to 18\u00b0,Diagonal field of view: 110\u00b0 to 33\u00b0<\/span><\/li>\n<li class=\"tech-specs-items-description-list\"><span class=\"tech-specs-items-description__title\">Diafragma<\/span><span class=\"tech-specs-items-description__title-details\">F1.6<\/span><\/li>\n<li class=\"tech-specs-items-description-list\"><span class=\"tech-specs-items-description__title\">L\u0119\u0161i\u0173 montavimas<\/span><span class=\"tech-specs-items-description__title-details\">\u03a614<\/span><\/li>\n<li class=\"tech-specs-items-description-list\"><span class=\"tech-specs-items-description__title\">Diafragmos tipas<\/span><span class=\"tech-specs-items-description__title-details\">Fixed<\/span><\/li>\n<\/ul>\n<ul class=\"tech-specs-items-description\" data-target=\"Illuminator\">\n<li class=\"tech-specs-items-description-list\"><span class=\"tech-specs-items-description__title--heading\">Ap\u0161vietimas<\/span><\/li>\n<li class=\"tech-specs-items-description-list\"><span class=\"tech-specs-items-description__title\">IR diapozonas<\/span><span class=\"tech-specs-items-description__title-details\">Up to 50 m<\/span><\/li>\n<li class=\"tech-specs-items-description-list\"><span class=\"tech-specs-items-description__title\">Bang\u0173 ilgis<\/span><span class=\"tech-specs-items-description__title-details\">850nm<\/span><\/li>\n<\/ul>\n<ul class=\"tech-specs-items-description\" data-target=\"Video\">\n<li class=\"tech-specs-items-description-list\"><span class=\"tech-specs-items-description__title--heading\">Video<\/span><\/li>\n<li class=\"tech-specs-items-description-list\"><span class=\"tech-specs-items-description__title\">Maks. rai\u0161ka<\/span><span class=\"tech-specs-items-description__title-details\">3072 \u00d7 2048<\/span><\/li>\n<li class=\"tech-specs-items-description-list\"><span class=\"tech-specs-items-description__title\">Pagrindinis srautas<\/span><span class=\"tech-specs-items-description__title-details\">50Hz: 20 fps (3072 \u00d7 2048, 3072 \u00d7 1728, 2944 \u00d7 1656), 25 fps (2560 \u00d7 1440, 1920 \u00d7 1080, 1280 \u00d7 720),60Hz: 20 fps (3072 \u00d7 2048, 3072 \u00d7 1728, 2944 \u00d7 1656), 30fps (2560 \u00d7 1440, 1920 \u00d7 1080, 1280 \u00d7 720)<\/span><\/li>\n<li class=\"tech-specs-items-description-list\"><span class=\"tech-specs-items-description__title\">Pagalbinis srautas<\/span><span class=\"tech-specs-items-description__title-details\">50Hz: 25fps (640 \u00d7 480, 640 \u00d7 360, 320 \u00d7 240),60Hz: 30fps (640 \u00d7 480, 640 \u00d7 360, 320 \u00d7 240)<\/span><\/li>\n<li class=\"tech-specs-items-description-list\"><span class=\"tech-specs-items-description__title\">Tretinis srautas<\/span><span class=\"tech-specs-items-description__title-details\">50Hz: 25fps (1280 \u00d7 720, 640 \u00d7 360, 352 \u00d7 288),60Hz: 30fps (1280 \u00d7 720, 640 \u00d7 360, 352 \u00d7 240)<\/span><\/li>\n<li class=\"tech-specs-items-description-list\"><span class=\"tech-specs-items-description__title\">Vaizdo suspaudimas<\/span><span class=\"tech-specs-items-description__title-details\">Main stream: H.265\/H.264,Sub-stream: H.265\/H.264\/MJPEG,Third stream: H.265\/H.264<\/span><\/li>\n<li class=\"tech-specs-items-description-list\"><span class=\"tech-specs-items-description__title\">Vaizdo bit\u0173 greitis<\/span><span class=\"tech-specs-items-description__title-details\">32 Kbps to 16 Mbps<\/span><\/li>\n<li class=\"tech-specs-items-description-list\"><span class=\"tech-specs-items-description__title\">H.264 tipas<\/span><span class=\"tech-specs-items-description__title-details\">Main Profile\/High Profile<\/span><\/li>\n<li class=\"tech-specs-items-description-list\"><span class=\"tech-specs-items-description__title\">H.265 tipas<\/span><span class=\"tech-specs-items-description__title-details\">Main Profile<\/span><\/li>\n<li class=\"tech-specs-items-description-list\"><span class=\"tech-specs-items-description__title\">H.264+<\/span><span class=\"tech-specs-items-description__title-details\">Main stream supports<\/span><\/li>\n<li class=\"tech-specs-items-description-list\"><span class=\"tech-specs-items-description__title\">H.265+<\/span><span class=\"tech-specs-items-description__title-details\">Main stream supports<\/span><\/li>\n<li class=\"tech-specs-items-description-list\"><span class=\"tech-specs-items-description__title\">SVC<\/span><span class=\"tech-specs-items-description__title-details\">H.264 and H.265 encoding support<\/span><\/li>\n<\/ul>\n<ul class=\"tech-specs-items-description\" data-target=\"Audio\">\n<li class=\"tech-specs-items-description-list\"><span class=\"tech-specs-items-description__title--heading\">Garsas<\/span><\/li>\n<li class=\"tech-specs-items-description-list\"><span class=\"tech-specs-items-description__title\">Garso suspaudimas<\/span><span class=\"tech-specs-items-description__title-details\">G722.1\/G.711\/G726\/MP2L2\/PCM\/MP3<\/span><\/li>\n<li class=\"tech-specs-items-description-list\"><span class=\"tech-specs-items-description__title\">Garso bit\u0173 greitis<\/span><span class=\"tech-specs-items-description__title-details\">64Kbps(G.711)\/16Kbps(G.722.1)\/16Kbps(G.726)\/32-192Kbps(MP2L2)\/8Kbps-320Kbps(MP3)<\/span><\/li>\n<\/ul>\n<ul class=\"tech-specs-items-description\" data-target=\"Network\">\n<li class=\"tech-specs-items-description-list\"><span class=\"tech-specs-items-description__title--heading\">Tinklas<\/span><\/li>\n<li class=\"tech-specs-items-description-list\"><span class=\"tech-specs-items-description__title\">Tiesioginis vaizdo \u017ei\u016br\u0117jimas<\/span><span class=\"tech-specs-items-description__title-details\">Up to 6 channels<\/span><\/li>\n<li class=\"tech-specs-items-description-list\"><span class=\"tech-specs-items-description__title\">API<\/span><span class=\"tech-specs-items-description__title-details\">ONVIF (PROFILE S, PROFILE G, PROFILE T), ISAPI, SDK, Ehome<\/span><\/li>\n<li class=\"tech-specs-items-description-list\"><span class=\"tech-specs-items-description__title\">Protokolai<\/span><span class=\"tech-specs-items-description__title-details\">TCP\/IP, UDP, ICMP, HTTP, HTTPS, FTP, DHCP, DNS, DDNS, RTP, RTSP, RTCP, PPPoE, NTP, UPnP, SMTP, SNMP, IGMP, 802.1X, QoS, IPv6, UDP, Bonjour, SSL\/TLS<\/span><\/li>\n<li class=\"tech-specs-items-description-list\"><span class=\"tech-specs-items-description__title\">User\/Host<\/span><span class=\"tech-specs-items-description__title-details\">Up to 32 users,3 levels: Administrator, Operator and User<\/span><\/li>\n<li class=\"tech-specs-items-description-list\"><span class=\"tech-specs-items-description__title\">Apsauga<\/span><span class=\"tech-specs-items-description__title-details\">Password protection, complicated password, HTTPS encryption, 802.1X authentication (EAP-TLS 1.2, EAP-LEAP, EAP-MD5), watermark, IP address filter, basic and digest authentication for HTTP\/HTTPS, WSSE and digest authentication for ONVIF, TLS1.2<\/span><\/li>\n<li class=\"tech-specs-items-description-list\"><span class=\"tech-specs-items-description__title\">Tinklo apsauga<\/span><span class=\"tech-specs-items-description__title-details\">Support Micro SD\/SDHC\/SDXC card (128G), local storage and NAS (NFS,SMB\/CIFS), ANR<\/span><\/li>\n<li class=\"tech-specs-items-description-list\"><span class=\"tech-specs-items-description__title\">Klientas<\/span><span class=\"tech-specs-items-description__title-details\">iVMS-4200, Hik-Connect, iVMS-5200, iVMS-4500<\/span><\/li>\n<li class=\"tech-specs-items-description-list\"><span class=\"tech-specs-items-description__title\">Interneto nar\u0161ykl\u0117s<\/span><span class=\"tech-specs-items-description__title-details\">Plug-in required live view: IE8+ Plug-in free live view: Chrome 57.0+, Firefox 52.0+, Safari 11+ Local Service: Chrome 41.0+, Firefox 30.0+<\/span><\/li>\n<li class=\"tech-specs-items-description-list\"><span class=\"tech-specs-items-description__title\">Singnalizacijos peleidiklis<\/span><span class=\"tech-specs-items-description__title-details\">Motion detection, video tampering, network disconnected, IP address conflict, illegal login, HDD full, HDD error<\/span><\/li>\n<\/ul>\n<ul class=\"tech-specs-items-description\" data-target=\"Image\">\n<li class=\"tech-specs-items-description-list\"><span class=\"tech-specs-items-description__title--heading\">Image<\/span><\/li>\n<li class=\"tech-specs-items-description-list\"><span class=\"tech-specs-items-description__title\">Dienos\/Nakties jungiklis<\/span><span class=\"tech-specs-items-description__title-details\">Day\/Night\/Auto\/Schedule\/Triggered by Alarm In<\/span><\/li>\n<li class=\"tech-specs-items-description-list\"><span class=\"tech-specs-items-description__title\">DNR<\/span><span class=\"tech-specs-items-description__title-details\">3D DNR<\/span><\/li>\n<li class=\"tech-specs-items-description-list\"><span class=\"tech-specs-items-description__title\">Vaizdo gerinimas<\/span><span class=\"tech-specs-items-description__title-details\">BLC\/3D DNR\/HLC<\/span><\/li>\n<li class=\"tech-specs-items-description-list\"><span class=\"tech-specs-items-description__title\">Vaizdo nustatymai<\/span><span class=\"tech-specs-items-description__title-details\">Rotate mode, saturation, brightness, contrast, sharpness, AGC, and white balance are adjustable by client software or web browser<\/span><\/li>\n<\/ul>\n<ul class=\"tech-specs-items-description\" data-target=\"Interface\">\n<li class=\"tech-specs-items-description-list\"><span class=\"tech-specs-items-description__title--heading\">S\u0105saja<\/span><\/li>\n<li class=\"tech-specs-items-description-list\"><span class=\"tech-specs-items-description__title\">Vaizdo i\u0161vestis<\/span><span class=\"tech-specs-items-description__title-details\">1Vp-p composite output (75 \u03a9) (For adjustment only)<\/span><\/li>\n<li class=\"tech-specs-items-description-list\"><span class=\"tech-specs-items-description__title\">Vidin\u0117 atmintis<\/span><span class=\"tech-specs-items-description__title-details\">Built-in Micro SD\/SDHC\/SDXC slot, up to 128 GB<\/span><\/li>\n<li class=\"tech-specs-items-description-list\"><span class=\"tech-specs-items-description__title\">Aparatin\u0117s \u012frangos atk\u016brimas<\/span><span class=\"tech-specs-items-description__title-details\">Yes<\/span><\/li>\n<li class=\"tech-specs-items-description-list\"><span class=\"tech-specs-items-description__title\">Bendravimo s\u0105saja<\/span><span class=\"tech-specs-items-description__title-details\">1 RJ45 10M\/100M self-adaptive Ethernet port<\/span><\/li>\n<\/ul>\n<ul class=\"tech-specs-items-description\" data-target=\"Event\">\n<li class=\"tech-specs-items-description-list\"><span class=\"tech-specs-items-description__title--heading\">Funkcijos<\/span><\/li>\n<li class=\"tech-specs-items-description-list\"><span class=\"tech-specs-items-description__title\">Paprastos funkcijos<\/span><span class=\"tech-specs-items-description__title-details\">Motion detection, video tampering alarm, exception (network disconnected, IP address conflict, illegal login, HDD full, HDD error)<\/span><\/li>\n<li class=\"tech-specs-items-description-list\"><span class=\"tech-specs-items-description__title\">I\u0161manios funkcijos<\/span><span class=\"tech-specs-items-description__title-details\">Line crossing detection, intrusion detection, face detection<\/span><\/li>\n<\/ul>\n<ul class=\"tech-specs-items-description\" data-target=\"General\">\n<li class=\"tech-specs-items-description-list\"><span class=\"tech-specs-items-description__title--heading\">Pagrindinis<\/span><\/li>\n<li class=\"tech-specs-items-description-list\"><span class=\"tech-specs-items-description__title\">Sujungimo metodas<\/span><span class=\"tech-specs-items-description__title-details\">Trigger recording: memory card, network storage, pre-record and post-record Trigger captured pictures uploading: FTP, HTTP, NAS, Email Trigger notification: HTTP, ISAPI, alarm output , Email<\/span><\/li>\n<li class=\"tech-specs-items-description-list\"><span class=\"tech-specs-items-description__title\">Interneto meniu kalbos<\/span><span class=\"tech-specs-items-description__title-details\">32 languages English, Russian, Estonian, Bulgarian, Hungarian, Greek, German, Italian, Czech, Slovak, French, Polish, Dutch, Portuguese, Spanish, Romanian, Danish, Swedish, Norwegian, Finnish, Croatian, Slovenian, Serbian, Turkish, Korean, Traditional Chinese, Thai, Vietnamese, Japanese, Latvian, Lithuanian, Portuguese (Brazil)<\/span><\/li>\n<li class=\"tech-specs-items-description-list\"><span class=\"tech-specs-items-description__title\">Pagrindin\u0117s funkcijos<\/span><span class=\"tech-specs-items-description__title-details\">Anti-flicker, three streams, heartbeat, mirror, privacy masks, password reset via e-mail, pixel counter, HTTP listening<\/span><\/li>\n<li class=\"tech-specs-items-description-list\"><span class=\"tech-specs-items-description__title\">Paleidimo ir veikimo s\u0105lygos<\/span><span class=\"tech-specs-items-description__title-details\">-30 \u00b0C to +60 \u00b0C (-22 \u00b0F to +140 \u00b0F), humidity 95% or less (non-condensing)<\/span><\/li>\n<li class=\"tech-specs-items-description-list\"><span class=\"tech-specs-items-description__title\">Energijos \u0161altinis<\/span><span class=\"tech-specs-items-description__title-details\">12 VDC \u00b1 25%, PoE (802.3at, class 4), \u03a6 5.5 mm coaxial power plug<\/span><\/li>\n<li class=\"tech-specs-items-description-list\"><span class=\"tech-specs-items-description__title\">Energijos suvartojimas ir srov\u0117<\/span><span class=\"tech-specs-items-description__title-details\">12 VDC, 1.2A, max. 14.5W,PoE (802.3at, 42.5V to 57V), 0.5A to 0.3A, max. 18W<\/span><\/li>\n<li class=\"tech-specs-items-description-list\"><span class=\"tech-specs-items-description__title\">Kameros matmenys<\/span><span class=\"tech-specs-items-description__title-details\">\u03a6 105.1 \u00d7 297.5 mm (\u03a6 4.1&#8243; \u00d7 11.7&#8243;)<\/span><\/li>\n<li class=\"tech-specs-items-description-list\"><span class=\"tech-specs-items-description__title\">Kameros svoris<\/span><span class=\"tech-specs-items-description__title-details\">Camera: Approx. 1285 g (2.8 lb.); With Package: Approx. 1964 g (4.3 lb.)<\/span><\/li>\n<\/ul>\n","protected":false},"excerpt":{"rendered":"<ul>\n<li>6 MP<\/li>\n<li>3072 \u00d7 2048 rai\u0161ka<\/li>\n<li>2.8-12 mm; motorizuotos<\/li>\n<li>120dB WDR<\/li>\n<li>Garso is signalizacijos s\u0105sajos<\/li>\n<li>H.265+<\/li>\n<li>IP67<\/li>\n<li>IR nuotolis iki 50m<\/li>\n<\/ul>\n","protected":false},"featured_media":1479,"comment_status":"closed","ping_status":"closed","template":"","meta":[],"product_brand":[],"product_cat":[35],"product_tag":[247,32,248,235,231,249],"class_list":{"0":"post-2669","1":"product","2":"type-product","3":"status-publish","4":"has-post-thumbnail","6":"product_cat-6-mpx-ip-kameros-hikvision","7":"product_tag-ds-2cd2663g1-izs-f2-8-12","8":"product_tag-hikvision","9":"product_tag-hikvision-bullet-ds-2cd2663g1-izs-f2-8-12","10":"product_tag-hikvision-ip-kamera","11":"product_tag-ip-kamera","12":"product_tag-stebejimo-kamera","14":"first","15":"instock","16":"shipping-taxable","17":"purchasable","18":"product-type-simple"},"jetpack_sharing_enabled":true,"_links":{"self":[{"href":"https:\/\/apsaugos.lt\/index.php?rest_route=\/wp\/v2\/product\/2669","targetHints":{"allow":["GET"]}}],"collection":[{"href":"https:\/\/apsaugos.lt\/index.php?rest_route=\/wp\/v2\/product"}],"about":[{"href":"https:\/\/apsaugos.lt\/index.php?rest_route=\/wp\/v2\/types\/product"}],"replies":[{"embeddable":true,"href":"https:\/\/apsaugos.lt\/index.php?rest_route=%2Fwp%2Fv2%2Fcomments&post=2669"}],"wp:featuredmedia":[{"embeddable":true,"href":"https:\/\/apsaugos.lt\/index.php?rest_route=\/wp\/v2\/media\/1479"}],"wp:attachment":[{"href":"https:\/\/apsaugos.lt\/index.php?rest_route=%2Fwp%2Fv2%2Fmedia&parent=2669"}],"wp:term":[{"taxonomy":"product_brand","embeddable":true,"href":"https:\/\/apsaugos.lt\/index.php?rest_route=%2Fwp%2Fv2%2Fproduct_brand&post=2669"},{"taxonomy":"product_cat","embeddable":true,"href":"https:\/\/apsaugos.lt\/index.php?rest_route=%2Fwp%2Fv2%2Fproduct_cat&post=2669"},{"taxonomy":"product_tag","embeddable":true,"href":"https:\/\/apsaugos.lt\/index.php?rest_route=%2Fwp%2Fv2%2Fproduct_tag&post=2669"}],"curies":[{"name":"wp","href":"https:\/\/api.w.org\/{rel}","templated":true}]}}