{"id":2670,"date":"2021-02-22T12:26:23","date_gmt":"2021-02-22T10:26:23","guid":{"rendered":"http:\/\/apsaugos.lt\/?product=import-placeholder-for-8577"},"modified":"2021-02-22T12:26:27","modified_gmt":"2021-02-22T10:26:27","slug":"hikvision-bullet-ds-2cd2686g2-izsu-sl-f2-8-12-juoda","status":"publish","type":"product","link":"https:\/\/apsaugos.lt\/?product=hikvision-bullet-ds-2cd2686g2-izsu-sl-f2-8-12-juoda","title":{"rendered":"Hikvision bullet DS-2CD2686G2-IZSU\/SL F2.8-12 (juoda)"},"content":{"rendered":"<ul class=\"tech-specs-items-description\" data-target=\"Camera \">\n<li class=\"tech-specs-items-description-list\"><span class=\"tech-specs-items-description__title\">Sensorius<\/span><span class=\"tech-specs-items-description__title-details\">1\/1.8&#8243; Progressive Scan CMOS<\/span><\/li>\n<li class=\"tech-specs-items-description-list\"><span class=\"tech-specs-items-description__title\">Min. ap\u0161vietimas<\/span><span class=\"tech-specs-items-description__title-details\">Color: 0.003 Lux @ (F1.6, AGC ON)<\/span><\/li>\n<li class=\"tech-specs-items-description-list\"><span class=\"tech-specs-items-description__title\">U\u017erakto greitis<\/span><span class=\"tech-specs-items-description__title-details\">1\/3 s to 1\/100,000 s<\/span><\/li>\n<li class=\"tech-specs-items-description-list\"><span class=\"tech-specs-items-description__title\">L\u0117tas u\u017eraktas<\/span><span class=\"tech-specs-items-description__title-details\">Yes<\/span><\/li>\n<li class=\"tech-specs-items-description-list\"><span class=\"tech-specs-items-description__title\">P\/N<\/span><span class=\"tech-specs-items-description__title-details\">P\/N<\/span><\/li>\n<li class=\"tech-specs-items-description-list\"><span class=\"tech-specs-items-description__title\">Platus dinaminis diapozonas<\/span><span class=\"tech-specs-items-description__title-details\">120 dB<\/span><\/li>\n<li class=\"tech-specs-items-description-list\"><span class=\"tech-specs-items-description__title\">Diena &amp; Naktis<\/span><span class=\"tech-specs-items-description__title-details\">ICR Cut<\/span><\/li>\n<li class=\"tech-specs-items-description-list\"><span class=\"tech-specs-items-description__title\">Kampo pasirinkimas<\/span><span class=\"tech-specs-items-description__title-details\">Pan: 0\u00b0 to 355\u00b0, tilt: 0\u00b0 to 90\u00b0, rotate: 0\u00b0 to 360\u00b0<\/span><\/li>\n<li class=\"tech-specs-items-description-list\"><span class=\"tech-specs-items-description__title\">I\u0161sijungimo atmintis<\/span><span class=\"tech-specs-items-description__title-details\">Yes<\/span><\/li>\n<\/ul>\n<ul class=\"tech-specs-items-description\" data-target=\"Lens\">\n<li class=\"tech-specs-items-description-list\"><span class=\"tech-specs-items-description__title--heading\">L\u0119\u0161iai<\/span><\/li>\n<li class=\"tech-specs-items-description-list\"><span class=\"tech-specs-items-description__title\">Fokusavimas<\/span><span class=\"tech-specs-items-description__title-details\">Auto<\/span><\/li>\n<li class=\"tech-specs-items-description-list\"><span class=\"tech-specs-items-description__title\">\u017didinio nuotolis &amp; FOV<\/span><span class=\"tech-specs-items-description__title-details\">2.8 to 12mm, horizontal FOV 108.1\u00b0 to 45.5\u00b0, vertical FOV 58.4\u00b0 to 25.7\u00b0, diagonal FOV 127.3\u00b0 to 52.1\u00b0<\/span><\/li>\n<li class=\"tech-specs-items-description-list\"><span class=\"tech-specs-items-description__title\">Diafragma<\/span><span class=\"tech-specs-items-description__title-details\">F1.6<\/span><\/li>\n<li class=\"tech-specs-items-description-list\"><span class=\"tech-specs-items-description__title\">L\u0119\u0161io montavimas<\/span><span class=\"tech-specs-items-description__title-details\">\u00d814<\/span><\/li>\n<\/ul>\n<ul class=\"tech-specs-items-description\" data-target=\"Illuminator\">\n<li class=\"tech-specs-items-description-list\"><span class=\"tech-specs-items-description__title--heading\">Ap\u0161vietimas<\/span><\/li>\n<li class=\"tech-specs-items-description-list\"><span class=\"tech-specs-items-description__title\">IR nuotolis<\/span><span class=\"tech-specs-items-description__title-details\">Up to 60 m<\/span><\/li>\n<li class=\"tech-specs-items-description-list\"><span class=\"tech-specs-items-description__title\">IR Bang\u0173 ilgis<\/span><span class=\"tech-specs-items-description__title-details\">850 nm<\/span><\/li>\n<li class=\"tech-specs-items-description-list\"><span class=\"tech-specs-items-description__title\">I\u0161mani pagalbin\u0117 \u0161viesa<\/span><span class=\"tech-specs-items-description__title-details\">Yes<\/span><\/li>\n<li class=\"tech-specs-items-description-list\"><span class=\"tech-specs-items-description__title\">Vaizdo signalizacija<\/span><span class=\"tech-specs-items-description__title-details\">Yes<\/span><\/li>\n<\/ul>\n<ul class=\"tech-specs-items-description\" data-target=\"Video\">\n<li class=\"tech-specs-items-description-list\"><span class=\"tech-specs-items-description__title--heading\">Video<\/span><\/li>\n<li class=\"tech-specs-items-description-list\"><span class=\"tech-specs-items-description__title\">Max. rai\u0161ka<\/span><span class=\"tech-specs-items-description__title-details\">3840 \u00d7 2160<\/span><\/li>\n<li class=\"tech-specs-items-description-list\"><span class=\"tech-specs-items-description__title\">Pagrindinis srautas<\/span>\n<p class=\"mb-p\">50Hz: 20fps (3840 \u00d7 2160, 3072 \u00d7 1728)<\/p>\n<p class=\"mb-p\">25fps (2688 \u00d7 1520, 1920 \u00d7 1080, 1280 \u00d7 720)<\/p>\n<p class=\"mb-p\">60Hz: 20fps (3840 \u00d7 2160, 3072 \u00d7 1728)<\/p>\n<p class=\"mb-p\">30fps (2688 \u00d7 1520, 1920 \u00d7 1080, 1280 \u00d7 720)<\/p>\n<\/li>\n<li class=\"tech-specs-items-description-list\"><span class=\"tech-specs-items-description__title\">Pagalbinis srautas<\/span>\n<p class=\"mb-p\">50Hz: 25fps (640 \u00d7 480, 640 \u00d7 360, 320 \u00d7 240)<\/p>\n<p class=\"mb-p\">60Hz: 30fps (640 \u00d7 480, 640 \u00d7 360, 320 \u00d7 240)<\/p>\n<\/li>\n<li class=\"tech-specs-items-description-list\"><span class=\"tech-specs-items-description__title\">Tretinis srautas<\/span>\n<p class=\"mb-p\">50Hz: 25fps (1280 \u00d7 720, 640 \u00d7 480, 640 \u00d7 360, 360 \u00d7 240)<\/p>\n<p class=\"mb-p\">60Hz: 30fps (1280 \u00d7 720, 640 \u00d7 480, 640 \u00d7 360, 360 \u00d7 240)<\/p>\n<\/li>\n<li class=\"tech-specs-items-description-list\"><span class=\"tech-specs-items-description__title\">Vaizdo suspaudimas<\/span>\n<p class=\"mb-p\">Main stream: H.265\/H.264<\/p>\n<p class=\"mb-p\">Sub-stream: H.265\/H.264\/MJPEG<\/p>\n<p class=\"mb-p\">Third stream: H.265\/H.264<\/p>\n<\/li>\n<li class=\"tech-specs-items-description-list\"><span class=\"tech-specs-items-description__title\">Vaizdo bit\u0173 greitis<\/span><span class=\"tech-specs-items-description__title-details\">32 Kbps to 16 Mbps<\/span><\/li>\n<li class=\"tech-specs-items-description-list\"><span class=\"tech-specs-items-description__title\">H.264 tipas<\/span><span class=\"tech-specs-items-description__title-details\">Baseline Profile\/Main Profile\/High Profile<\/span><\/li>\n<li class=\"tech-specs-items-description-list\"><span class=\"tech-specs-items-description__title\">H.265 tipas<\/span><span class=\"tech-specs-items-description__title-details\">Main Profile<\/span><\/li>\n<li class=\"tech-specs-items-description-list\"><span class=\"tech-specs-items-description__title\">H.264+<\/span><span class=\"tech-specs-items-description__title-details\">Main Stream supports<\/span><\/li>\n<li class=\"tech-specs-items-description-list\"><span class=\"tech-specs-items-description__title\">H.265+<\/span><span class=\"tech-specs-items-description__title-details\">Main Stream supports<\/span><\/li>\n<li class=\"tech-specs-items-description-list\"><span class=\"tech-specs-items-description__title\">Bit\u0173 da\u017enio kontrol\u0117<\/span><span class=\"tech-specs-items-description__title-details\">CBR\/VBR<\/span><\/li>\n<li class=\"tech-specs-items-description-list\"><span class=\"tech-specs-items-description__title\">SVC<\/span><span class=\"tech-specs-items-description__title-details\">Yes<\/span><\/li>\n<li class=\"tech-specs-items-description-list\"><span class=\"tech-specs-items-description__title\">ROI<\/span><span class=\"tech-specs-items-description__title-details\">1 fixed region for each stream<\/span><\/li>\n<\/ul>\n<ul class=\"tech-specs-items-description\" data-target=\"Audio\">\n<li class=\"tech-specs-items-description-list\"><span class=\"tech-specs-items-description__title--heading\">Garsas<\/span><\/li>\n<li class=\"tech-specs-items-description-list\"><span class=\"tech-specs-items-description__title\">Aplinkos triuk\u0161mo filtravimas<\/span><span class=\"tech-specs-items-description__title-details\">Yes<\/span><\/li>\n<li class=\"tech-specs-items-description-list\"><span class=\"tech-specs-items-description__title\">Garso \u0117mini\u0173 da\u017enis<\/span><span class=\"tech-specs-items-description__title-details\">8 kHz\/16 kHz\/32 kHz\/44.1 kHz\/48 kHz<\/span><\/li>\n<li class=\"tech-specs-items-description-list\"><span class=\"tech-specs-items-description__title\">Garso suspaudimas<\/span><span class=\"tech-specs-items-description__title-details\">G.711ulaw\/G.711alaw\/G.722.1\/G.726\/MP2L2\/PCM\/MP3<\/span><\/li>\n<li class=\"tech-specs-items-description-list\"><span class=\"tech-specs-items-description__title\">Garso bit\u0173 greitis<\/span><span class=\"tech-specs-items-description__title-details\">64Kbps(G.711ulaw\/G.711alaw)\/16Kbps(G.722.1)\/16Kbps(G.726)\/32-192Kbps(MP2L2)\/8-320Kbps(MP3)<\/span><\/li>\n<\/ul>\n<ul class=\"tech-specs-items-description\" data-target=\"Network\">\n<li class=\"tech-specs-items-description-list\"><span class=\"tech-specs-items-description__title--heading\">Tinklas<\/span><\/li>\n<li class=\"tech-specs-items-description-list\"><span class=\"tech-specs-items-description__title\">Tiesiogini vaizdo \u017ei\u016br\u0117jimas<\/span><span class=\"tech-specs-items-description__title-details\">Up to 6 channels<\/span><\/li>\n<li class=\"tech-specs-items-description-list\"><span class=\"tech-specs-items-description__title\">API<\/span><span class=\"tech-specs-items-description__title-details\">ONVIF(PROFILE S, PROFILE G, PROFILE T), ISAPI, SDK<\/span><\/li>\n<li class=\"tech-specs-items-description-list\"><span class=\"tech-specs-items-description__title\">Protokolai<\/span><span class=\"tech-specs-items-description__title-details\">TCP\/IP, ICMP, HTTP, HTTPS, FTP, DHCP, DNS, DDNS, RTP, RTSP, NTP, UPnP, SMTP, IGMP, 802.1X, QoS, IPv4, IPv6, UDP, Bonjour, SSL\/TLS, SNMP<\/span><\/li>\n<li class=\"tech-specs-items-description-list\"><span class=\"tech-specs-items-description__title\">Sklandus srautas<\/span><span class=\"tech-specs-items-description__title-details\">Yes<\/span><\/li>\n<li class=\"tech-specs-items-description-list\"><span class=\"tech-specs-items-description__title\">User\/Host<\/span><span class=\"tech-specs-items-description__title-details\">Up to 32 users. 3 user levels: administrator, operator and user<\/span><\/li>\n<li class=\"tech-specs-items-description-list\"><span class=\"tech-specs-items-description__title\">Apsauga<\/span><span class=\"tech-specs-items-description__title-details\">Password protection, complicated password, HTTPS encryption, IP address filter, Security Audit Log, basic and digest authentication for HTTP\/HTTPS, TLS 1.2, WSSE and digest authentication for ONVIF<\/span><\/li>\n<li class=\"tech-specs-items-description-list\"><span class=\"tech-specs-items-description__title\">Tinklo talpykla<\/span>\n<p class=\"mb-p\">microSD\/SDHC\/SDXC card (256 GB) local storage, and NAS(NFS, SMB\/CIFS), auto network replenishment (ANR)<\/p>\n<p class=\"mb-p\">Together with high-end Hikvision memory card, memory card encryption and health detection are supported.<\/p>\n<\/li>\n<li class=\"tech-specs-items-description-list\"><span class=\"tech-specs-items-description__title\">Klientas<\/span><span class=\"tech-specs-items-description__title-details\">iVMS-4200, Hik-Connect, Hik-Central<\/span><\/li>\n<li class=\"tech-specs-items-description-list\"><span class=\"tech-specs-items-description__title\">Interneto nar\u0161ykl\u0117s<\/span>\n<p class=\"mb-p\">Plug-in required live view: IE8+, Chrome 41.0-44, Firefox 30.0-51, Safari 8.0-11<\/p>\n<p class=\"mb-p\">Plug-in free live view: Chrome 57.0+, Firefox 52.0+<\/p>\n<\/li>\n<\/ul>\n<ul class=\"tech-specs-items-description\" data-target=\"Image\">\n<li class=\"tech-specs-items-description-list\"><span class=\"tech-specs-items-description__title--heading\">Image<\/span><\/li>\n<li class=\"tech-specs-items-description-list\"><span class=\"tech-specs-items-description__title\">Dienos\/Nakties jungiklis<\/span><span class=\"tech-specs-items-description__title-details\">Day, Night, Auto, Schedule<\/span><\/li>\n<li class=\"tech-specs-items-description-list\"><span class=\"tech-specs-items-description__title\">Vaizdo tobulinimas<\/span><span class=\"tech-specs-items-description__title-details\">BLC, HLC, 3D DNR<\/span><\/li>\n<li class=\"tech-specs-items-description-list\"><span class=\"tech-specs-items-description__title\">Vaizdo nustatym\u0173 mygtukas<\/span><span class=\"tech-specs-items-description__title-details\">Yes<\/span><\/li>\n<li class=\"tech-specs-items-description-list\"><span class=\"tech-specs-items-description__title\">Vaizdo nustatymai<\/span><span class=\"tech-specs-items-description__title-details\">Saturation, brightness, contrast, sharpness, gain, white balance adjustable by client software or web browser<\/span><\/li>\n<\/ul>\n<ul class=\"tech-specs-items-description\" data-target=\"Interface\">\n<li class=\"tech-specs-items-description-list\"><span class=\"tech-specs-items-description__title--heading\">S\u0105saja<\/span><\/li>\n<li class=\"tech-specs-items-description-list\"><span class=\"tech-specs-items-description__title\">Signalizacija<\/span><span class=\"tech-specs-items-description__title-details\">1 input, 1 output (max. 12 VDC or 24 VAC, 1 A)<\/span><\/li>\n<li class=\"tech-specs-items-description-list\"><span class=\"tech-specs-items-description__title\">Garsas<\/span>\n<p class=\"mb-p\">1 input (line in), 3.5 mm connector, max. input amplitude: 3.3 Vpp, input impedance: 4.7 K\u03a9, interface type: non-equilibrium<\/p>\n<p class=\"mb-p\">1 output (line out), 3.5 mm terminal block, output amplitude: 3.3 Vpp, output impedance: 100 \u03a9, interface type: non-equilibrium<\/p>\n<p class=\"mb-p\">1 built-in speaker, 1 built-in microphone<\/p>\n<\/li>\n<li class=\"tech-specs-items-description-list\"><span class=\"tech-specs-items-description__title\">Vidin\u0117 atmintis<\/span><span class=\"tech-specs-items-description__title-details\">Built-in micro SD\/SDHC\/SDXC slot, up to 256 GB<\/span><\/li>\n<li class=\"tech-specs-items-description-list\"><span class=\"tech-specs-items-description__title\">Aparatin\u0117s \u012frangos atk\u016brimas<\/span><span class=\"tech-specs-items-description__title-details\">Yes<\/span><\/li>\n<li class=\"tech-specs-items-description-list\"><span class=\"tech-specs-items-description__title\">Etherneto s\u0105saja<\/span><span class=\"tech-specs-items-description__title-details\">1 RJ45 10M\/100M self-adaptive Ethernet port<\/span><\/li>\n<\/ul>\n<ul class=\"tech-specs-items-description\" data-target=\"Deep Learning Function\">\n<li class=\"tech-specs-items-description-list\"><span class=\"tech-specs-items-description__title--heading\">Gilaus mokymosi funkcija<\/span><\/li>\n<li class=\"tech-specs-items-description-list\"><span class=\"tech-specs-items-description__title\">Veido atpa\u017einimas<\/span><span class=\"tech-specs-items-description__title-details\">Yes<\/span><\/li>\n<li class=\"tech-specs-items-description-list\"><span class=\"tech-specs-items-description__title\">Perimetro apsauga<\/span><span class=\"tech-specs-items-description__title-details\">Line crossing detection, intrusion detection, region entrance detection, region exiting detection<\/span><\/li>\n<\/ul>\n<ul class=\"tech-specs-items-description\" data-target=\"Intelligent (Traditional Algorithm)\">\n<li class=\"tech-specs-items-description-list\"><span class=\"tech-specs-items-description__title--heading\">I\u0161manus(Tradicinis algoritmas)<\/span><\/li>\n<li class=\"tech-specs-items-description-list\"><span class=\"tech-specs-items-description__title\">Paprastas \u012fvykis<\/span><span class=\"tech-specs-items-description__title-details\">Motion detection, video tampering alarm, exception (network disconnected, IP address conflict, illegal login, HDD full, HDD error), scene change detection<\/span><\/li>\n<\/ul>\n<ul class=\"tech-specs-items-description\" data-target=\"General\">\n<li class=\"tech-specs-items-description-list\"><span class=\"tech-specs-items-description__title--heading\">Pagrindinis<\/span><\/li>\n<li class=\"tech-specs-items-description-list\"><span class=\"tech-specs-items-description__title\">Sujungimo metodai<\/span>\n<p class=\"mb-p\">Upload to NAS\/memory card, notify surveillance center, trigger record, trigger capture, strobe light, audible warning<\/p>\n<p class=\"mb-p\">*Note: External device is required.<\/p>\n<\/li>\n<li class=\"tech-specs-items-description-list\"><span class=\"tech-specs-items-description__title\">Interneto meniu kalbos<\/span>\n<p class=\"mb-p\">33 languages:<\/p>\n<p class=\"mb-p\">English, Russian, Estonian, Bulgarian, Hungarian, Greek, German, Italian, Czech, Slovak, French, Polish, Dutch, Portuguese, Spanish, Romanian, Danish, Swedish, Norwegian, Finnish, Croatian, Slovenian, Serbian, Turkish, Korean, Traditional Chinese, Thai, Vietnamese, Japanese, Latvian, Lithuanian, Portuguese (Brazil), Ukrainian<\/p>\n<\/li>\n<li class=\"tech-specs-items-description-list\"><span class=\"tech-specs-items-description__title\">Pagrindin\u0117s funkcijos<\/span><span class=\"tech-specs-items-description__title-details\">Anti- flicker,heartbeat, mirror, privacy masks, flash log, password reset via e-mail, pixel counter<\/span><\/li>\n<li class=\"tech-specs-items-description-list\"><span class=\"tech-specs-items-description__title\">Programin\u0117s \u012frangos atk\u016brimas<\/span><span class=\"tech-specs-items-description__title-details\">Yes<\/span><\/li>\n<li class=\"tech-specs-items-description-list\"><span class=\"tech-specs-items-description__title\">Laikymo s\u0105lygos<\/span><span class=\"tech-specs-items-description__title-details\">-30 \u00b0C to 60 \u00b0C (-22 \u00b0F to 140 \u00b0F). Humidity 95% or less (non-condensing)<\/span><\/li>\n<li class=\"tech-specs-items-description-list\"><span class=\"tech-specs-items-description__title\">Paleidimo ir veikimo s\u0105lygos<\/span><span class=\"tech-specs-items-description__title-details\">-30 \u00b0C to 60 \u00b0C (-22 \u00b0F to 140 \u00b0F). Humidity 95% or less (non-condensing)<\/span><\/li>\n<li class=\"tech-specs-items-description-list\"><span class=\"tech-specs-items-description__title\">Energijos \u0161altinis<\/span>\n<p class=\"mb-p\">12 VDC \u00b1 25%<\/p>\n<p class=\"mb-p\">PoE: 802.3at, Class4<\/p>\n<\/li>\n<li class=\"tech-specs-items-description-list\"><span class=\"tech-specs-items-description__title\">Energijos suvartojimas ir srov\u0117<\/span>\n<p class=\"mb-p\">12 VDC, 1.25 A, max. 15 W<\/p>\n<p class=\"mb-p\">PoE: (802.3at, 42.5 V to 57 V), 0.5 A to 0.3 A, max. 18 W<\/p>\n<\/li>\n<li class=\"tech-specs-items-description-list\"><span class=\"tech-specs-items-description__title\">Energijos gavimo s\u0105saja<\/span><span class=\"tech-specs-items-description__title-details\">Two-core terminal block<\/span><\/li>\n<li class=\"tech-specs-items-description-list\"><span class=\"tech-specs-items-description__title\">Kameros matmenys<\/span><span class=\"tech-specs-items-description__title-details\">\u00d8144 \u00d7 342.6 mm (\u00d85.7&#8243; \u00d7 13.5&#8243;)<\/span><\/li>\n<li class=\"tech-specs-items-description-list\"><span class=\"tech-specs-items-description__title\">Pakuot\u0117s matmenys<\/span><span class=\"tech-specs-items-description__title-details\">385 \u00d7 190 \u00d7 180 mm (15.2&#8243; \u00d7 7.5&#8243; \u00d7 7.1&#8243;)<\/span><\/li>\n<li class=\"tech-specs-items-description-list\"><span class=\"tech-specs-items-description__title\">Kameros svoris<\/span><span class=\"tech-specs-items-description__title-details\">Approx. 1470 g (3.2 lb.)<\/span><\/li>\n<li class=\"tech-specs-items-description-list\"><span class=\"tech-specs-items-description__title\">Svoris su pakuote<\/span><span class=\"tech-specs-items-description__title-details\">Approx. 2599 g (5.7 lb.)<\/span><\/li>\n<\/ul>\n<ul class=\"tech-specs-items-description\" data-target=\"Approval\">\n<li class=\"tech-specs-items-description-list\"><span class=\"tech-specs-items-description__title--heading\">Certifikatai<\/span><\/li>\n<li class=\"tech-specs-items-description-list\"><span class=\"tech-specs-items-description__title\">EMC<\/span><span class=\"tech-specs-items-description__title-details\">FCC (47 CFR Part 15, Subpart B); CE-EMC (EN 55032: 2015, EN 61000-3-2: 2014, EN 61000-3-3: 2013, EN 50130-4: 2011 +A1: 2014); RCM (AS\/NZS CISPR 32: 2015); IC (ICES-003: Issue 6, 2016); KC (KN 32: 2015, KN 35: 2015)<\/span><\/li>\n<li class=\"tech-specs-items-description-list\"><span class=\"tech-specs-items-description__title\">Saugumas<\/span><span class=\"tech-specs-items-description__title-details\">UL (UL 60950-1); CB (IEC 60950-1:2005 + Am 1:2009 + Am 2:2013, IEC 62368-1:2014 ); CE-LVD (EN 60950-1:2005 + Am 1:2009 + Am 2:2013, IEC 62368-1:2014 ); BIS (IS 13252(Part 1):2010+A1:2013+A2:2015); LOA (IEC\/EN 60950-1)<\/span><\/li>\n<li class=\"tech-specs-items-description-list\"><span class=\"tech-specs-items-description__title\">Aplinkosauga<\/span><span class=\"tech-specs-items-description__title-details\">CE-RoHS (2011\/65\/EU); WEEE (2012\/19\/EU); Reach (Regulation (EC) No 1907\/2006)<\/span><\/li>\n<li class=\"tech-specs-items-description-list\"><span class=\"tech-specs-items-description__title\">Apsauga<\/span><span class=\"tech-specs-items-description__title-details\">Ingression protection: IP67 (IEC 60529-2013), IK10 (IEC 60529-2013)<\/span><\/li>\n<\/ul>\n","protected":false},"excerpt":{"rendered":"<ul>\n<li>8MP bullet kamera<\/li>\n<li>nuo 2,8 iki 12 mm<\/li>\n<li>spalva: 0,003 liuksai @ (F1.4, AGC ON)<\/li>\n<li>Audio\/alarm \u012fvestis \/ i\u0161vestis<\/li>\n<li>\u012etaisytas \u201emicro SD \/ SDHC \/ SDXC\u201c lizdas, iki 256 GB<\/li>\n<li>IR diapazonas iki 60 m<\/li>\n<li>IP67, IK10<\/li>\n<\/ul>\n","protected":false},"featured_media":1480,"comment_status":"closed","ping_status":"closed","template":"","meta":[],"product_brand":[],"product_cat":[31],"product_tag":[250,32,251],"class_list":{"0":"post-2670","1":"product","2":"type-product","3":"status-publish","4":"has-post-thumbnail","6":"product_cat-8-mpx-ip-kameros-hikvision","7":"product_tag-ds-2cd2686g2-izsu-sl-f2-8-12","8":"product_tag-hikvision","9":"product_tag-hikvision-ds-2cd2686g2-izsu-sl-f2-8-12","11":"first","12":"instock","13":"shipping-taxable","14":"purchasable","15":"product-type-simple"},"jetpack_sharing_enabled":true,"_links":{"self":[{"href":"https:\/\/apsaugos.lt\/index.php?rest_route=\/wp\/v2\/product\/2670","targetHints":{"allow":["GET"]}}],"collection":[{"href":"https:\/\/apsaugos.lt\/index.php?rest_route=\/wp\/v2\/product"}],"about":[{"href":"https:\/\/apsaugos.lt\/index.php?rest_route=\/wp\/v2\/types\/product"}],"replies":[{"embeddable":true,"href":"https:\/\/apsaugos.lt\/index.php?rest_route=%2Fwp%2Fv2%2Fcomments&post=2670"}],"wp:featuredmedia":[{"embeddable":true,"href":"https:\/\/apsaugos.lt\/index.php?rest_route=\/wp\/v2\/media\/1480"}],"wp:attachment":[{"href":"https:\/\/apsaugos.lt\/index.php?rest_route=%2Fwp%2Fv2%2Fmedia&parent=2670"}],"wp:term":[{"taxonomy":"product_brand","embeddable":true,"href":"https:\/\/apsaugos.lt\/index.php?rest_route=%2Fwp%2Fv2%2Fproduct_brand&post=2670"},{"taxonomy":"product_cat","embeddable":true,"href":"https:\/\/apsaugos.lt\/index.php?rest_route=%2Fwp%2Fv2%2Fproduct_cat&post=2670"},{"taxonomy":"product_tag","embeddable":true,"href":"https:\/\/apsaugos.lt\/index.php?rest_route=%2Fwp%2Fv2%2Fproduct_tag&post=2670"}],"curies":[{"name":"wp","href":"https:\/\/api.w.org\/{rel}","templated":true}]}}