{"id":2671,"date":"2021-02-22T12:26:23","date_gmt":"2021-02-22T10:26:23","guid":{"rendered":"http:\/\/apsaugos.lt\/?product=import-placeholder-for-8616"},"modified":"2021-02-22T12:26:27","modified_gmt":"2021-02-22T10:26:27","slug":"led-sviesoforas-24v","status":"publish","type":"product","link":"https:\/\/apsaugos.lt\/?product=led-sviesoforas-24v","title":{"rendered":"LED \u0160viesoforas 24V"},"content":{"rendered":"<p>LED \u0161viesoforas skirtas montavimui ant stulpo ar sienos. Auk\u0161tos rai\u0161kos LED su integruota optika , ma\u017eos energijos s\u0105naudos. Puikus sprendimas aik\u0161teli\u0173 srauto kontrolei.<\/p>\n","protected":false},"excerpt":{"rendered":"<p>Maitinimo \u012ftampa : 10..30 ( 24 ) V DC<\/p>\n<p>Bangos ilgis : \u017dalia 505\u00b15 ; Raudonas 625\u00b15<\/p>\n<p>Korpusas : PC ( POLIKARBONATAS )<\/p>\n<p>Stikliuko diametras : 100mm<\/p>\n<p>Ry\u0161kumas : ne ma\u017eiau 100 cd<\/p>\n<p>Sandarumas dr\u0117gmei ir dulk\u0117ms \uff08IP65\uff09<\/p>\n<p>Darbin\u0117s temperat\u016bros diapazonas : nuo -20 \u2103 iki 60 \u2103<\/p>\n<p>Prognozuojamas darbo laikas : 100 000\u00a0 valand\u0173<\/p>\n<p>&nbsp;<\/p>\n<p>&nbsp;<\/p>\n","protected":false},"featured_media":1481,"comment_status":"closed","ping_status":"closed","template":"","meta":[],"product_brand":[],"product_cat":[105],"product_tag":[252,253,199],"class_list":{"0":"post-2671","1":"product","2":"type-product","3":"status-publish","4":"has-post-thumbnail","6":"product_cat-priedai","7":"product_tag-led","8":"product_tag-led-sviesoforas","9":"product_tag-sviesoforas","11":"first","12":"instock","13":"shipping-taxable","14":"purchasable","15":"product-type-simple"},"jetpack_sharing_enabled":true,"_links":{"self":[{"href":"https:\/\/apsaugos.lt\/index.php?rest_route=\/wp\/v2\/product\/2671","targetHints":{"allow":["GET"]}}],"collection":[{"href":"https:\/\/apsaugos.lt\/index.php?rest_route=\/wp\/v2\/product"}],"about":[{"href":"https:\/\/apsaugos.lt\/index.php?rest_route=\/wp\/v2\/types\/product"}],"replies":[{"embeddable":true,"href":"https:\/\/apsaugos.lt\/index.php?rest_route=%2Fwp%2Fv2%2Fcomments&post=2671"}],"wp:featuredmedia":[{"embeddable":true,"href":"https:\/\/apsaugos.lt\/index.php?rest_route=\/wp\/v2\/media\/1481"}],"wp:attachment":[{"href":"https:\/\/apsaugos.lt\/index.php?rest_route=%2Fwp%2Fv2%2Fmedia&parent=2671"}],"wp:term":[{"taxonomy":"product_brand","embeddable":true,"href":"https:\/\/apsaugos.lt\/index.php?rest_route=%2Fwp%2Fv2%2Fproduct_brand&post=2671"},{"taxonomy":"product_cat","embeddable":true,"href":"https:\/\/apsaugos.lt\/index.php?rest_route=%2Fwp%2Fv2%2Fproduct_cat&post=2671"},{"taxonomy":"product_tag","embeddable":true,"href":"https:\/\/apsaugos.lt\/index.php?rest_route=%2Fwp%2Fv2%2Fproduct_tag&post=2671"}],"curies":[{"name":"wp","href":"https:\/\/api.w.org\/{rel}","templated":true}]}}