{"id":2673,"date":"2021-02-22T12:26:23","date_gmt":"2021-02-22T10:26:23","guid":{"rendered":"http:\/\/apsaugos.lt\/?product=import-placeholder-for-8658"},"modified":"2021-02-22T12:26:28","modified_gmt":"2021-02-22T10:26:28","slug":"4-mpx-valdoma-kamera-hikvision-ptz-ds-2de7432iw-aes5","status":"publish","type":"product","link":"https:\/\/apsaugos.lt\/?product=4-mpx-valdoma-kamera-hikvision-ptz-ds-2de7432iw-aes5","title":{"rendered":"4 MPX valdoma kamera Hikvision PTZ DS-2DE7432IW-AE(S5)"},"content":{"rendered":"<ul class=\"tech-specs-items-description\" data-target=\"Camera Module\">\n<li class=\"tech-specs-items-description-list\"><span class=\"tech-specs-items-description__title--heading\">Kamera<\/span><\/li>\n<li class=\"tech-specs-items-description-list\"><span class=\"tech-specs-items-description__title\">Sensorius<\/span><span class=\"tech-specs-items-description__title-details\">1\/2.8\uff02 progressive scan CMOS<\/span><\/li>\n<li class=\"tech-specs-items-description-list\"><span class=\"tech-specs-items-description__title\">Min. ap\u0161vietimas<\/span><span class=\"tech-specs-items-description__title-details\">0 Lux with IR,color: 0.005Lux @ (F1.2\uff0cAGC ON) B\/W: 0.001Lux @ (F1.2, AGC ON)<\/span><\/li>\n<li class=\"tech-specs-items-description-list\"><span class=\"tech-specs-items-description__title\">U\u017erakto greitis<\/span><span class=\"tech-specs-items-description__title-details\">1\/1s-1\/30000s<\/span><\/li>\n<li class=\"tech-specs-items-description-list\"><span class=\"tech-specs-items-description__title\">L\u0117tas u\u017esirakinimas<\/span><span class=\"tech-specs-items-description__title-details\">yes<\/span><\/li>\n<li class=\"tech-specs-items-description-list\"><span class=\"tech-specs-items-description__title\">Fokusavimas<\/span><span class=\"tech-specs-items-description__title-details\">semi-auto;manual;auto<\/span><\/li>\n<li class=\"tech-specs-items-description-list\"><span class=\"tech-specs-items-description__title\">Diena &amp; naktis<\/span><span class=\"tech-specs-items-description__title-details\">ICR<\/span><\/li>\n<li class=\"tech-specs-items-description-list\"><span class=\"tech-specs-items-description__title\">Dienos\/nakties jungiklis<\/span><span class=\"tech-specs-items-description__title-details\">day, night, auto, scheduled-switch<\/span><\/li>\n<li class=\"tech-specs-items-description-list\"><span class=\"tech-specs-items-description__title\">BLC<\/span><span class=\"tech-specs-items-description__title-details\">yes<\/span><\/li>\n<li class=\"tech-specs-items-description-list\"><span class=\"tech-specs-items-description__title\">WDR<\/span><span class=\"tech-specs-items-description__title-details\">120 dB WDR<\/span><\/li>\n<li class=\"tech-specs-items-description-list\"><span class=\"tech-specs-items-description__title\">HLC<\/span><span class=\"tech-specs-items-description__title-details\">yes<\/span><\/li>\n<li class=\"tech-specs-items-description-list\"><span class=\"tech-specs-items-description__title\">3D DNR<\/span><span class=\"tech-specs-items-description__title-details\">yes<\/span><\/li>\n<li class=\"tech-specs-items-description-list\"><span class=\"tech-specs-items-description__title\">Defog<\/span><span class=\"tech-specs-items-description__title-details\">yes<\/span><\/li>\n<li class=\"tech-specs-items-description-list\"><span class=\"tech-specs-items-description__title\">EIS<\/span><span class=\"tech-specs-items-description__title-details\">yes<\/span><\/li>\n<li class=\"tech-specs-items-description-list\"><span class=\"tech-specs-items-description__title\">Regiono atvirumas<\/span><span class=\"tech-specs-items-description__title-details\">yes<\/span><\/li>\n<li class=\"tech-specs-items-description-list\"><span class=\"tech-specs-items-description__title\">Regiono fokusavimas<\/span><span class=\"tech-specs-items-description__title-details\">yes<\/span><\/li>\n<li class=\"tech-specs-items-description-list\"><span class=\"tech-specs-items-description__title\">Vaizdo nustatymai<\/span><span class=\"tech-specs-items-description__title-details\">saturation;brightness;contrast;sharpness<\/span><\/li>\n<li class=\"tech-specs-items-description-list\"><span class=\"tech-specs-items-description__title\">Baltumo balansas<\/span><span class=\"tech-specs-items-description__title-details\">MWB;indoor;outdoor;fluorescent lamp;sodium lamp;ATW;auto;Locked WB;Locked WB<\/span><\/li>\n<li class=\"tech-specs-items-description-list\"><span class=\"tech-specs-items-description__title\">Skaitmeninis priartinimas<\/span><span class=\"tech-specs-items-description__title-details\">16x<\/span><\/li>\n<li class=\"tech-specs-items-description-list\"><span class=\"tech-specs-items-description__title\">Optinis priartinimas<\/span><span class=\"tech-specs-items-description__title-details\">32x<\/span><\/li>\n<li class=\"tech-specs-items-description-list\"><span class=\"tech-specs-items-description__title\">Privatumo kauk\u0117<\/span><span class=\"tech-specs-items-description__title-details\">up to 24 masks;mosaic mask ;mask color configurable;polygon region<\/span><\/li>\n<li class=\"tech-specs-items-description-list\"><span class=\"tech-specs-items-description__title\">SNR<\/span><span class=\"tech-specs-items-description__title-details\">\uff1e52dB<\/span><\/li>\n<\/ul>\n<ul class=\"tech-specs-items-description\" data-target=\"Lens\">\n<li class=\"tech-specs-items-description-list\"><span class=\"tech-specs-items-description__title--heading\">L\u0119\u0161iai<\/span><\/li>\n<li class=\"tech-specs-items-description-list\"><span class=\"tech-specs-items-description__title\">\u017didinio nuotolis<\/span><span class=\"tech-specs-items-description__title-details\">4.8 mm to 153 mm, 32\u00d7 Optical<\/span><\/li>\n<li class=\"tech-specs-items-description-list\"><span class=\"tech-specs-items-description__title\">Priartinimo greitis<\/span><span class=\"tech-specs-items-description__title-details\">approx.4.2s<\/span><\/li>\n<li class=\"tech-specs-items-description-list\"><span class=\"tech-specs-items-description__title\">FOV<\/span>\n<p class=\"mb-p\">Horizontal field of view: 54.3\u00b0 to 2\u00b0 (wide-tele),<\/p>\n<p class=\"mb-p\">Vertical field of view: 31.8\u00b0 to 1.1\u00b0 (wide-tele),<\/p>\n<p class=\"mb-p\">Diagonal field of view: 61.1\u00b0 to 2.3\u00b0 (wide-tele)<\/p>\n<\/li>\n<li class=\"tech-specs-items-description-list\"><span class=\"tech-specs-items-description__title\">Diafragma<\/span><span class=\"tech-specs-items-description__title-details\">F1.2<\/span><\/li>\n<\/ul>\n<ul class=\"tech-specs-items-description\" data-target=\"PTZ\">\n<li class=\"tech-specs-items-description-list\"><span class=\"tech-specs-items-description__title--heading\">PTZ<\/span><\/li>\n<li class=\"tech-specs-items-description-list\"><span class=\"tech-specs-items-description__title\">Jud\u0117jimo kampas (Pan)<\/span><span class=\"tech-specs-items-description__title-details\">360\u00b0<\/span><\/li>\n<li class=\"tech-specs-items-description-list\"><span class=\"tech-specs-items-description__title\">Jud\u0117jimo kampas (Tilt)<\/span><span class=\"tech-specs-items-description__title-details\">-15\u00b0 to 90\u00b0 (auto flip)<\/span><\/li>\n<li class=\"tech-specs-items-description-list\"><span class=\"tech-specs-items-description__title\">Pan greitis<\/span><span class=\"tech-specs-items-description__title-details\">pan speed: configurable from 0.1\u00b0 to 160\u00b0\/s; preset speed: 240\u00b0\/s<\/span><\/li>\n<li class=\"tech-specs-items-description-list\"><span class=\"tech-specs-items-description__title\">Tilt greitis<\/span><span class=\"tech-specs-items-description__title-details\">tilt speed: configurable from 0.1\u00b0 to 120\u00b0\/s, preset speed 200\u00b0\/s<\/span><\/li>\n<li class=\"tech-specs-items-description-list\"><span class=\"tech-specs-items-description__title\">Proporcingas priartinimas<\/span><span class=\"tech-specs-items-description__title-details\">yes<\/span><\/li>\n<li class=\"tech-specs-items-description-list\"><span class=\"tech-specs-items-description__title\">I\u0161saugoti nustatymai<\/span><span class=\"tech-specs-items-description__title-details\">300<\/span><\/li>\n<li class=\"tech-specs-items-description-list\"><span class=\"tech-specs-items-description__title\">Patruliavimas<\/span><span class=\"tech-specs-items-description__title-details\">8 patrols, up to 32 presets for each patrol<\/span><\/li>\n<li class=\"tech-specs-items-description-list\"><span class=\"tech-specs-items-description__title\">I\u0161saugoti r\u0117\u017eimai<\/span><span class=\"tech-specs-items-description__title-details\">4 pattern scans<\/span><\/li>\n<li class=\"tech-specs-items-description-list\"><span class=\"tech-specs-items-description__title\">I\u0161jungimo atmintis<\/span><span class=\"tech-specs-items-description__title-details\">yes<\/span><\/li>\n<li class=\"tech-specs-items-description-list\"><span class=\"tech-specs-items-description__title\">Kameros funkcijos<\/span><span class=\"tech-specs-items-description__title-details\">preset;patrol scan;pattern scan;auto scan;tilt scan;random scan;frame scan;panorama scan<\/span><\/li>\n<li class=\"tech-specs-items-description-list\"><span class=\"tech-specs-items-description__title\">3D pozicija<\/span><span class=\"tech-specs-items-description__title-details\">yes<\/span><\/li>\n<li class=\"tech-specs-items-description-list\"><span class=\"tech-specs-items-description__title\">PTZ b\u016bsenos rodymas<\/span><span class=\"tech-specs-items-description__title-details\">yes<\/span><\/li>\n<li class=\"tech-specs-items-description-list\"><span class=\"tech-specs-items-description__title\">I\u0161saugot\u0173 r\u0117\u017eim\u0173 sustabdymas<\/span><span class=\"tech-specs-items-description__title-details\">yes<\/span><\/li>\n<li class=\"tech-specs-items-description-list\"><span class=\"tech-specs-items-description__title\">U\u017eduo\u010di\u0173 grafikas<\/span><span class=\"tech-specs-items-description__title-details\">preset;auto scan;random scan;frame scan;patrol scan;pattern scan;panorama scan;tilt scan;dome reboot;dome adjust;aux output<\/span><\/li>\n<\/ul>\n<ul class=\"tech-specs-items-description\" data-target=\"Video\">\n<li class=\"tech-specs-items-description-list\"><span class=\"tech-specs-items-description__title--heading\">Vaizdo \u012fra\u0161ai<\/span><\/li>\n<li class=\"tech-specs-items-description-list\"><span class=\"tech-specs-items-description__title\">Maks. rai\u0161ka<\/span><span class=\"tech-specs-items-description__title-details\">2560 \u00d7 1440<\/span><\/li>\n<li class=\"tech-specs-items-description-list\"><span class=\"tech-specs-items-description__title\">Srauto tipai<\/span><span class=\"tech-specs-items-description__title-details\">main stream;sub-stream;third stream<\/span><\/li>\n<li class=\"tech-specs-items-description-list\"><span class=\"tech-specs-items-description__title\">Pagrindinis srautas<\/span>\n<p class=\"mb-p\">50Hz:25fps (2560\u00d71440,1920\u00d71080,1280\u00d7960,1280\u00d7720)<\/p>\n<p class=\"mb-p\">60Hz: 30fps(2560\u00d71440,1920\u00d71080,1280\u00d7960,1280\u00d7720)<\/p>\n<\/li>\n<li class=\"tech-specs-items-description-list\"><span class=\"tech-specs-items-description__title\">Pagalbinis srautas<\/span>\n<p class=\"mb-p\">50Hz: 25fps (704 \u00d7 576, 640 \u00d7 480, 352 \u00d7 288);<\/p>\n<p class=\"mb-p\">60Hz: 30fps (704 \u00d7 480, 640 \u00d7 480, 352 \u00d7 240)<\/p>\n<\/li>\n<li class=\"tech-specs-items-description-list\"><span class=\"tech-specs-items-description__title\">Tretinis srautas<\/span>\n<p class=\"mb-p\">50Hz: 25fps (1920 \u00d7 1080, 1280 \u00d7 960, 1280 \u00d7 720, 704 \u00d7 576, 640 \u00d7 480, 352 \u00d7 288);<\/p>\n<p class=\"mb-p\">60Hz: 30fps (1920 \u00d7 1080, 1280 \u00d7 960, 1280 \u00d7 720, 704 \u00d7 480, 640 \u00d7 480, 352 \u00d7 240)<\/p>\n<\/li>\n<li class=\"tech-specs-items-description-list\"><span class=\"tech-specs-items-description__title\">Vaizdo suspaudimas<\/span><span class=\"tech-specs-items-description__title-details\">H.265;H.264;MJPEG<\/span><\/li>\n<li class=\"tech-specs-items-description-list\"><span class=\"tech-specs-items-description__title\">Vaizdo bit\u0173 greitis<\/span><span class=\"tech-specs-items-description__title-details\">32 kbps to 16384 kbps<\/span><\/li>\n<li class=\"tech-specs-items-description-list\"><span class=\"tech-specs-items-description__title\">H.264 tipas<\/span><span class=\"tech-specs-items-description__title-details\">;;;baseline profile;main profile;high profile<\/span><\/li>\n<li class=\"tech-specs-items-description-list\"><span class=\"tech-specs-items-description__title\">H.265 tipas<\/span><span class=\"tech-specs-items-description__title-details\">;main profile<\/span><\/li>\n<li class=\"tech-specs-items-description-list\"><span class=\"tech-specs-items-description__title\">H.264+<\/span><span class=\"tech-specs-items-description__title-details\">yes<\/span><\/li>\n<li class=\"tech-specs-items-description-list\"><span class=\"tech-specs-items-description__title\">H.265+<\/span><span class=\"tech-specs-items-description__title-details\">yes<\/span><\/li>\n<li class=\"tech-specs-items-description-list\"><span class=\"tech-specs-items-description__title\">SVC<\/span><span class=\"tech-specs-items-description__title-details\">yes<\/span><\/li>\n<li class=\"tech-specs-items-description-list\"><span class=\"tech-specs-items-description__title\">ROI<\/span><span class=\"tech-specs-items-description__title-details\">;dynamic face tracking;;fixed region;main stream, sub-stream and third stream respectively support eight fixed areas<\/span><\/li>\n<\/ul>\n<ul class=\"tech-specs-items-description\" data-target=\"Audio\">\n<li class=\"tech-specs-items-description-list\"><span class=\"tech-specs-items-description__title--heading\">Garsas<\/span><\/li>\n<li class=\"tech-specs-items-description-list\"><span class=\"tech-specs-items-description__title\">Garso suspaudimas<\/span><span class=\"tech-specs-items-description__title-details\">G.711alaw;G.711ulaw;G.722.1;G.726;MP2L2;PCM<\/span><\/li>\n<li class=\"tech-specs-items-description-list\"><span class=\"tech-specs-items-description__title\">Garso bit\u0173 greitis<\/span><span class=\"tech-specs-items-description__title-details\">MP2L2: 32 kbps, 40 kbps, 48 kbps, 56 kbps, 64 kbps, 80 kbps, 96 kbps, 112 kbps, 128 kbps, 144 kbps, 160 kbps;192kbps<\/span><\/li>\n<li class=\"tech-specs-items-description-list\"><span class=\"tech-specs-items-description__title\">Garso m\u0117gini\u0173 \u0117mimo da\u017enis<\/span><span class=\"tech-specs-items-description__title-details\">MP2L2: 16 kHz, 32 kHz, 48 kHz, PCM: 8 kHz, 16 kHz, 32 kHz, 48 kHz<\/span><\/li>\n<li class=\"tech-specs-items-description-list\"><span class=\"tech-specs-items-description__title\">Aplinkos triuk\u0161mo filtravimas<\/span><span class=\"tech-specs-items-description__title-details\">yes<\/span><\/li>\n<\/ul>\n<ul class=\"tech-specs-items-description\" data-target=\"Smart Features\">\n<li class=\"tech-specs-items-description-list\"><span class=\"tech-specs-items-description__title--heading\">I\u0161manios funkcijos<\/span><\/li>\n<li class=\"tech-specs-items-description-list\"><span class=\"tech-specs-items-description__title\">Veid\u0173 atpa\u017einimas<\/span><span class=\"tech-specs-items-description__title-details\">yes<\/span><\/li>\n<li class=\"tech-specs-items-description-list\"><span class=\"tech-specs-items-description__title\">Paprasti \u012fvykiai<\/span><span class=\"tech-specs-items-description__title-details\">audio exception;motion detection;alarm input;alarm output;video tampering alarm;exception<\/span><\/li>\n<li class=\"tech-specs-items-description-list\"><span class=\"tech-specs-items-description__title\">I\u0161man\u016bs \u012fvykiai<\/span><span class=\"tech-specs-items-description__title-details\">intrusion detection;line crossing detection;region entrance detection;region exiting detection;unattended baggage detection;object removal detection<\/span><\/li>\n<li class=\"tech-specs-items-description-list\"><span class=\"tech-specs-items-description__title\">I\u0161manus sekimas<\/span><span class=\"tech-specs-items-description__title-details\">manual tracking;event tracking;auto-tracking<\/span><\/li>\n<li class=\"tech-specs-items-description-list\"><span class=\"tech-specs-items-description__title\">I\u0161manus \u012fra\u0161ymas<\/span><span class=\"tech-specs-items-description__title-details\">ANR;Dual-VCA<\/span><\/li>\n<li class=\"tech-specs-items-description-list\"><span class=\"tech-specs-items-description__title\">\u012esp\u0117jam\u016bj\u0173 signal\u0173 sujungimas<\/span><span class=\"tech-specs-items-description__title-details\">smart tracking;preset;patrol scan;pattern scan;memory card video recording;alarm output;sending email;notify surveillance center; upload to FTP<\/span><\/li>\n<\/ul>\n<ul class=\"tech-specs-items-description\" data-target=\"Network\">\n<li class=\"tech-specs-items-description-list\"><span class=\"tech-specs-items-description__title--heading\">Tinklas<\/span><\/li>\n<li class=\"tech-specs-items-description-list\"><span class=\"tech-specs-items-description__title\">Tinklo saugykla<\/span><span class=\"tech-specs-items-description__title-details\">NAS (NFS, SMB\/ CIFS);;ANR<\/span><\/li>\n<li class=\"tech-specs-items-description-list\"><span class=\"tech-specs-items-description__title\">Protokolai<\/span><span class=\"tech-specs-items-description__title-details\">IPv4\/IPv6;HTTP;HTTPS;802.1x;Qos;FTP;SMTP;UPnP;SNMP;DNS;DDNS;NTP;RTSP;RTCP;RTP;TCP\/IP;UDP;IGMP;ICMP;DHCP;PPPoE;Bonjour<\/span><\/li>\n<li class=\"tech-specs-items-description-list\"><span class=\"tech-specs-items-description__title\">API<\/span><span class=\"tech-specs-items-description__title-details\">ISAPI;Hikvision SDK;Hik-Connect;ONVIF (Profile S, Profile G, Profile T);ISUP<\/span><\/li>\n<li class=\"tech-specs-items-description-list\"><span class=\"tech-specs-items-description__title\">Tiesioginis vaizdo \u017ei\u016br\u0117jimas<\/span><span class=\"tech-specs-items-description__title-details\">20<\/span><\/li>\n<li class=\"tech-specs-items-description-list\"><span class=\"tech-specs-items-description__title\">Naudotojas\/Transliuotojas<\/span><span class=\"tech-specs-items-description__title-details\">32<\/span><\/li>\n<li class=\"tech-specs-items-description-list\"><span class=\"tech-specs-items-description__title\">I\u0161manus transliavimas<\/span><span class=\"tech-specs-items-description__title-details\">yes<\/span><\/li>\n<li class=\"tech-specs-items-description-list\"><span class=\"tech-specs-items-description__title\">Apsaugos funkcijos<\/span><span class=\"tech-specs-items-description__title-details\">Authenticated username and password;MAC address binding;HTTPS encryption;802.1X authenticated access;IP address filter<\/span><\/li>\n<li class=\"tech-specs-items-description-list\"><span class=\"tech-specs-items-description__title\">Klientas<\/span><span class=\"tech-specs-items-description__title-details\">iVMS-4200;Hik-Connect<\/span><\/li>\n<li class=\"tech-specs-items-description-list\"><span class=\"tech-specs-items-description__title\">Interneto nar\u0161ykl\u0117s<\/span><span class=\"tech-specs-items-description__title-details\">IE 8 to 11, Chrome 57+, Firefox 52+, Safari 12+<\/span><\/li>\n<\/ul>\n<ul class=\"tech-specs-items-description\" data-target=\"Interface\">\n<li class=\"tech-specs-items-description-list\"><span class=\"tech-specs-items-description__title--heading\">S\u0105saja<\/span><\/li>\n<li class=\"tech-specs-items-description-list\"><span class=\"tech-specs-items-description__title\">Bendravimo s\u0105sajos<\/span><span class=\"tech-specs-items-description__title-details\">RJ45, self-adaptive 10M\/100M Ethernet port<\/span><\/li>\n<li class=\"tech-specs-items-description-list\"><span class=\"tech-specs-items-description__title\">Vidin\u0117 atmintis<\/span><span class=\"tech-specs-items-description__title-details\">support microSD\/microSDHC\/microSDXC cards;up to 256 GB<\/span><\/li>\n<li class=\"tech-specs-items-description-list\"><span class=\"tech-specs-items-description__title\">\u012esp\u0117jam\u016bj\u0173 signal\u0173 \u012fvestis<\/span><span class=\"tech-specs-items-description__title-details\">2 alarm inputs<\/span><\/li>\n<li class=\"tech-specs-items-description-list\"><span class=\"tech-specs-items-description__title\">\u012esp\u0117jam\u016bj\u0173 signal\u0173 i\u0161vestis<\/span><span class=\"tech-specs-items-description__title-details\">1 alarm output<\/span><\/li>\n<li class=\"tech-specs-items-description-list\"><span class=\"tech-specs-items-description__title\">Garso \u012fvestis<\/span><span class=\"tech-specs-items-description__title-details\">1 audio input, 2.0 to 2.4Vp-p, 1k Ohm\u00b110%<\/span><\/li>\n<li class=\"tech-specs-items-description-list\"><span class=\"tech-specs-items-description__title\">Garso i\u0161vestis<\/span><span class=\"tech-specs-items-description__title-details\">1 audio output, line level, impedance: 600 \u03a9<\/span><\/li>\n<\/ul>\n<ul class=\"tech-specs-items-description\" data-target=\"Supplement Light\">\n<li class=\"tech-specs-items-description-list\"><span class=\"tech-specs-items-description__title--heading\">Pagalbin\u0117 \u0161viesa<\/span><\/li>\n<li class=\"tech-specs-items-description-list\"><span class=\"tech-specs-items-description__title\">IR nuotolis<\/span><span class=\"tech-specs-items-description__title-details\">200 m<\/span><\/li>\n<\/ul>\n<ul class=\"tech-specs-items-description\" data-target=\"General\">\n<li class=\"tech-specs-items-description-list\"><span class=\"tech-specs-items-description__title--heading\">Pagrindinis<\/span><\/li>\n<li class=\"tech-specs-items-description-list\"><span class=\"tech-specs-items-description__title\">Galia<\/span><span class=\"tech-specs-items-description__title-details\">24 VAC, Hi-PoE<\/span><\/li>\n<li class=\"tech-specs-items-description-list\"><span class=\"tech-specs-items-description__title\">energijos suvartojimas ir galia<\/span><span class=\"tech-specs-items-description__title-details\">Max. 42 W, including max. 10 W for heater and max. 18 W for supplement light<\/span><\/li>\n<li class=\"tech-specs-items-description-list\"><span class=\"tech-specs-items-description__title\">Veikimo s\u0105lygos<\/span><span class=\"tech-specs-items-description__title-details\">humidity lower than 90%RH ;temperature: -30\u2103 to 65\u2103 (-22\u00b0F to 149\u00b0F)<\/span><\/li>\n<li class=\"tech-specs-items-description-list\"><span class=\"tech-specs-items-description__title\">Atstatymas<\/span><span class=\"tech-specs-items-description__title-details\">yes<\/span><\/li>\n<li class=\"tech-specs-items-description-list\"><span class=\"tech-specs-items-description__title\">R\u016bko pa\u0161alinimas<\/span><span class=\"tech-specs-items-description__title-details\">Demist by heating the glass<\/span><\/li>\n<li class=\"tech-specs-items-description-list\"><span class=\"tech-specs-items-description__title\">Med\u017eiaga<\/span><span class=\"tech-specs-items-description__title-details\">ADC 12, PC, PC+10%GF<\/span><\/li>\n<li class=\"tech-specs-items-description-list\"><span class=\"tech-specs-items-description__title\">Matmenys<\/span><span class=\"tech-specs-items-description__title-details\">\u03a6 220 mm \u00d7 353.4 mm (\u03a6 8.66&#8243; \u00d7 13.91&#8243;)<\/span><\/li>\n<li class=\"tech-specs-items-description-list\"><span class=\"tech-specs-items-description__title\">Svoris<\/span><span class=\"tech-specs-items-description__title-details\">Approx. 5 kg (11.02 lb.)<\/span><\/li>\n<\/ul>\n<ul class=\"tech-specs-items-description\" data-target=\"Approval\">\n<li class=\"tech-specs-items-description-list\"><span class=\"tech-specs-items-description__title--heading\">Patvirtinimai<\/span><\/li>\n<li class=\"tech-specs-items-description-list\"><span class=\"tech-specs-items-description__title\">Apsauga<\/span><span class=\"tech-specs-items-description__title-details\">IP66 Standard, IK10 (excluding glass window) ,6000V Lightning Protection, Surge Protection and Voltage Transient Protection<\/span><\/li>\n<\/ul>\n","protected":false},"excerpt":{"rendered":"<p>Valdoma kamera su 32 optini\u0173 priartinim\u0173 , 4 MPX rai\u0161ka . Kamera palaiko Powered-by-DarkFighter technologija. Naktinis matymas iki 200 metr\u0173.<\/p>\n","protected":false},"featured_media":1484,"comment_status":"closed","ping_status":"closed","template":"","meta":[],"product_brand":[],"product_cat":[254],"product_tag":[255,32,256,257],"class_list":{"0":"post-2673","1":"product","2":"type-product","3":"status-publish","4":"has-post-thumbnail","6":"product_cat-hikvision-valdomos-kameros","7":"product_tag-ds-2de7432iw-ae","8":"product_tag-hikvision","9":"product_tag-hikvision-ds-2de7432iw-ae","10":"product_tag-ptz","12":"first","13":"instock","14":"shipping-taxable","15":"purchasable","16":"product-type-simple"},"jetpack_sharing_enabled":true,"_links":{"self":[{"href":"https:\/\/apsaugos.lt\/index.php?rest_route=\/wp\/v2\/product\/2673","targetHints":{"allow":["GET"]}}],"collection":[{"href":"https:\/\/apsaugos.lt\/index.php?rest_route=\/wp\/v2\/product"}],"about":[{"href":"https:\/\/apsaugos.lt\/index.php?rest_route=\/wp\/v2\/types\/product"}],"replies":[{"embeddable":true,"href":"https:\/\/apsaugos.lt\/index.php?rest_route=%2Fwp%2Fv2%2Fcomments&post=2673"}],"wp:featuredmedia":[{"embeddable":true,"href":"https:\/\/apsaugos.lt\/index.php?rest_route=\/wp\/v2\/media\/1484"}],"wp:attachment":[{"href":"https:\/\/apsaugos.lt\/index.php?rest_route=%2Fwp%2Fv2%2Fmedia&parent=2673"}],"wp:term":[{"taxonomy":"product_brand","embeddable":true,"href":"https:\/\/apsaugos.lt\/index.php?rest_route=%2Fwp%2Fv2%2Fproduct_brand&post=2673"},{"taxonomy":"product_cat","embeddable":true,"href":"https:\/\/apsaugos.lt\/index.php?rest_route=%2Fwp%2Fv2%2Fproduct_cat&post=2673"},{"taxonomy":"product_tag","embeddable":true,"href":"https:\/\/apsaugos.lt\/index.php?rest_route=%2Fwp%2Fv2%2Fproduct_tag&post=2673"}],"curies":[{"name":"wp","href":"https:\/\/api.w.org\/{rel}","templated":true}]}}